{"id":1072,"date":"2025-06-11T21:27:34","date_gmt":"2025-06-11T19:27:34","guid":{"rendered":"https:\/\/zaunreiterin.eu\/?page_id=1072"},"modified":"2025-06-12T14:11:17","modified_gmt":"2025-06-12T12:11:17","slug":"gleichgewicht-2","status":"publish","type":"page","link":"https:\/\/zaunreiterin.eu\/de_de\/gleichgewicht-2\/","title":{"rendered":"Gleichgewicht"},"content":{"rendered":"\n<div class=\"wp-block-columns is-layout-flex wp-container-core-columns-is-layout-28f84493 wp-block-columns-is-layout-flex\">\n<div class=\"wp-block-column is-layout-flow wp-block-column-is-layout-flow\" style=\"flex-basis:25%\"><\/div>\n\n\n\n<div class=\"wp-block-column is-layout-flow wp-block-column-is-layout-flow\" style=\"flex-basis:50%\">\n<p>Mich besch\u00e4ftigt in diesen Tagen eine Diskussion in einer Chatgruppe mit alleingeborenen Mehrlingen &#8211; wenn man so will, eine Gruppe also, die per definitionem mit Ungleichgewicht zu tun hat. Wie so oft in solchen Gruppen von Yoga bis Schamanismus ist die gro\u00dfe Mehrheit des zwei Dutzend K\u00f6pfe umfassenden Publikums weiblich.<\/p>\n\n\n\n<p>Dann kommentiert ein Mann, es w\u00fcrde &#8222;Bl\u00fcmchenenergie&#8220; vorherrschen &#8222;und seltener ein pragmatischer Erfahrungsaustausch&#8220;. Wer mich kennt, wei\u00df, dass ich absolut keine Vertreterin von Bl\u00fcmchen- und Wellness-Schamanismus oder -Leben bin und generell eigentlich sehr pragmatisch. Aber nat\u00fcrlich besteht diese Gruppe nicht nur aus mir.<\/p>\n\n\n\n<p>Nun ist klar, dass M\u00e4nner und Frauen oft sehr unterschiedliche Wahrnehmungen und Kommunikationsstile haben. Unvergessen sind mir bis heute zwei Medizinwanderungen bei psychedelischen Retreats, bei denen wir die Aufgabe hatten, jenseits der Schwelle als das jeweils andere Geschlecht zu gehen. Erst da habe ich verstanden, wie fundamental unterschiedlich die Wahrnehmungen sind. Unvergessen ebenso eine Szene bei einem anderen Retreat, als ein Trupp M\u00e4nner am Tisch unmittelbar vor einer Zeremonienacht &#8211; in der es also ganz wesentlich darum gehen sollte, mit sich selbst und dem eigenen Inneren in Verbindung zu gehen &#8211; anfing, \u00fcber B\u00f6rsenkurse, Finanzprodukte oder \u00c4hnliches zu reden. Und ebenso ist klar, dass die Welt durchaus beide Sichtweisen braucht, Yin und Yang.<\/p>\n\n\n\n<p>Dieser Mann in der Chatgruppe hat dann das Bild einer Schaukel verwendet, mit ihm alleine auf der einen Seite und den ganzen Frauen auf der anderen Seite. Ich habe, auch in meiner Eigenschaft als Co-Admina dieser Chatgruppe, versucht herauszufinden, wo genau er das Problem sieht, versucht, das Ganze aus seiner Perspektive, von seiner Seite der Schaukel zu sehen. Bei manchen Aussagen konnte und kann ich auch aus vollstem Herzen zustimmen, etwa der, dass es not-wendig ist, ins F\u00fchlen zu kommen. Aber irgendwie ist dieser Perspektivenwechsel nicht gelungen &#8211; &#8222;wenig bewegte sich auf meine Seite&#8220;, schrieb er.<\/p>\n\n\n\n<p>In diesem Text hier geht es mir aber gar nicht so sehr um den Inhalt, sondern um das, was sich f\u00fcr mich daraus ergeben hat. Erst einmal f\u00fchrte das Ganze zu einer neuen Erkenntnis im Zusammenhang mit meiner eigenen Zwillingsgeschichte: ich hatte das Gef\u00fchl, ich habe alles mir M\u00f6gliche versucht, um die Verbindung zu meinem Gegen\u00fcber aufrechtzuerhalten, und bin am Ende damit gescheitert &#8211; in der Chatgruppe ebenso wie damals mit dem Zwilling.<\/p>\n\n\n\n<p>Es setzte sich aber noch fort, weil mir, wenn auch versp\u00e4tet, grunds\u00e4tzliche Aspekte auffielen. Nat\u00fcrlich ist meine Sichtweise hier sehr subjektiv und hat vielleicht gar nicht so viel mit dem zu tun, was er eigentlich meinte. Jedenfalls schrieb er weiter, die L\u00f6sung sei, &#8222;das Meistgewohnte um 180 Grad [zu] drehen&#8220; (Orthographie des Zitats angepasst), der anderen Seite der Schaukel mehr Gewicht zu geben, das Anderssein anzunehmen und die Gleichmacherei zu lassen. Und dieses Angebot einer neuen Perspektive geschehe &#8211; das ist jetzt meine Formulierung &#8211; aus seiner besten Absicht f\u00fcr uns andere.<\/p>\n\n\n\n<p>Irgendwie bin ich da gestolpert, aber es hat eine Weile gedauert, bis ich wenigstens ansatzweise zu fassen bekam, was mich da stolpern lie\u00df und dann eben zu grunds\u00e4tzlichen Fragen f\u00fchrte.<\/p>\n\n\n\n<p>Wir haben also ein Ungleichgewicht auf der Schaukel. Die Seiten der Schaukel sind von jeweils einem Aspekt einer Dualit\u00e4t besetzt. Die Minderheitsseite sagt: kommt zu mir her\u00fcber, werdet wie ich. Klingt erstmal logisch, immerhin kann die Schaukel dann wieder schaukeln (jedenfalls dann, wenn das Ganze sich dann einigerma\u00dfen gleich verteilt), und Schaukeln macht Spa\u00df, ist lebendig, dynamisch. Aber was hei\u00dft das, wenn ich die Seiten wechsele? Ich gebe das auf, was ich bin, um so zu werden, wie jemand anders ist. Kann ich also wirklich von einem Aspekt der Dualit\u00e4t in den anderen wechseln?<\/p>\n\n\n\n<p>Minderheiten sind auch so eine Sache, oder der Ausgleich von Ungerechtigkeiten. Seit Jahrzehnten, wenn nicht Jahrhunderten wird gestritten, wie Ungerechtigkeiten ausgeglichen werden k\u00f6nnen. Brauchen die Minderheit oder der bisher benachteiligte Anteil einen besonderen Schutz, etwa im Sinne einer Quotenregelung (mindestens x Personen auf einer Seite der Schaukel &#8230;)? Oder bringt das wieder eine andere Art von Ungerechtigkeit mit sich? Oder muss die Minderheit sich integrieren und anpassen, damit sie dann keine Minderheit mehr ist? Oder sagen wir einfach, es sind ja alle Freiheiten da, das mit der Ungerechtigkeit wird sich schon irgendwann ausmitteln?<\/p>\n\n\n\n<p>Seitenwechsel: ich gebe das auf, was ich bin, um so zu werden, wie jemand anders ist. Oder eigentlich, genauer: wie jemand anders mich haben will, und zwar aus der allerbesten Absicht f\u00fcr mich. Das impliziert, dass der andere wei\u00df, was gut f\u00fcr mich ist, ich hingegen in meinen Annahmen dar\u00fcber, was gut f\u00fcr mich ist, einem Irrtum unterliege. Andernfalls w\u00fcrde ich ja nicht auf der falschen Seite der Schaukel sitzen. Und wenn ich es nicht schaffe, auf die richtige Seite zu wechseln, dann kommt der Klassiker: das Gef\u00fchl, versagt zu haben, nicht gut genug zu sein (da jedenfalls bin ich dann gelandet).<\/p>\n\n\n\n<p>Die Minderheitsseite sagt: komm zu mir her\u00fcber. Was ist, wenn das nicht passiert? Die Minderheit sitzt immer noch alleine auf ihrer Seite der Schaukel und f\u00fchlt sich nicht gesehen, wom\u00f6glich gar verlassen oder zur\u00fcckgewiesen, weil die andere Seite der Einladung nicht gefolgt ist, die ja aus der Perspektive der Minderheitsseite gro\u00dfz\u00fcgig, offen, gutherzig gemeint war. F\u00fchlt sich irgendwie auch nicht gut an.<\/p>\n\n\n\n<p>Wenn ich mir das genau \u00fcberlege (und tats\u00e4chlich musste ich diesen Text bis hierhin schreiben, um darauf zu kommen &#8230;), dann geht es unterschwellig um Mangel. Darum, dass wir gehalten sind, uns irgendwo anders hinzubewegen, weil dort etwas fehlt, wir also dort etwas vervollst\u00e4ndigen sollen; oder, weil uns selbst etwas fehlt und wir dort an diesem anderen Platz vollst\u00e4ndiger sind als hier.<\/p>\n\n\n\n<p>Aber vielleicht ist gerade das die falsche Perspektive? Wenn jede Seite tats\u00e4chlich in ihrer F\u00fclle ist &#8211; hier bin ich, in all meiner Kraft, Pr\u00e4senz, Liebe, in all meinen weiblichen wie m\u00e4nnlichen Anteilen -, dann mag es schon sein, dass in diesem Moment vielleicht gerade kein Schaukeln m\u00f6glich ist, weil hier mehr sitzen als dort. Es mag aber in einem anderen Moment genau umgekehrt sein, und dort sitzen mehr als hier. Und es mag Momente geben, in denen wir wirklich schaukeln, in schwebender Dynamik ein Gleichgewicht finden.<\/p>\n\n\n\n<p>Das wiederum erinnert mich an die Meditation zum Energiek\u00f6rper anfangs jeder Zeremonie: eine Achse zwischen Himmel und Erde, Geist und Materie; eine Achse zwischen links und rechts, weiblich und m\u00e4nnlich, Intuition und Ratio; eine Achse zwischen vorne und hinten, Vergangenheit und Zukunft. Auf jeder dieser Achsen tarieren wir in jedem einzelnen Moment ein Gleichgewicht aus, das nicht statisch ist, sondern dynamisch, angepasst an die jeweilige Situation. Und damit hat dann jeder Zustand auch seine Berechtigung.<\/p>\n\n\n\n<p>In diesem Sinne: lasst uns unsere Bl\u00fcmchenenergie feiern! Ein andermal k\u00fcmmern wir uns dann auch gerne um die B\u00f6rsenkurse.<\/p>\n\n\n\n<p>(Sommer 2025) <\/p>\n<\/div>\n\n\n\n<div class=\"wp-block-column is-layout-flow wp-block-column-is-layout-flow\" style=\"flex-basis:25%\"><\/div>\n<\/div>\n\n\n\n<p><\/p>\n","protected":false},"excerpt":{"rendered":"<p>Mich besch\u00e4ftigt in diesen Tagen eine Diskussion in einer Chatgruppe mit alleingeborenen Mehrlingen &#8211; wenn man so will, eine Gruppe also, die per definitionem mit Ungleichgewicht zu tun hat. Wie so oft in solchen Gruppen von Yoga bis Schamanismus ist die gro\u00dfe Mehrheit des zwei Dutzend K\u00f6pfe umfassenden Publikums weiblich. Dann kommentiert ein Mann, es [&hellip;]<\/p>\n","protected":false},"author":1,"featured_media":1077,"parent":0,"menu_order":0,"comment_status":"closed","ping_status":"closed","template":"","meta":{"footnotes":""},"class_list":["post-1072","page","type-page","status-publish","has-post-thumbnail","hentry"],"_links":{"self":[{"href":"https:\/\/zaunreiterin.eu\/de_de\/wp-json\/wp\/v2\/pages\/1072","targetHints":{"allow":["GET"]}}],"collection":[{"href":"https:\/\/zaunreiterin.eu\/de_de\/wp-json\/wp\/v2\/pages"}],"about":[{"href":"https:\/\/zaunreiterin.eu\/de_de\/wp-json\/wp\/v2\/types\/page"}],"author":[{"embeddable":true,"href":"https:\/\/zaunreiterin.eu\/de_de\/wp-json\/wp\/v2\/users\/1"}],"replies":[{"embeddable":true,"href":"https:\/\/zaunreiterin.eu\/de_de\/wp-json\/wp\/v2\/comments?post=1072"}],"version-history":[{"count":12,"href":"https:\/\/zaunreiterin.eu\/de_de\/wp-json\/wp\/v2\/pages\/1072\/revisions"}],"predecessor-version":[{"id":1093,"href":"https:\/\/zaunreiterin.eu\/de_de\/wp-json\/wp\/v2\/pages\/1072\/revisions\/1093"}],"wp:featuredmedia":[{"embeddable":true,"href":"https:\/\/zaunreiterin.eu\/de_de\/wp-json\/wp\/v2\/media\/1077"}],"wp:attachment":[{"href":"https:\/\/zaunreiterin.eu\/de_de\/wp-json\/wp\/v2\/media?parent=1072"}],"curies":[{"name":"wp","href":"https:\/\/api.w.org\/{rel}","templated":true}]}}