{"id":12,"date":"2025-05-02T19:08:18","date_gmt":"2025-05-02T19:08:18","guid":{"rendered":"https:\/\/zaunreiterin.eu\/colibri-wp\/"},"modified":"2026-02-25T12:15:57","modified_gmt":"2026-02-25T10:15:57","slug":"colibri-wp","status":"publish","type":"page","link":"https:\/\/zaunreiterin.eu\/de_de\/","title":{"rendered":"Zaunreiterin"},"content":{"rendered":"<h3 class=\"wp-block-heading has-text-align-center\" id=\"willkommen\">Willkommen!<\/h3>\n\n\n\n<div class=\"wp-block-columns are-vertically-aligned-center is-layout-flex wp-container-core-columns-is-layout-28f84493 wp-block-columns-is-layout-flex\">\n<div class=\"wp-block-column is-layout-flow wp-block-column-is-layout-flow\" style=\"flex-basis:25%\"><\/div>\n\n\n\n<div class=\"wp-block-column is-layout-flow wp-block-column-is-layout-flow\" style=\"flex-basis:50%\">\n<p>&#8222;Zaunreiterin&#8220; ist eine m\u00f6gliche Bedeutung des althochdeutschen Wortes hagazussa, aus dem sp\u00e4ter das Wort Hexe wurde. Die Zaunreiterin ist die Grenzg\u00e4ngerin zwischen den Welten: zwischen Zivilisation und Wildnis, Bekanntem und Unbekanntem, Drinnen und Drau\u00dfen, Dies- und Anderswelt. Eigentlich aber steht sie in beiden Welten gleichzeitig, mit einem Bein auf dieser, mit einem auf der anderen Seite des Zauns.<\/p>\n\n\n\n<p>Das gilt auch f\u00fcr die &#8222;schamanisch T\u00e4tigen&#8220;: Einerseits ist da der vertraute Umgang mit den geistigen Welten und deren Bewohnern; die Grund\u00fcberzeugung, dass diese geistigen Welten mindestens ebenso real sind wie die materielle, allgemein sichtbare Welt, und dass man in diesen Welten handeln und auch Dinge bewirken kann, die dann wiederum R\u00fcckwirkungen auf den materiellen Teil der Welt haben. Andererseits ist da die Verankerung im Weltlichen, im Alltag. Letzteres tr\u00e4gt auch zu jener Erdung bei, ohne die schamanisches Arbeiten im Grunde nicht m\u00f6glich ist. Wer keine Wurzeln hat, kann nicht wachsen, sondern l\u00e4uft Gefahr, abzuheben und die Bodenhaftung zu verlieren.<\/p>\n\n\n\n<p><small>&#8222;Einige von uns wollen loslassen und die Kraft erwecken, die in uns vergraben liegt. Um dies zu tun, m\u00fcssen wir auf der Schneide leben, zwischen den Linien, irgendwo zwischen Materie und Geist, m\u00e4nnlich und weiblich, Dunkelheit und Licht, F\u00fchrer und Anh\u00e4nger, Stille und Bewegung. Wir wagen uns wie Seilt\u00e4nzer \u00fcber den Abgrund des Unbekannten.&#8220;<br>(Gabrielle Roth: Totem. Gelebter Schamanismus, M\u00fcnchen 2000, S. 19)<\/small><\/p>\n\n\n\n<p>Und so sehe auch ich mich als Seilt\u00e4nzerin &#8211; oder eben als Zaunreiterin.<\/p>\n\n\n\n<p>Ich m\u00f6chte die Gedanken und Erfahrungen weitergeben, die aus meiner eigenen Auseinandersetzung mit dem Schamanismus &#8211; als Historikerin und Wissenschaftlerin einerseits, als schamanisch T\u00e4tige andererseits &#8211; entstanden sind. Ich pr\u00e4sentiere damit keine allgemeing\u00fcltige oder gar ausschlie\u00dfliche Wahrheit, sondern meine eigene, pers\u00f6nlich gef\u00e4rbte und fragmentarische Sicht, die auch immer noch einem steten Wandel unterworfen ist. Kenneth Meadows, mein erster schamanischer Lehrer, hat bei einem Basisseminar Anfang der 1990er Jahre Schamanismus so definiert: &#8222;It works.&#8220; Oder, in der Langfassung: &#8222;Shamanism is what works for you, at that moment, towards love and harmony.&#8220; Jeder, der schamanisch unterwegs ist, entwickelt im Laufe der Zeit seine ganz eigene, pers\u00f6nliche Arbeits- und Herangehensweise, gef\u00fchrt von den geistigen Welten und nicht von irgendwelchen festgelegten Rezepten. Und schamanisches Arbeiten setzt immer eine Haltung, eine klare Absicht voraus, die auf Heilung und Ganzheit ausgerichtet ist.<\/p>\n\n\n\n<p>Schamanismus ist Weltsicht, Lebensweise, Technik, Werkzeug, Weg zur Ganzheit. Schamanismus ist erdig und anarchisch. Schamanismus ist keine Licht-und-Liebe-Esoterik, kein Gurutum. Schamanismus ist keine Theorie, sondern lebendig, wird erfahren, erlebt, tats\u00e4chlich ge-lebt. Schamanische Elemente finden sich zwar in vielen Religionen, sogar im Christentum; Schamanismus selbst ist aber keine Religion, es sei denn im w\u00f6rtlichen Sinn einer re-ligio, der R\u00fcckbindung an jene Kr\u00e4fte und Energien, die uns umgeben und in uns sind.<\/p>\n\n\n\n<p>Unsere Welt hat eine solche R\u00fcckbindung, eine solche neue &#8211; und gleichzeitig uralte &#8211; Sichtweise dringend n\u00f6tig. Den Schamanismus in die Welt zu tragen, dazu m\u00f6chte ich meinen kleinen Anteil leisten.<\/p>\n\n\n<h4 class=\"wp-block-heading\" id=\"aktuelle-termine\">Aktuelle Termine<\/h4>\n\n\n\n<p><strong><a href=\"https:\/\/zaunreiterin.eu\/psychedelische-integration-redekreis\/\" data-type=\"page\" data-id=\"900\">Psychedelischer Integrationszirkel<\/a>:<\/strong> Montag, 23. M\u00e4rz 2026, online<br><strong><a href=\"https:\/\/zaunreiterin.eu\/schamanischer-trommelabend\/\" data-type=\"page\" data-id=\"153\">Trommelabend<\/a><\/strong>: Montag, 16. M\u00e4rz 2026, in Schwabing-West<br>Weitere Termine f\u00fcr 2025 und 2026 <a href=\"https:\/\/zaunreiterin.eu\/termine\/\" data-type=\"page\" data-id=\"154\">hier<\/a>.<\/p>\n<\/div>\n\n\n\n<div class=\"wp-block-column is-layout-flow wp-block-column-is-layout-flow\" style=\"flex-basis:25%\">\n<figure class=\"wp-block-image size-large\"><img loading=\"lazy\" decoding=\"async\" width=\"682\" height=\"1024\" src=\"https:\/\/zaunreiterin.eu\/wp-content\/uploads\/2025\/05\/portrait2-682x1024.jpg\" alt=\"\" class=\"wp-image-215\" srcset=\"https:\/\/zaunreiterin.eu\/wp-content\/uploads\/2025\/05\/portrait2-682x1024.jpg 682w, https:\/\/zaunreiterin.eu\/wp-content\/uploads\/2025\/05\/portrait2-200x300.jpg 200w, https:\/\/zaunreiterin.eu\/wp-content\/uploads\/2025\/05\/portrait2-768x1152.jpg 768w, https:\/\/zaunreiterin.eu\/wp-content\/uploads\/2025\/05\/portrait2-1024x1536.jpg 1024w, https:\/\/zaunreiterin.eu\/wp-content\/uploads\/2025\/05\/portrait2.jpg 1333w\" sizes=\"auto, (max-width: 682px) 100vw, 682px\" \/><\/figure>\n<\/div>\n<\/div>\n","protected":false},"excerpt":{"rendered":"<p>Willkommen! &#8222;Zaunreiterin&#8220; ist eine m\u00f6gliche Bedeutung des althochdeutschen Wortes hagazussa, aus dem sp\u00e4ter das Wort Hexe wurde. Die Zaunreiterin ist die Grenzg\u00e4ngerin zwischen den Welten: zwischen Zivilisation und Wildnis, Bekanntem und Unbekanntem, Drinnen und Drau\u00dfen, Dies- und Anderswelt. Eigentlich aber steht sie in beiden Welten gleichzeitig, mit einem Bein auf dieser, mit einem auf der [&hellip;]<\/p>\n","protected":false},"author":1,"featured_media":118,"parent":0,"menu_order":0,"comment_status":"closed","ping_status":"closed","template":"","meta":{"footnotes":""},"class_list":["post-12","page","type-page","status-publish","has-post-thumbnail","hentry"],"_links":{"self":[{"href":"https:\/\/zaunreiterin.eu\/de_de\/wp-json\/wp\/v2\/pages\/12","targetHints":{"allow":["GET"]}}],"collection":[{"href":"https:\/\/zaunreiterin.eu\/de_de\/wp-json\/wp\/v2\/pages"}],"about":[{"href":"https:\/\/zaunreiterin.eu\/de_de\/wp-json\/wp\/v2\/types\/page"}],"author":[{"embeddable":true,"href":"https:\/\/zaunreiterin.eu\/de_de\/wp-json\/wp\/v2\/users\/1"}],"replies":[{"embeddable":true,"href":"https:\/\/zaunreiterin.eu\/de_de\/wp-json\/wp\/v2\/comments?post=12"}],"version-history":[{"count":37,"href":"https:\/\/zaunreiterin.eu\/de_de\/wp-json\/wp\/v2\/pages\/12\/revisions"}],"predecessor-version":[{"id":1272,"href":"https:\/\/zaunreiterin.eu\/de_de\/wp-json\/wp\/v2\/pages\/12\/revisions\/1272"}],"wp:featuredmedia":[{"embeddable":true,"href":"https:\/\/zaunreiterin.eu\/de_de\/wp-json\/wp\/v2\/media\/118"}],"wp:attachment":[{"href":"https:\/\/zaunreiterin.eu\/de_de\/wp-json\/wp\/v2\/media?parent=12"}],"curies":[{"name":"wp","href":"https:\/\/api.w.org\/{rel}","templated":true}]}}