{"id":1266,"date":"2026-02-25T12:11:32","date_gmt":"2026-02-25T10:11:32","guid":{"rendered":"https:\/\/zaunreiterin.eu\/?page_id=1266"},"modified":"2026-02-25T12:32:57","modified_gmt":"2026-02-25T10:32:57","slug":"institut-fuer-substanzunterstuetzte-therapie","status":"publish","type":"page","link":"https:\/\/zaunreiterin.eu\/de_de\/institut-fuer-substanzunterstuetzte-therapie\/","title":{"rendered":"Institut f\u00fcr Substanzunterst\u00fctzte Therapie"},"content":{"rendered":"\n<div class=\"wp-block-columns is-layout-flex wp-container-core-columns-is-layout-28f84493 wp-block-columns-is-layout-flex\">\n<div class=\"wp-block-column is-layout-flow wp-block-column-is-layout-flow\" style=\"flex-basis:25%\"><\/div>\n\n\n\n<div class=\"wp-block-column is-layout-flow wp-block-column-is-layout-flow\" style=\"flex-basis:50%\">\n<p>Es gibt gro\u00dfe Neuigkeiten, die zu teilen ich mich sehr freue: das <a href=\"https:\/\/zaunreiterin.eu\/institut-fuer-substanzunterstuetzte-therapie\/\" data-type=\"page\" data-id=\"1266\">Institut f\u00fcr Substanzunterst\u00fctzte Therapie e.V.<\/a> gibt es zwar eigentlich schon seit zwanzig Jahren, aber von nun an steht es auf ganz neuen organisatorischen F\u00fc\u00dfen.<\/p>\n\n\n\n<p>Psychedelische Substanzen werden in schamanischem Kontext schon lange verwendet, und das nicht nur in S\u00fcdamerika. Das immense therapeutische Potenzial wurde ab den 1940er Jahren schlie\u00dflich auch den Vertretern der westlichen Forschung bewusst &#8211; bis das Verbot von &#8222;Bet\u00e4ubungsmitteln&#8220; sowohl die therapeutische Praxis als auch die Wissenschaft abrupt ausgebremst hat. Und das, obwohl die Substanzen, um die es hier geht, so ziemlich das glatte Gegenteil von Bet\u00e4ubungs-Mitteln sind. Die Forschung l\u00e4uft seit einigen Jahren wieder an, und quasi druckfrisch ist seit dem Sommer 2025 ausgew\u00e4hlten Institutionen der &#8222;compassionate use&#8220; von Psilocybin offiziell erlaubt.<\/p>\n\n\n\n<p>Aber was bringt das mit sich? Ist das Setting, das sich vor allem im klinischen Kontext aus den wissenschaftlichen Studien entwickelt hat, das einzig denkbare? Bezeichnend, dass bei der Vorstellung der EPIsoDE-Studie im September 2024 in Mannheim die beteiligten Therapeuten auf die Frage, in welche Richtung sie ihre eigenen Fertigkeiten in Zukunft ausbauen wollen, durch die Bank gesagt haben: Bodywork. K\u00f6rperarbeit.<\/p>\n\n\n\n<p>Wenn verschiedene Settings denkbar sind, dann braucht es vielleicht auch unterschiedliche Arten von Ausbildung daf\u00fcr. Das wird insbesondere dann der Fall sein, wenn in der Zukunft die derzeit g\u00fcltigen rechtlichen Bestimmungen wieder gelockert werden. Das IST hat es sich zum Ziel gesetzt, Therapieverfahren zu entwickeln und Therapeuten auszubilden.<\/p>\n\n\n\n<p>Und auch wenn die wissenschaftliche Forschung inzwischen wieder intensiv betrieben wird, fehlt doch bisher \u00fcber weite Strecken der intensive fachliche Austausch zwischen den Praktikern auf diesem Gebiet. Was braucht es, um wirklich gute substanzunterst\u00fctzte Therapien durchzuf\u00fchren?<\/p>\n\n\n\n<p>Das IST will eben diesen fachlichen Austausch erm\u00f6glichen, mit klarem Schwerpunkt auf der Praxis der therapeutischen T\u00e4tigkeit. Eine erste Fachtagung am 9. und 10. Mai 2026 im Allg\u00e4u soll daf\u00fcr ein Forum bieten: <a href=\"https:\/\/substanzunterstuetzte-therapie.org\/events\/therapist-or-sitter-a-conference-on-the-role-of-support-in-substance-assisted-therapy\/\" data-type=\"link\" data-id=\"https:\/\/substanzunterstuetzte-therapie.org\/events\/therapist-or-sitter-a-conference-on-the-role-of-support-in-substance-assisted-therapy\/\">Therapist or Sitter \u2014 A conference on the role of support in Substance-Assisted Therapy<\/a>. Die Tagung wird auf Englisch stattfinden und sich nicht zuletzt mit der Rolle der K\u00f6rperarbeit in der psychedelischen Therapie befassen.<\/p>\n\n\n\n<p>Ein weiterer relevanter Aspekt ist die Musik. Ich habe mich deshalb entschieden, die <a href=\"https:\/\/zaunreiterin.eu\/musik-fuer-substanzunterstuetzte-therapie\/\" data-type=\"page\" data-id=\"1140\">Playlists<\/a> des IST hier zu verlinken. Die im Aufbau befindliche praxisorientierte Bibliographie des Instituts wird demn\u00e4chst folgen.<\/p>\n<\/div>\n\n\n\n<div class=\"wp-block-column is-layout-flow wp-block-column-is-layout-flow\" style=\"flex-basis:25%\"><\/div>\n<\/div>\n","protected":false},"excerpt":{"rendered":"<p>Es gibt gro\u00dfe Neuigkeiten, die zu teilen ich mich sehr freue: das Institut f\u00fcr Substanzunterst\u00fctzte Therapie e.V. gibt es zwar eigentlich schon seit zwanzig Jahren, aber von nun an steht es auf ganz neuen organisatorischen F\u00fc\u00dfen. Psychedelische Substanzen werden in schamanischem Kontext schon lange verwendet, und das nicht nur in S\u00fcdamerika. Das immense therapeutische Potenzial [&hellip;]<\/p>\n","protected":false},"author":1,"featured_media":1265,"parent":0,"menu_order":0,"comment_status":"closed","ping_status":"closed","template":"","meta":{"footnotes":""},"class_list":["post-1266","page","type-page","status-publish","has-post-thumbnail","hentry"],"_links":{"self":[{"href":"https:\/\/zaunreiterin.eu\/de_de\/wp-json\/wp\/v2\/pages\/1266","targetHints":{"allow":["GET"]}}],"collection":[{"href":"https:\/\/zaunreiterin.eu\/de_de\/wp-json\/wp\/v2\/pages"}],"about":[{"href":"https:\/\/zaunreiterin.eu\/de_de\/wp-json\/wp\/v2\/types\/page"}],"author":[{"embeddable":true,"href":"https:\/\/zaunreiterin.eu\/de_de\/wp-json\/wp\/v2\/users\/1"}],"replies":[{"embeddable":true,"href":"https:\/\/zaunreiterin.eu\/de_de\/wp-json\/wp\/v2\/comments?post=1266"}],"version-history":[{"count":7,"href":"https:\/\/zaunreiterin.eu\/de_de\/wp-json\/wp\/v2\/pages\/1266\/revisions"}],"predecessor-version":[{"id":1284,"href":"https:\/\/zaunreiterin.eu\/de_de\/wp-json\/wp\/v2\/pages\/1266\/revisions\/1284"}],"wp:featuredmedia":[{"embeddable":true,"href":"https:\/\/zaunreiterin.eu\/de_de\/wp-json\/wp\/v2\/media\/1265"}],"wp:attachment":[{"href":"https:\/\/zaunreiterin.eu\/de_de\/wp-json\/wp\/v2\/media?parent=1266"}],"curies":[{"name":"wp","href":"https:\/\/api.w.org\/{rel}","templated":true}]}}