{"id":153,"date":"2025-05-04T10:10:42","date_gmt":"2025-05-04T10:10:42","guid":{"rendered":"https:\/\/zaunreiterin.eu\/?page_id=153"},"modified":"2026-02-25T12:16:39","modified_gmt":"2026-02-25T10:16:39","slug":"schamanischer-trommelabend","status":"publish","type":"page","link":"https:\/\/zaunreiterin.eu\/de_de\/schamanischer-trommelabend\/","title":{"rendered":"Schamanischer Trommelabend"},"content":{"rendered":"\n<div class=\"wp-block-columns is-layout-flex wp-container-core-columns-is-layout-28f84493 wp-block-columns-is-layout-flex\">\n<div class=\"wp-block-column is-layout-flow wp-block-column-is-layout-flow\" style=\"flex-basis:25%\"><\/div>\n\n\n\n<div class=\"wp-block-column is-layout-flow wp-block-column-is-layout-flow\" style=\"flex-basis:50%\">\n<p>Trommelabend &#8211; das klingt nach Musik machen. Ja, wir trommeln, aber wir machen weder Musik noch Krach, sondern wir &#8222;reisen&#8220;. Und wir reisen zwar, aber wir bewegen uns physisch nicht von der Stelle.<\/p>\n\n\n\n<p>\u00dcberall auf der Welt reisen Schamanen mit ihren Trommeln in die &#8222;Anderswelt&#8220;, um Antworten auf Fragen zu finden. Doch Schamanismus gibt es nicht nur bei den Naturv\u00f6lkern, sondern auch in der Stadt, auch in M\u00fcnchen. Und es sind nicht nur Schamanen, die die Anderswelt betreten k\u00f6nnen. Die grunds\u00e4tzliche F\u00e4higkeit dazu ist jedem von uns angeboren, und sie er\u00f6ffnet uns einen neuen Zugang zu uns selbst.<\/p>\n\n\n\n<p>Ich begleite Dich dabei, diesen Zugang zu finden.<\/p>\n\n\n\n<p>Gemeinsam sitzen wir im Kreis, z\u00fcnden Kerzen an, bitten die geistigen Welten um Schutz, Hilfe und Unterst\u00fctzung. Der rituelle Rahmen schafft einen Raum f\u00fcr Dich, f\u00fcr Deine Anliegen, f\u00fcr Deine Erforschung der Anderswelt. Der Klang meiner Trommel begleitet Dich, meine Worte f\u00fchren Dich auf Deinem Weg. In der Anderswelt lernst Du Deine Verb\u00fcndeten kennen und findest weitere Orte, an denen Du Kraft tanken oder Antworten auf Fragen bekommen kannst.<\/p>\n\n\n\n<p>Wenn Du schon Erfahrungen in der Anderswelt gesammelt hast und reisen kannst, reisen wir gemeinsam zu Themen, die ich vorschlage oder die Du mitbringst. Wenn Du eine Trommel hast, bist Du herzlich eingeladen, diese mitzubringen; der Fokus liegt zwar auf dem Reisen, aber in der letzten Zeit haben wir \u00f6fters den Abend und den Kreis ein- und ausgetrommelt.<\/p>\n\n\n\n<p>Eine Rederunde bildet den Abschluss des Abends.<\/p>\n\n\n\n<p><strong>Ort:<\/strong> M\u00fcnchen, Schwabing-West, Elisabeth-Kohn-Stra\u00dfe 29, EG (Haus Olymp)<\/p>\n\n\n\n<p><strong>Termine, ab 2026 montags, 19.30 bis etwa 21.30 Uhr (achtmal im Jahr, ca. alle sechs Wochen):<\/strong><\/p>\n\n\n\n<p>16. M\u00e4rz 2026<br>27. April 2026<br>15. Juni 2026<br>3. August 2026<br>21. September 2026<br>26. Oktober 2026<br>7. Dezember 2026 (ge\u00e4ndertes Datum!)<\/p>\n\n\n\n<p>Die Abende k\u00f6nnen jeweils einzeln besucht werden. Eine Einladung per Mailingliste erfolgt jeweils ein bis zwei Wochen vorher; wer noch nicht in der Liste ist und sich daf\u00fcr interessiert, darf mir gerne Bescheid sagen.<\/p>\n\n\n\n<p>Die H\u00e4lfte des Erl\u00f6ses nach Abzug der Raumkosten kommt als Spende dem gemeinn\u00fctzigen <a href=\"https:\/\/substanzunterstuetzte-therapie.org\/\" data-type=\"link\" data-id=\"https:\/\/substanzunterstuetzte-therapie.org\/\">Institut f\u00fcr Substanzunterst\u00fctzte Therapie e.V.<\/a> zugute.<\/p>\n\n\n\n<p><strong>Kosten:<\/strong> 25 EUR \/ Abend<br><strong>Mitbringen:<\/strong> Matte, bei Bedarf Sitzkissen oder\/und Decke; Rahmentrommel, wer hat und mag<\/p>\n\n\n\n<p><strong>Leitung:<\/strong> Sabine Schleichert<br>Anmeldung via <a href=\"mailto:sabine@ggrs.com\">Mail<\/a> oder Telefon\/SMS\/WhatsApp\/Signal\/Threema: 0176-45503994<\/p>\n\n\n\n<p>Direkte Anmeldung via PayPal:<\/p>\n<\/div>\n\n\n\n<div class=\"wp-block-column is-layout-flow wp-block-column-is-layout-flow\" style=\"flex-basis:25%\"><\/div>\n<\/div>\n\n\n\n<div class=\"wp-block-columns is-layout-flex wp-container-core-columns-is-layout-28f84493 wp-block-columns-is-layout-flex\">\n<div class=\"wp-block-column is-layout-flow wp-block-column-is-layout-flow\" style=\"flex-basis:25%\"><\/div>\n\n\n\n<div class=\"wp-block-column is-layout-flow wp-block-column-is-layout-flow\" style=\"flex-basis:50%\"><div class='wpecpp-container wpecpp-align-left'><form class='wpecpp-form wpecpp-form-disabled' id='rc4427340c46664efc925c62c453b2261' action='#' method='post'>    \r\n    <!-- PayPal SDK Loader with DOM check -->\r\n    <script>\r\n    (function() {\r\n        var sdkId = 'wpecpp-paypal-sdk-b9b7a2a68ff38709bdecb8d74a0c743e';\r\n        var sdkUrl = 'https:\/\/www.paypal.com\/sdk\/js?client-id=Advx1wc_4Se6ICsYnMXTqWntyS0F1VdRHIeWnT2Qgv0nFi6sD86KEM9DSxcG79rq_weHqfs1uClL1xDy&merchant-id=7RYC898833GPS&currency=USD&intent=capture&components=buttons,funding-eligibility';\r\n        \r\n        \/\/ Check if SDK script already exists in DOM or is being loaded\r\n        if (!document.getElementById(sdkId)) {\r\n            var script = document.createElement('script');\r\n            script.id = sdkId;\r\n            script.src = sdkUrl;\r\n            script.setAttribute('data-partner-attribution-id', 'WPPlugin_STP_CP');\r\n                        document.head.appendChild(script);\r\n        }\r\n    })();\r\n    <\/script>\r\n    \r\n    <style>\r\n        .wpecpp-paypal-button-container > *,\r\n        .wpecpp-paypal-hosted-fields-container .wpecpp-paypal-btn {\r\n            max-width: 300px;\r\n        }\r\n        .wpecpp-paypal-hosted-fields-container .wpecpp-paypal-btn {\r\n            height: 40px;\r\n        }\r\n    <\/style>\r\n    \r\n    <script>\r\n        const wpecppPaypalFunding_rc4427340c46664efc925c62c453b2261 = [\"paypal\"];\r\n    <\/script>\r\n\r\n    <!-- Buttons container -->\r\n    <div id='wpecpp-paypal-button-container-rc4427340c46664efc925c62c453b2261' class='wpecpp-paypal-button-container wpecpp-vertical'><\/div>\r\n\r\n\t\r\n    <div id='wpecpp-paypal-message-rc4427340c46664efc925c62c453b2261' class='wpecpp-payment-message'><\/div>\r\n\r\n    <script>\r\n        (function() {\r\n            const message_rc4427340c46664efc925c62c453b2261 = document.getElementById('wpecpp-paypal-message-rc4427340c46664efc925c62c453b2261');\r\n            \r\n            \/\/ Wait for SDK to be fully loaded with polling\r\n            function initPayPalButton_rc4427340c46664efc925c62c453b2261() {\r\n                \/\/ Check if PayPal SDK is fully loaded with all required methods\r\n                if ( typeof paypal === 'undefined' || \r\n                     typeof paypal.getFundingSources !== 'function' ||\r\n                     typeof paypal.Buttons !== 'function' ) {\r\n                    \/\/ SDK not loaded yet, wait and try again\r\n                    setTimeout(initPayPalButton_rc4427340c46664efc925c62c453b2261, 100);\r\n                    return;\r\n                }\r\n\r\n        paypal.getFundingSources().forEach(function (fundingSource) {\r\n            if ( wpecppPaypalFunding_rc4427340c46664efc925c62c453b2261.indexOf(fundingSource) > -1 ) {\r\n                const style = {\r\n                    shape: 'rect',\r\n                    label: 'buynow',\r\n                    height: 40                };\r\n\r\n                if ( fundingSource !== 'card' ) {\r\n                    let color = 'gold';\r\n                    if (fundingSource === 'venmo' && color === 'gold') {\r\n                        color = 'blue';\r\n                    } else if (['ideal', 'bancontact', 'giropay', 'eps', 'sofort', 'mybank', 'p24'].indexOf(fundingSource) > -1 && ['gold', 'blue'].indexOf(color) > -1) {\r\n                        color = 'default';\r\n                    }\r\n                    style.color = color;\r\n                }\r\n\r\n                const button = paypal.Buttons({\r\n                    fundingSource: fundingSource,\r\n                    style: style,\r\n                    createOrder: function() {\r\n                        message_rc4427340c46664efc925c62c453b2261.innerHTML = '';\r\n\r\n                        const form = document.getElementById('rc4427340c46664efc925c62c453b2261'),\r\n                            formData = new FormData(),\r\n                            nameInput = form.querySelector('[name=\"item_name\"]'),\r\n                            priceInput = form.querySelector('[name=\"amount\"]'),\r\n                            quantityInput = form.querySelector('[name=\"quantity\"]');\r\n\r\n                        formData.append('action', 'wpecpp-ppcp-order-create');\r\n                        formData.append('nonce', wpecpp.nonce);\r\n                        formData.append('name', nameInput ? nameInput.value : '');\r\n                        formData.append('price', priceInput ? priceInput.value : 0);\r\n                        if (quantityInput) {\r\n                            formData.append('quantity', quantityInput.value);\r\n                        }\r\n\r\n                        return fetch(wpecpp.ajaxUrl, {\r\n                            method: 'post',\r\n                            body: formData\r\n                        }).then(function(response) {\r\n                            return response.json();\r\n                        }).then(function(data) {\r\n                            let orderID = false;\r\n                            if (data.success && data.data.order_id) {\r\n                                orderID = data.data.order_id;\r\n                            } else {\r\n                                throw data.data && data.data.message ? data.data.message : 'An unknown error occurred while creating the order. Please reload the page and try again.';\r\n                            }\r\n                            return orderID;\r\n                        });\r\n                    },\r\n                    onApprove: function(data) {\r\n                        const formData = new FormData();\r\n\r\n                        formData.append('action', 'wpecpp-ppcp-order-finalize');\r\n                        formData.append('nonce', wpecpp.nonce);\r\n                        formData.append('order_id', data.orderID);\r\n\r\n                        return fetch(wpecpp.ajaxUrl, {\r\n                            method: 'post',\r\n                            body: formData\r\n                        }).then(function(response) {\r\n                            return response.json();\r\n                        }).then(function(data) {\r\n                            if (data.success) {\r\n                                if (wpecpp.return.length) {\r\n                                    window.location.href = wpecpp.return;\r\n                                } else {\r\n                                    message_rc4427340c46664efc925c62c453b2261.innerHTML = '<span class=\"payment-success\">' + data.data.message + '<\/span>';\r\n                                }\r\n                            } else {\r\n                                throw data.data.message;\r\n                            }\r\n                        });\r\n                    },\r\n                    onCancel: function() {\r\n                        if (wpecpp.cancel.length) {\r\n                            window.location.href = wpecpp.cancel;\r\n                        } else {\r\n                            message_rc4427340c46664efc925c62c453b2261.innerHTML = '<span class=\"payment-error\">The payment was cancelled.<\/span>';\r\n                        }\r\n                    },\r\n                    onError: function (error) {\r\n                        message_rc4427340c46664efc925c62c453b2261.innerHTML = '<span class=\"payment-error\">' + (error ? error : '<strong>Site admin<\/strong>, an error was detected in the plugin settings.<\/br>Please check the PayPal connection and product settings (price, name, etc.)') + '<\/span>';\r\n                    }\r\n                });\r\n\r\n                if (button.isEligible()) {\r\n                    button.render('#wpecpp-paypal-button-container-rc4427340c46664efc925c62c453b2261');\r\n                }\r\n            }\r\n        });\r\n\r\n                    } \/\/ End initPayPalButton function\r\n            \r\n            \/\/ Start initialization (will poll until SDK is ready)\r\n            initPayPalButton_rc4427340c46664efc925c62c453b2261();\r\n        })(); \/\/ End IIFE\r\n    <\/script>\r\n    <input type='hidden' name='item_name' value='Trommelabend 25 EUR' \/><input type='hidden' name='amount' value='25' \/><\/form><\/div>\n<\/div>\n\n\n\n<div class=\"wp-block-column is-layout-flow wp-block-column-is-layout-flow\" style=\"flex-basis:25%\"><\/div>\n<\/div>\n","protected":false},"excerpt":{"rendered":"<p>Trommelabend &#8211; das klingt nach Musik machen. Ja, wir trommeln, aber wir machen weder Musik noch Krach, sondern wir &#8222;reisen&#8220;. Und wir reisen zwar, aber wir bewegen uns physisch nicht von der Stelle. \u00dcberall auf der Welt reisen Schamanen mit ihren Trommeln in die &#8222;Anderswelt&#8220;, um Antworten auf Fragen zu finden. Doch Schamanismus gibt es [&hellip;]<\/p>\n","protected":false},"author":1,"featured_media":162,"parent":0,"menu_order":0,"comment_status":"closed","ping_status":"closed","template":"","meta":{"footnotes":""},"class_list":["post-153","page","type-page","status-publish","has-post-thumbnail","hentry"],"_links":{"self":[{"href":"https:\/\/zaunreiterin.eu\/de_de\/wp-json\/wp\/v2\/pages\/153","targetHints":{"allow":["GET"]}}],"collection":[{"href":"https:\/\/zaunreiterin.eu\/de_de\/wp-json\/wp\/v2\/pages"}],"about":[{"href":"https:\/\/zaunreiterin.eu\/de_de\/wp-json\/wp\/v2\/types\/page"}],"author":[{"embeddable":true,"href":"https:\/\/zaunreiterin.eu\/de_de\/wp-json\/wp\/v2\/users\/1"}],"replies":[{"embeddable":true,"href":"https:\/\/zaunreiterin.eu\/de_de\/wp-json\/wp\/v2\/comments?post=153"}],"version-history":[{"count":12,"href":"https:\/\/zaunreiterin.eu\/de_de\/wp-json\/wp\/v2\/pages\/153\/revisions"}],"predecessor-version":[{"id":1273,"href":"https:\/\/zaunreiterin.eu\/de_de\/wp-json\/wp\/v2\/pages\/153\/revisions\/1273"}],"wp:featuredmedia":[{"embeddable":true,"href":"https:\/\/zaunreiterin.eu\/de_de\/wp-json\/wp\/v2\/media\/162"}],"wp:attachment":[{"href":"https:\/\/zaunreiterin.eu\/de_de\/wp-json\/wp\/v2\/media?parent=153"}],"curies":[{"name":"wp","href":"https:\/\/api.w.org\/{rel}","templated":true}]}}