{"id":154,"date":"2025-05-04T09:01:51","date_gmt":"2025-05-04T09:01:51","guid":{"rendered":"https:\/\/zaunreiterin.eu\/?page_id=154"},"modified":"2026-02-25T12:18:11","modified_gmt":"2026-02-25T10:18:11","slug":"termine","status":"publish","type":"page","link":"https:\/\/zaunreiterin.eu\/de_de\/termine\/","title":{"rendered":"Termine"},"content":{"rendered":"\n<figure class=\"wp-block-table is-style-regular\"><table><thead><tr><th>Datum<\/th><th>Beginn<\/th><th>Ende<\/th><th>was<\/th><th>wer<\/th><th>wo<\/th><\/tr><\/thead><tbody><tr><td><strong>Mittwoch, 4. M\u00e4rz &#8211; Sonntag, 8. M\u00e4rz<\/strong><\/td><td>18.00 Uhr<\/td><td>ca. 15 Uhr<\/td><td><a href=\"https:\/\/zaunreiterin.eu\/psychedelisches-retreat-fuer-frauen\/\" data-type=\"page\" data-id=\"937\"><strong>Psychedelisches Retreat f\u00fcr Frauen<\/strong><\/a><\/td><td>Sabine Schleichert und Kolleginnen<\/td><td>Allg\u00e4u<\/td><\/tr><tr><td>Montag, 16. M\u00e4rz 2026<\/td><td>19.30 Uhr<\/td><td>ca. 21.30 Uhr<\/td><td><a href=\"https:\/\/zaunreiterin.eu\/schamanischer-trommelabend\/\" data-type=\"page\" data-id=\"153\">Schamanischer Trommelabend<\/a><\/td><td>Sabine Schleichert<\/td><td>M\u00fcnchen, Schwabing-West<\/td><\/tr><tr><td>Montag, 23. M\u00e4rz 2026<\/td><td>19.30 Uhr<\/td><td>ca. 21.00 Uhr<\/td><td><a href=\"https:\/\/zaunreiterin.eu\/psychedelischer-integrationszirkel\/\" data-type=\"page\" data-id=\"900\">Psychedelischer Integrationszirkel<\/a><\/td><td>Sabine Schleichert<\/td><td>online<\/td><\/tr><tr><td>Dienstag, 21. April 2026<\/td><td>19.30 Uhr<\/td><td>ca. 21.00 Uhr<\/td><td><a href=\"https:\/\/zaunreiterin.eu\/psychedelischer-integrationszirkel\/\" data-type=\"page\" data-id=\"900\">Psychedelischer Integrationszirkel<\/a><\/td><td>Sabine Schleichert<\/td><td>online<\/td><\/tr><tr><td>Montag, 27. April 2026<\/td><td>19.30 Uhr<\/td><td>ca. 21.30 Uhr<\/td><td><a href=\"https:\/\/zaunreiterin.eu\/schamanischer-trommelabend\/\" data-type=\"page\" data-id=\"153\">Schamanischer Trommelabend<\/a><\/td><td>Sabine Schleichert<\/td><td>M\u00fcnchen, Schwabing-West<\/td><\/tr><tr><td>Mittwoch, 13. Mai 2026 (ge\u00e4ndertes Datum!)<\/td><td>19.30 Uhr<\/td><td>ca. 21.00 Uhr<\/td><td><a href=\"https:\/\/zaunreiterin.eu\/psychedelischer-integrationszirkel\/\" data-type=\"page\" data-id=\"900\">Psychedelischer Integrationszirkel<\/a><\/td><td>Sabine Schleichert<\/td><td>online<\/td><\/tr><tr><td>Donnerstag, 11. Juni 2026<\/td><td>19.30 Uhr<\/td><td>ca. 21.00 Uhr<\/td><td><a href=\"https:\/\/zaunreiterin.eu\/psychedelischer-integrationszirkel\/\" data-type=\"page\" data-id=\"900\">Psychedelischer Integrationszirkel<\/a><\/td><td>Sabine Schleichert<\/td><td>online<\/td><\/tr><tr><td>Montag, 15. Juni 2026<\/td><td>19.30 Uhr<\/td><td>ca. 21.30 Uhr<\/td><td><a href=\"https:\/\/zaunreiterin.eu\/schamanischer-trommelabend\/\" data-type=\"page\" data-id=\"153\">Schamanischer Trommelabend<\/a><\/td><td>Sabine Schleichert<\/td><td>M\u00fcnchen, Schwabing-West<\/td><\/tr><tr><td>Freitag, 17. Juli 2026<\/td><td>19.30 Uhr<\/td><td>ca. 21.00 Uhr<\/td><td><a href=\"https:\/\/zaunreiterin.eu\/psychedelischer-integrationszirkel\/\" data-type=\"page\" data-id=\"900\">Psychedelischer Integrationszirkel<\/a><\/td><td>Sabine Schleichert<\/td><td>online<\/td><\/tr><tr><td>Montag, 3. August 2026<\/td><td>19.30 Uhr<\/td><td>ca. 21.30 Uhr<\/td><td><a href=\"https:\/\/zaunreiterin.eu\/schamanischer-trommelabend\/\" data-type=\"page\" data-id=\"153\">Schamanischer Trommelabend<\/a><\/td><td>Sabine Schleichert<\/td><td>M\u00fcnchen, Schwabing-West<\/td><\/tr><tr><td>Montag, 10. August 2026<\/td><td>19.30 Uhr<\/td><td>ca. 21.00 Uhr<\/td><td><a href=\"https:\/\/zaunreiterin.eu\/psychedelischer-integrationszirkel\/\" data-type=\"page\" data-id=\"900\">Psychedelischer Integrationszirkel<\/a><\/td><td>Sabine Schleichert<\/td><td>online<\/td><\/tr><tr><td>Montag, 21. September 2026<\/td><td>19.30 Uhr<\/td><td>ca. 21.30 Uhr<\/td><td><a href=\"https:\/\/zaunreiterin.eu\/schamanischer-trommelabend\/\" data-type=\"page\" data-id=\"153\">Schamanischer Trommelabend<\/a><\/td><td>Sabine Schleichert<\/td><td>M\u00fcnchen, Schwabing-West<\/td><\/tr><tr><td>Dienstag, 22. September 2026<\/td><td>19.30 Uhr<\/td><td>ca. 21.00 Uhr<\/td><td><a href=\"https:\/\/zaunreiterin.eu\/psychedelischer-integrationszirkel\/\" data-type=\"page\" data-id=\"900\">Psychedelischer Integrationszirkel<\/a><\/td><td>Sabine Schleichert<\/td><td>online<\/td><\/tr><tr><td>Montag, 26. Oktober 2026<\/td><td>19.30 Uhr<\/td><td>ca. 21.30 Uhr<\/td><td><a href=\"https:\/\/zaunreiterin.eu\/schamanischer-trommelabend\/\" data-type=\"page\" data-id=\"153\">Schamanischer Trommelabend<\/a><\/td><td>Sabine Schleichert<\/td><td>M\u00fcnchen, Schwabing-West<\/td><\/tr><tr><td>Mittwoch, 28. Oktober 2026<\/td><td>19.30 Uhr<\/td><td>ca. 21.00 Uhr<\/td><td><a href=\"https:\/\/zaunreiterin.eu\/psychedelischer-integrationszirkel\/\" data-type=\"page\" data-id=\"900\">Psychedelischer Integrationszirkel<\/a><\/td><td>Sabine Schleichert<\/td><td>online<\/td><\/tr><tr><td>Donnerstag, 19. November 2026<\/td><td>19.30 Uhr<\/td><td>ca. 21.00 Uhr<\/td><td><a href=\"https:\/\/zaunreiterin.eu\/psychedelischer-integrationszirkel\/\" data-type=\"page\" data-id=\"900\">Psychedelischer Integrationszirkel<\/a><\/td><td>Sabine Schleichert<\/td><td>online<\/td><\/tr><tr><td>Montag, 7. Dezember 2026 (ge\u00e4ndertes Datum!)<\/td><td>19.30 Uhr<\/td><td>ca. 21.30 Uhr<\/td><td><a href=\"https:\/\/zaunreiterin.eu\/schamanischer-trommelabend\/\" data-type=\"page\" data-id=\"153\">Schamanischer Trommelabend<\/a><\/td><td>Sabine Schleichert<\/td><td>M\u00fcnchen, Schwabing-West<\/td><\/tr><tr><td>Dienstag, 15. Dezember 2026<\/td><td>19.30 Uhr<\/td><td>ca. 21.00 Uhr<\/td><td><a href=\"https:\/\/zaunreiterin.eu\/psychedelischer-integrationszirkel\/\" data-type=\"page\" data-id=\"900\">Psychedelischer Integrationszirkel<\/a><\/td><td>Sabine Schleichert<\/td><td>online<\/td><\/tr><\/tbody><\/table><\/figure>\n","protected":false},"excerpt":{"rendered":"<p>Datum Beginn Ende was wer wo Mittwoch, 4. M\u00e4rz &#8211; Sonntag, 8. M\u00e4rz 18.00 Uhr ca. 15 Uhr Psychedelisches Retreat f\u00fcr Frauen Sabine Schleichert und Kolleginnen Allg\u00e4u Montag, 16. M\u00e4rz 2026 19.30 Uhr ca. 21.30 Uhr Schamanischer Trommelabend Sabine Schleichert M\u00fcnchen, Schwabing-West Montag, 23. M\u00e4rz 2026 19.30 Uhr ca. 21.00 Uhr Psychedelischer Integrationszirkel Sabine Schleichert [&hellip;]<\/p>\n","protected":false},"author":1,"featured_media":158,"parent":0,"menu_order":0,"comment_status":"closed","ping_status":"closed","template":"","meta":{"footnotes":""},"class_list":["post-154","page","type-page","status-publish","has-post-thumbnail","hentry"],"_links":{"self":[{"href":"https:\/\/zaunreiterin.eu\/de_de\/wp-json\/wp\/v2\/pages\/154","targetHints":{"allow":["GET"]}}],"collection":[{"href":"https:\/\/zaunreiterin.eu\/de_de\/wp-json\/wp\/v2\/pages"}],"about":[{"href":"https:\/\/zaunreiterin.eu\/de_de\/wp-json\/wp\/v2\/types\/page"}],"author":[{"embeddable":true,"href":"https:\/\/zaunreiterin.eu\/de_de\/wp-json\/wp\/v2\/users\/1"}],"replies":[{"embeddable":true,"href":"https:\/\/zaunreiterin.eu\/de_de\/wp-json\/wp\/v2\/comments?post=154"}],"version-history":[{"count":20,"href":"https:\/\/zaunreiterin.eu\/de_de\/wp-json\/wp\/v2\/pages\/154\/revisions"}],"predecessor-version":[{"id":1275,"href":"https:\/\/zaunreiterin.eu\/de_de\/wp-json\/wp\/v2\/pages\/154\/revisions\/1275"}],"wp:featuredmedia":[{"embeddable":true,"href":"https:\/\/zaunreiterin.eu\/de_de\/wp-json\/wp\/v2\/media\/158"}],"wp:attachment":[{"href":"https:\/\/zaunreiterin.eu\/de_de\/wp-json\/wp\/v2\/media?parent=154"}],"curies":[{"name":"wp","href":"https:\/\/api.w.org\/{rel}","templated":true}]}}