{"id":172,"date":"2025-05-04T10:28:50","date_gmt":"2025-05-04T10:28:50","guid":{"rendered":"https:\/\/zaunreiterin.eu\/?page_id=172"},"modified":"2026-02-25T11:48:54","modified_gmt":"2026-02-25T09:48:54","slug":"gedanken","status":"publish","type":"page","link":"https:\/\/zaunreiterin.eu\/de_de\/gedanken\/","title":{"rendered":"Gedanken"},"content":{"rendered":"\n<div class=\"wp-block-columns is-layout-flex wp-container-core-columns-is-layout-28f84493 wp-block-columns-is-layout-flex\">\n<div class=\"wp-block-column is-layout-flow wp-block-column-is-layout-flow\" style=\"flex-basis:25%\"><\/div>\n\n\n\n<div class=\"wp-block-column is-layout-flow wp-block-column-is-layout-flow\" style=\"flex-basis:50%\">\n<p>Die hier folgenden Texte sind entstanden aus dem unmittelbaren eigenen Erleben und in Verarbeitung des Erfahrenen, und damit zutiefst wahr. Und gleichzeitig sind sie nicht wahr, nicht mehr als leere Worte, denn letztlich ist es nicht m\u00f6glich, schamanische und \u00e4hnliche Erfahrungen in Worte zu fassen &#8211; \u00fcberhaupt nur angemessen zu fassen, zu begreifen. So bleiben sie bruchst\u00fcckhaft, und doch f\u00fcr mich ein wichtiger Weg, mich den Dingen zu n\u00e4hern.<\/p>\n\n\n\n<p>Gr\u00f6\u00dftenteils chronologisch von neu nach alt:<\/p>\n\n\n<ul class=\"wp-block-list is-layout-flex wp-container-core-list-is-layout-fe9cc265 wp-block-list-is-layout-flex\" style=\"\">\n<li><a href=\"https:\/\/zaunreiterin.eu\/abgruende\/\" data-type=\"page\" data-id=\"1243\">Abgr&uuml;nde<\/a><\/li>\n\n\n\n<li><a href=\"https:\/\/zaunreiterin.eu\/gleichgewicht-2\/\" data-type=\"page\" data-id=\"1072\">Gleichgewicht<\/a><\/li>\n\n\n\n<li><a href=\"https:\/\/zaunreiterin.eu\/kriegerin\/\" data-type=\"page\" data-id=\"261\">Kriegerin<\/a><\/li>\n\n\n\n<li><a href=\"https:\/\/zaunreiterin.eu\/licht\/\" data-type=\"page\" data-id=\"268\">Licht<\/a><\/li>\n\n\n\n<li><a href=\"https:\/\/zaunreiterin.eu\/einsamkeit-2\/\" data-type=\"page\" data-id=\"270\">Einsamkeit<\/a><\/li>\n\n\n\n<li><a href=\"https:\/\/zaunreiterin.eu\/die-entscheidung-zu-vertrauen\/\" data-type=\"page\" data-id=\"272\">Die Entscheidung zu vertrauen<\/a><\/li>\n\n\n\n<li><a href=\"https:\/\/zaunreiterin.eu\/ich-hatte-einen-bruder\/\" data-type=\"page\" data-id=\"280\">Ich hatte einen Bruder<\/a><\/li>\n\n\n\n<li><a href=\"https:\/\/zaunreiterin.eu\/hingabe\/\" data-type=\"page\" data-id=\"288\">Hingabe<\/a><\/li>\n\n\n\n<li><a href=\"https:\/\/zaunreiterin.eu\/verbundenheit\/\" data-type=\"page\" data-id=\"290\">Verbundenheit<\/a><\/li>\n\n\n\n<li><a href=\"https:\/\/zaunreiterin.eu\/dankbarkeit\/\" data-type=\"page\" data-id=\"293\">Dankbarkeit<\/a><\/li>\n\n\n\n<li><a href=\"https:\/\/zaunreiterin.eu\/heilung\/\" data-type=\"page\" data-id=\"298\">Heilung<\/a><\/li>\n\n\n\n<li><a href=\"https:\/\/zaunreiterin.eu\/medizinrad-und-kreis-des-lebens\/\" data-type=\"page\" data-id=\"299\">Medizinrad und Kreis des Lebens<\/a><\/li>\n\n\n\n<li>\n<a href=\"https:\/\/zaunreiterin.eu\/hexen-europaeischer-schamanismus\/\" data-type=\"page\" data-id=\"307\">Hexen &#8211; europ&auml;ischer Schamanismus?<\/a> (Update 2023)<\/li>\n<\/ul>\n<\/div>\n\n\n\n<div class=\"wp-block-column is-layout-flow wp-block-column-is-layout-flow\" style=\"flex-basis:25%\"><\/div>\n<\/div>\n","protected":false},"excerpt":{"rendered":"<p>Die hier folgenden Texte sind entstanden aus dem unmittelbaren eigenen Erleben und in Verarbeitung des Erfahrenen, und damit zutiefst wahr. Und gleichzeitig sind sie nicht wahr, nicht mehr als leere Worte, denn letztlich ist es nicht m\u00f6glich, schamanische und \u00e4hnliche Erfahrungen in Worte zu fassen &#8211; \u00fcberhaupt nur angemessen zu fassen, zu begreifen. So bleiben [&hellip;]<\/p>\n","protected":false},"author":1,"featured_media":173,"parent":0,"menu_order":0,"comment_status":"closed","ping_status":"closed","template":"","meta":{"footnotes":""},"class_list":["post-172","page","type-page","status-publish","has-post-thumbnail","hentry"],"_links":{"self":[{"href":"https:\/\/zaunreiterin.eu\/de_de\/wp-json\/wp\/v2\/pages\/172","targetHints":{"allow":["GET"]}}],"collection":[{"href":"https:\/\/zaunreiterin.eu\/de_de\/wp-json\/wp\/v2\/pages"}],"about":[{"href":"https:\/\/zaunreiterin.eu\/de_de\/wp-json\/wp\/v2\/types\/page"}],"author":[{"embeddable":true,"href":"https:\/\/zaunreiterin.eu\/de_de\/wp-json\/wp\/v2\/users\/1"}],"replies":[{"embeddable":true,"href":"https:\/\/zaunreiterin.eu\/de_de\/wp-json\/wp\/v2\/comments?post=172"}],"version-history":[{"count":10,"href":"https:\/\/zaunreiterin.eu\/de_de\/wp-json\/wp\/v2\/pages\/172\/revisions"}],"predecessor-version":[{"id":1256,"href":"https:\/\/zaunreiterin.eu\/de_de\/wp-json\/wp\/v2\/pages\/172\/revisions\/1256"}],"wp:featuredmedia":[{"embeddable":true,"href":"https:\/\/zaunreiterin.eu\/de_de\/wp-json\/wp\/v2\/media\/173"}],"wp:attachment":[{"href":"https:\/\/zaunreiterin.eu\/de_de\/wp-json\/wp\/v2\/media?parent=172"}],"curies":[{"name":"wp","href":"https:\/\/api.w.org\/{rel}","templated":true}]}}