{"id":186,"date":"2025-05-04T10:28:50","date_gmt":"2025-05-04T10:28:50","guid":{"rendered":"https:\/\/zaunreiterin.eu\/?page_id=186"},"modified":"2025-12-13T17:14:06","modified_gmt":"2025-12-13T15:14:06","slug":"impressum-datenschutz-kontakt","status":"publish","type":"page","link":"https:\/\/zaunreiterin.eu\/de_de\/impressum-datenschutz-kontakt\/","title":{"rendered":"Impressum, Datenschutz, Kontakt"},"content":{"rendered":"\n<div class=\"wp-block-columns is-layout-flex wp-container-core-columns-is-layout-28f84493 wp-block-columns-is-layout-flex\">\n<div class=\"wp-block-column is-layout-flow wp-block-column-is-layout-flow\" style=\"flex-basis:25%\"><\/div>\n\n\n\n<div class=\"wp-block-column is-layout-flow wp-block-column-is-layout-flow\" style=\"flex-basis:50%\">\n<p><strong>Inhaberin:<\/strong><br>Sabine Schleichert<br>Rosa-Aschenbrenner-Bogen 6<br>80797 M\u00fcnchen<br>Deutschland<br>sabine@ggrs.com<br>www.ggrs.com<br>Tel. 0176-45503994<\/p>\n\n\n\n<p>Die Autorin ist nicht verantwortlich f\u00fcr die Inhalte von externen verlinkten Seiten.<\/p>\n\n\n\n<p><strong>Schamanische Arbeit ersetzt nicht den Besuch beim Arzt, Therapeuten oder Heilpraktiker. Bei schamanischer Arbeit handelt es sich nicht um schulmedizinische Behandlung oder Aus\u00fcbung der Heilkunde im Sinne des Gesetzes. Die Teilnahme an Veranstaltungen erfolgt freiwillig und auf eigene Verantwortung.<\/strong><\/p>\n\n\n\n<p><strong>Die Angebote zur psychedelischen Integration und zu Retreats erfolgen im Rahmen der gesetzlichen Vorgaben. Die Retreats dienen der Selbsterfahrung.<\/strong><\/p>\n\n\n\n<p><strong>Datenschutz:<\/strong><br>Wenn Sie sich f\u00fcr den <a href=\"https:\/\/zaunreiterin.eu\/newsletter.html\">Newsletter<\/a> eintragen, speichern wir die von Ihnen angegebene E-mail-Adresse. Die Speicherung erfolgt auf den Servern der Firma Brevo, die die Technologie f\u00fcr den Newsletterversand zur Verf\u00fcgung stellt. Sie k\u00f6nnen die Registrierung jederzeit durch Klick auf den entsprechenden Link wieder r\u00fcckg\u00e4ngig machen, die Daten werden dann gel\u00f6scht.<br>Wenn Sie mit uns per E-mail oder anderweitig schriftlich in Kontakt treten, speichern wir im Allgemeinen diese Korrespondenz. Dar\u00fcber hinaus besteht die M\u00f6glichkeit, dass wir interne Notizen \u00fcber unsere Kommunikation und Zusammenarbeit anfertigen. Diese E-mails und Dateien befinden sich auf in unseren Gesch\u00e4ftsr\u00e4umen befindlichen Rechnern sowie ggf. auf Backup-Medien und sind nicht anderweitig zug\u00e4nglich.<br>Sie k\u00f6nnen jederzeit Auskunft \u00fcber die im Zusammenhang mit Ihnen gespeicherten E-mails, sonstige Korrespondenz und Notizen verlangen und erhalten und ebenso, dass diese Daten gel\u00f6scht werden, sofern dem nicht gesetzliche Aufbewahrungsfristen und\/oder die Unverh\u00e4ltnism\u00e4\u00dfigkeit des Aufwandes entgegenstehen. Sie sollten allerdings beachten, dass dann unter Umst\u00e4nden auch Informationen \u00fcber unsere bisherige Zusammenarbeit mit Ihnen verloren gehen.<br>Wir geben die Daten, welcher Art auch immer, in keinem Fall an Dritte weiter.<br>Beim Besuch dieser Webseite werden vom Provider Strato automatisch technische Daten wie der verwendete Browser oder die Zahl der Klicks erhoben. Von den uns daraus zur Verf\u00fcgung gestellten summarischen Statistiken ist kein R\u00fcckschluss auf Personen m\u00f6glich.<br>Es gilt das diesbez\u00fcgliche Recht.<\/p>\n\n\n\n<p><strong>Verwendete Bilder (nicht alle Seiten sind aktuell verlinkt und online):<\/strong><br>Akten (Newsletter): \u00a9 Sergey Yarochkin &#8211; stock.adobe.com<br>Alleine (Ich hatte einen Bruder): \u00a9 Black Brush &#8211; stock.adobe.com<br>Baldung Grien (Hexen): en.wikipedia.org<br>Br\u00fccke (Psychedelisches Coaching): \u00a9 Animaflora PicsStock &#8211; stock.adobe.com<br>Buch (Termine): \u00a9 4Max &#8211; stock.adobe.com<br>B\u00fccherwand (B\u00fccher): \u00a9 danielschoenen &#8211; stock.adobe.com<br>Doppelschaukel (Gleichgewicht): \u00a9 Lens Verse &#8211; stock.adobe.com<br>Einsamkeit (Einsamkeit): \u00a9 Alfonso d&#8217;Agostino &#8211; stock.adobe.com<br>Ernte (Dankbarkeit): \u00a9 fotoknips &#8211; stock.adobe.com<br>Filmrolle (Filme): \u00a9 Stefan Knies &#8211; stock.adobe.com<br>Feuer und Wasser (Musik): \u00a9 Jag_cz &#8211; stock.adobe.com<br>Frauen (Frauenretreat): \u00a9 Barbara Helgason &#8211; stock.adobe.com<br>Fr\u00fchlingswald (Aktuelles): \u00a9 TSpider &#8211; stock.adobe.com<br>Fr\u00fchlingswiese (Beltane): \u00a9 J\u00fcrgen F\u00e4lchle &#8211; stock.adobe.com<br>Gebetsfahnen (Hingabe): \u00a9 rwenzel &#8211; stock.adobe.com<br>Getreide (Lughnasad): \u00a9 photolink &#8211; stock.adobe.com<br>Gruselwald (Medizinwanderung): \u00a9 mimadeo &#8211; stock.adobe.com<br>Hand mit Licht (Heilatmen): \u00a9 Sergey Nivens &#8211; stock.adobe.com<br>Hochlandstra\u00dfe (Links): \u00a9 Sabine Schleichert<br>Jahreszeiten (Jahreskreis): \u00a9 cybersaint &#8211; stock.adobe.com<br>Kakao (Kakaozeremonien): \u00a9Renphoto &#8211; istockphoto.com<br>Kerze (Licht): \u00a9 nengredeye &#8211; stock.adobe.com<br>Kerze in der Hand (Vertrauen): \u00a9 Romolo Tavani &#8211; stock.adobe.com<br>Krokusse (Ostara): \u00a9 Sabine Schleichert<br>Licht im Wald (Schamanisches Wochenende): \u00a9 wong yu liang &#8211; stock.adobe.com<br>Lichtpunkte (Integrationszirkel): \u00a9 Thaut Images &#8211; stock.adobe.com<br>Lichtstrahl (Heilung): \u00a9 fotomorgana &#8211; stock.adobe.com<br>Medizinrad (Medizinrad und Kreis des Lebens): de.wikipedia.org<br>Moos (\u00dcber mich): \u00a9 Sabine Schleichert<br>M\u00fcnchen (Trommelabend): \u00a9 juergen2008 &#8211; stock.adobe.com<br>Portr\u00e4ts (Home und \u00dcber mich): <a href=\"http:\/\/www.naadiaa.wtf\/\">Nadia Cortellesi<\/a><br>R\u00e4ucherschale (Ausbildung): <a href=\"http:\/\/www.naadiaa.wtf\/\">Nadia Cortellesi<\/a><br>Regenbogen (Verbundenheit): \u00a9 Sabine Schleichert<br>Schwitzh\u00fctte (Aktuelles): \u00a9 Sabine Schleichert<br>Schwitzh\u00fctte (Schwitzh\u00fctte): \u00a9 Sabine Schleichert<br>Sommerb\u00e4ume (Litha): \u00a9 Sabine Schleichert<br>Sommerwiese (Retreat): \u00a9 J\u00fcrgen F\u00e4lchle &#8211; stock.adobe.com<br>Sonnenuntergang (Den Rahmen weiten): \u00a9 romy mitterlechner &#8211; stock.adobe.com<br>Space Hearts (Gedanken): \u00a9 photosvac &#8211; stock.adobe.com<br>Steinkreis (Medizinrad und Kreis des Lebens): \u00a9 Thomas Otto &#8211; stock.adobe.com<br>Steinkreis 2 (Medizinrad): \u00a9 Michael Conrad &#8211; stock.adobe.com<br>Steinstapel (Integration 1:1): \u00a9 Cyril &#8211; stock.adobe.com<br>Sternennebel (Psychedelisches): \u00a9 Tryfonov &#8211; stock.adobe.com<br>Ties (Visionsnacht): \u00a9 Sabine Schleichert<br>Trommel im Gegenlicht (Schamanisches): <a href=\"http:\/\/www.naadiaa.wtf\/\">Nadia Cortellesi<\/a><br>Trommel in der Hand (Veranstaltungen): <a href=\"http:\/\/www.naadiaa.wtf\/\">Nadia Cortellesi<\/a><br>Trommeln (Trommelbau): \u00a9 Sabine Schleichert<br>Wegweiser (Weiterf\u00fchrendes): \u00a9 Sabine Schleichert<br>Wolf und Rabe (Kriegerin): \u00a9 Apolinarias &#8211; stock.adobe.com<br>Wolfsaugen (Kriegerin): \u00a9 Sabine Schleichert<br>Wolken (Impressum): \u00a9 A. Schleichert<br>Zaun (Home): \u00a9 in-foto-backgrounds &#8211; stock.adobe.com<\/p>\n\n\n\n<p><br><br><\/p>\n<\/div>\n\n\n\n<div class=\"wp-block-column is-layout-flow wp-block-column-is-layout-flow\" style=\"flex-basis:25%\"><\/div>\n<\/div>\n","protected":false},"excerpt":{"rendered":"<p>Inhaberin:Sabine SchleichertRosa-Aschenbrenner-Bogen 680797 M\u00fcnchenDeutschlandsabine@ggrs.comwww.ggrs.comTel. 0176-45503994 Die Autorin ist nicht verantwortlich f\u00fcr die Inhalte von externen verlinkten Seiten. Schamanische Arbeit ersetzt nicht den Besuch beim Arzt, Therapeuten oder Heilpraktiker. Bei schamanischer Arbeit handelt es sich nicht um schulmedizinische Behandlung oder Aus\u00fcbung der Heilkunde im Sinne des Gesetzes. Die Teilnahme an Veranstaltungen erfolgt freiwillig und auf eigene [&hellip;]<\/p>\n","protected":false},"author":1,"featured_media":191,"parent":0,"menu_order":0,"comment_status":"closed","ping_status":"closed","template":"","meta":{"footnotes":""},"class_list":["post-186","page","type-page","status-publish","has-post-thumbnail","hentry"],"_links":{"self":[{"href":"https:\/\/zaunreiterin.eu\/de_de\/wp-json\/wp\/v2\/pages\/186","targetHints":{"allow":["GET"]}}],"collection":[{"href":"https:\/\/zaunreiterin.eu\/de_de\/wp-json\/wp\/v2\/pages"}],"about":[{"href":"https:\/\/zaunreiterin.eu\/de_de\/wp-json\/wp\/v2\/types\/page"}],"author":[{"embeddable":true,"href":"https:\/\/zaunreiterin.eu\/de_de\/wp-json\/wp\/v2\/users\/1"}],"replies":[{"embeddable":true,"href":"https:\/\/zaunreiterin.eu\/de_de\/wp-json\/wp\/v2\/comments?post=186"}],"version-history":[{"count":11,"href":"https:\/\/zaunreiterin.eu\/de_de\/wp-json\/wp\/v2\/pages\/186\/revisions"}],"predecessor-version":[{"id":1227,"href":"https:\/\/zaunreiterin.eu\/de_de\/wp-json\/wp\/v2\/pages\/186\/revisions\/1227"}],"wp:featuredmedia":[{"embeddable":true,"href":"https:\/\/zaunreiterin.eu\/de_de\/wp-json\/wp\/v2\/media\/191"}],"wp:attachment":[{"href":"https:\/\/zaunreiterin.eu\/de_de\/wp-json\/wp\/v2\/media?parent=186"}],"curies":[{"name":"wp","href":"https:\/\/api.w.org\/{rel}","templated":true}]}}