{"id":190,"date":"2025-05-04T10:28:50","date_gmt":"2025-05-04T10:28:50","guid":{"rendered":"https:\/\/zaunreiterin.eu\/?page_id=190"},"modified":"2025-05-24T20:10:10","modified_gmt":"2025-05-24T18:10:10","slug":"newsletter","status":"publish","type":"page","link":"https:\/\/zaunreiterin.eu\/de_de\/newsletter\/","title":{"rendered":"Newsletter"},"content":{"rendered":"\n<div class=\"wp-block-columns is-layout-flex wp-container-core-columns-is-layout-28f84493 wp-block-columns-is-layout-flex\">\n<div class=\"wp-block-column is-layout-flow wp-block-column-is-layout-flow\" style=\"flex-basis:25%\"><\/div>\n\n\n\n<div class=\"wp-block-column is-layout-flow wp-block-column-is-layout-flow\" style=\"flex-basis:50%\">\n<p class=\"has-text-align-left\">Du interessierst Dich f\u00fcr unsere Arbeit? Das ist sch\u00f6n!<\/p>\n\n\n\n<p>Dieser Newsletter wird best\u00fcckt mit meinen schamanischen und verwandten Angeboten (v.a. der Schamanische Trommelabend, au\u00dferdem z.B. ab 2024 das Ganzheitliche Heilatmen). Alle Termine sind zwar auch hier auf der Webseite ver\u00f6ffentlicht, aber Details wie etwa das Thema des Trommelabends, das sich jeweils nur sehr kurzfristig ergibt, stehen im regelm\u00e4\u00dfig verschickten Newsletter.<\/p>\n\n\n\n<p><a href=\"https:\/\/a56d6ee9.sibforms.com\/serve\/MUIEAGVr5cOVxf0E5-0Ivwb4q-wjmTa-c9q1KzXmERF_5bCg-q43fmU0Af2vCjcQ5ZX8PZ4lkr14iXTpQkSY3JLvsKcvjCJWpwJrFznLnwO6WZwO5oYcBrZ-TdLV4wzlgwL7W5WIBGRjy_DttYPXmXfc3yH6igZnSI_fPla5r_2ineltwzZEtF3_bwOiUHK8msVDkRSn-4EmQidl\">Hier gehts zur Anmeldung zum <strong>Zaunreiterin-Newsletter<\/strong>.<\/a><br>Wir speichern ausschlie\u00dflich Ihre E-mail-Adresse zum Zweck des Newsletter-Versandes. Die Speicherung erfolgt auf den Servern von Brevo.<\/p>\n\n\n\n<p><a href=\"https:\/\/a56d6ee9.sibforms.com\/serve\/MUIEAHARVXOAbiSR1IVAfAwApNvXb9AZ75OZApxIDgypiWQurvlxwtBQFgcT73T2fiDex6Pv_CXpp3pR6V2B8fU9Y3pjDg1zDhnZkFw7lbxZynNRuOLfXZnGBNGbkSnXD8b-_viCPuuprOAGfWjaSd4cY4etNOsqMeJz-WqqpDimGV1UGTu7ItyPS6yy02vYRPfun2TIfW4J7Ao0\">Hier gehts zur Abmeldung vom Zaunreiterin-Newsletter.<\/a><br>Ihre Daten werden nach erfolgter Abmeldung gel\u00f6scht.<\/p>\n<\/div>\n\n\n\n<div class=\"wp-block-column is-layout-flow wp-block-column-is-layout-flow\" style=\"flex-basis:25%\"><\/div>\n<\/div>\n","protected":false},"excerpt":{"rendered":"<p>Du interessierst Dich f\u00fcr unsere Arbeit? Das ist sch\u00f6n! Dieser Newsletter wird best\u00fcckt mit meinen schamanischen und verwandten Angeboten (v.a. der Schamanische Trommelabend, au\u00dferdem z.B. ab 2024 das Ganzheitliche Heilatmen). Alle Termine sind zwar auch hier auf der Webseite ver\u00f6ffentlicht, aber Details wie etwa das Thema des Trommelabends, das sich jeweils nur sehr kurzfristig ergibt, [&hellip;]<\/p>\n","protected":false},"author":1,"featured_media":188,"parent":0,"menu_order":0,"comment_status":"closed","ping_status":"closed","template":"","meta":{"footnotes":""},"class_list":["post-190","page","type-page","status-publish","has-post-thumbnail","hentry"],"_links":{"self":[{"href":"https:\/\/zaunreiterin.eu\/de_de\/wp-json\/wp\/v2\/pages\/190","targetHints":{"allow":["GET"]}}],"collection":[{"href":"https:\/\/zaunreiterin.eu\/de_de\/wp-json\/wp\/v2\/pages"}],"about":[{"href":"https:\/\/zaunreiterin.eu\/de_de\/wp-json\/wp\/v2\/types\/page"}],"author":[{"embeddable":true,"href":"https:\/\/zaunreiterin.eu\/de_de\/wp-json\/wp\/v2\/users\/1"}],"replies":[{"embeddable":true,"href":"https:\/\/zaunreiterin.eu\/de_de\/wp-json\/wp\/v2\/comments?post=190"}],"version-history":[{"count":5,"href":"https:\/\/zaunreiterin.eu\/de_de\/wp-json\/wp\/v2\/pages\/190\/revisions"}],"predecessor-version":[{"id":1045,"href":"https:\/\/zaunreiterin.eu\/de_de\/wp-json\/wp\/v2\/pages\/190\/revisions\/1045"}],"wp:featuredmedia":[{"embeddable":true,"href":"https:\/\/zaunreiterin.eu\/de_de\/wp-json\/wp\/v2\/media\/188"}],"wp:attachment":[{"href":"https:\/\/zaunreiterin.eu\/de_de\/wp-json\/wp\/v2\/media?parent=190"}],"curies":[{"name":"wp","href":"https:\/\/api.w.org\/{rel}","templated":true}]}}