{"id":2,"date":"2025-05-02T19:56:46","date_gmt":"2025-05-02T19:56:46","guid":{"rendered":"https:\/\/zaunreiterin.eu\/?page_id=2"},"modified":"2025-05-24T20:17:55","modified_gmt":"2025-05-24T18:17:55","slug":"veranstaltungen","status":"publish","type":"page","link":"https:\/\/zaunreiterin.eu\/de_de\/veranstaltungen\/","title":{"rendered":"Veranstaltungen und Angebote"},"content":{"rendered":"\n<div class=\"wp-block-columns is-layout-flex wp-container-core-columns-is-layout-28f84493 wp-block-columns-is-layout-flex\">\n<div class=\"wp-block-column is-layout-flow wp-block-column-is-layout-flow\" style=\"flex-basis:25%\"><\/div>\n\n\n\n<div class=\"wp-block-column is-layout-flow wp-block-column-is-layout-flow\" style=\"flex-basis:50%\">\n<p>Wenn ich den Schamanismus in die Welt tragen will, muss ich bei den grundlegenden Dingen anfangen und auch so, dass die Welt tats\u00e4chlich etwas damit anfangen kann. Was ich, teilweise gemeinsam mit anderen, anbiete, ist daher f\u00fcr jeden offen, der Interesse hat. Voraussetzung ist allein die Bereitschaft, Dich auf Dich selber einzulassen.<\/p>\n\n\n\n<p>Nat\u00fcrlich ist dar\u00fcber hinaus noch viel mehr m\u00f6glich. Frag mich einfach, wenn Du das Gef\u00fchl hast, hier k\u00f6nnte es f\u00fcr Dich weitergehen. Ich freue mich darauf, f\u00fcr Dich zu arbeiten &#8211; und mit Dir.<\/p>\n<\/div>\n\n\n\n<div class=\"wp-block-column is-layout-flow wp-block-column-is-layout-flow\" style=\"flex-basis:25%\"><\/div>\n<\/div>\n\n\n\n<div class=\"wp-block-columns is-layout-flex wp-container-core-columns-is-layout-28f84493 wp-block-columns-is-layout-flex\">\n<div class=\"wp-block-column is-layout-flow wp-block-column-is-layout-flow\" style=\"flex-basis:25%\"><\/div>\n\n\n\n<div class=\"wp-block-column is-layout-flow wp-block-column-is-layout-flow\" style=\"flex-basis:50%\"><ul class=\"wp-block-list is-layout-flex wp-container-core-list-is-layout-fe9cc265 wp-block-list-is-layout-flex\" style=\"\">\n<li><a href=\"https:\/\/zaunreiterin.eu\/termine\/\" data-type=\"page\" data-id=\"154\">Termine<\/a><\/li>\n\n\n\n<li><a href=\"https:\/\/zaunreiterin.eu\/schamanischer-trommelabend\/\" data-type=\"page\" data-id=\"153\">Schamanischer Trommelabend<\/a><\/li>\n\n\n\n<li><a href=\"https:\/\/zaunreiterin.eu\/psychedelisches-coaching\/\" data-type=\"page\" data-id=\"888\">Psychedelisches Coaching<\/a><\/li>\n\n\n\n<li><a href=\"https:\/\/zaunreiterin.eu\/psychedelische-integration-11\/\" data-type=\"page\" data-id=\"351\">Psychedelische Integration 1:1<\/a><\/li>\n\n\n\n<li><a href=\"https:\/\/zaunreiterin.eu\/psychedelischer-integrationszirkel\/\" data-type=\"page\" data-id=\"900\">Psychedelischer Integrationszirkel<\/a><\/li>\n\n\n\n<li><a href=\"https:\/\/zaunreiterin.eu\/trommelbau\/\" data-type=\"page\" data-id=\"220\">Trommelbau<\/a><\/li>\n\n\n\n<li><a href=\"https:\/\/zaunreiterin.eu\/ganzheitliches-heilatmen\/\" data-type=\"page\" data-id=\"232\">Ganzheitliches Heilatmen<\/a><\/li>\n\n\n\n<li><a href=\"https:\/\/zaunreiterin.eu\/schwitzhuette-2\/\" data-type=\"page\" data-id=\"234\">Schwitzh&uuml;tte<\/a><\/li>\n\n\n\n<li><a href=\"https:\/\/zaunreiterin.eu\/medizinrad\/\" data-type=\"page\" data-id=\"239\">Medizinrad<\/a><\/li>\n<\/ul>\n<\/div>\n\n\n\n<div class=\"wp-block-column is-layout-flow wp-block-column-is-layout-flow\" style=\"flex-basis:25%\"><\/div>\n<\/div>\n","protected":false},"excerpt":{"rendered":"<p>Wenn ich den Schamanismus in die Welt tragen will, muss ich bei den grundlegenden Dingen anfangen und auch so, dass die Welt tats\u00e4chlich etwas damit anfangen kann. Was ich, teilweise gemeinsam mit anderen, anbiete, ist daher f\u00fcr jeden offen, der Interesse hat. Voraussetzung ist allein die Bereitschaft, Dich auf Dich selber einzulassen. Nat\u00fcrlich ist dar\u00fcber [&hellip;]<\/p>\n","protected":false},"author":1,"featured_media":150,"parent":0,"menu_order":0,"comment_status":"closed","ping_status":"open","template":"","meta":{"footnotes":""},"class_list":["post-2","page","type-page","status-publish","has-post-thumbnail","hentry"],"_links":{"self":[{"href":"https:\/\/zaunreiterin.eu\/de_de\/wp-json\/wp\/v2\/pages\/2","targetHints":{"allow":["GET"]}}],"collection":[{"href":"https:\/\/zaunreiterin.eu\/de_de\/wp-json\/wp\/v2\/pages"}],"about":[{"href":"https:\/\/zaunreiterin.eu\/de_de\/wp-json\/wp\/v2\/types\/page"}],"author":[{"embeddable":true,"href":"https:\/\/zaunreiterin.eu\/de_de\/wp-json\/wp\/v2\/users\/1"}],"replies":[{"embeddable":true,"href":"https:\/\/zaunreiterin.eu\/de_de\/wp-json\/wp\/v2\/comments?post=2"}],"version-history":[{"count":10,"href":"https:\/\/zaunreiterin.eu\/de_de\/wp-json\/wp\/v2\/pages\/2\/revisions"}],"predecessor-version":[{"id":1052,"href":"https:\/\/zaunreiterin.eu\/de_de\/wp-json\/wp\/v2\/pages\/2\/revisions\/1052"}],"wp:featuredmedia":[{"embeddable":true,"href":"https:\/\/zaunreiterin.eu\/de_de\/wp-json\/wp\/v2\/media\/150"}],"wp:attachment":[{"href":"https:\/\/zaunreiterin.eu\/de_de\/wp-json\/wp\/v2\/media?parent=2"}],"curies":[{"name":"wp","href":"https:\/\/api.w.org\/{rel}","templated":true}]}}