{"id":234,"date":"2025-05-04T12:08:10","date_gmt":"2025-05-04T12:08:10","guid":{"rendered":"https:\/\/zaunreiterin.eu\/?page_id=234"},"modified":"2025-05-24T20:14:53","modified_gmt":"2025-05-24T18:14:53","slug":"schwitzhuette-2","status":"publish","type":"page","link":"https:\/\/zaunreiterin.eu\/de_de\/schwitzhuette-2\/","title":{"rendered":"Schwitzh\u00fctte"},"content":{"rendered":"\n<div class=\"wp-block-columns is-layout-flex wp-container-core-columns-is-layout-28f84493 wp-block-columns-is-layout-flex\">\n<div class=\"wp-block-column is-layout-flow wp-block-column-is-layout-flow\" style=\"flex-basis:25%\"><\/div>\n\n\n\n<div class=\"wp-block-column is-layout-flow wp-block-column-is-layout-flow\" style=\"flex-basis:50%\">\n<p>Aktuell gibt es keinen Termin, aber Interessenten d\u00fcrfen sich gerne melden, wir organisieren nach Bedarf. Einen wunderbar geeigneten Ort im Allg\u00e4u gibt es daf\u00fcr.<\/p>\n\n\n\n<p>Die Schwitzh\u00fctte, wie sie hierzulande meistens praktiziert wird, ist ein von den nordamerikanischen Indianern \u00fcbernommenes Reinigungsritual. Vergleichbare Rituale gab es jedoch auch in Eurasien; die Sauna und die Banja sind \u00dcberbleibsel davon.<\/p>\n\n\n\n<p>Wir gehen in die Schwitzh\u00fctte, in den Bauch von Mutter Erde, um uns zu reinigen, loszulassen, uns mit der Natur und mit uns selbst zu verbinden, um zu bitten und zu danken. Um zu singen und zu schweigen, zu lachen und zu schreien. Und um zu schwitzen, nat\u00fcrlich.<\/p>\n\n\n\n<p>Beginn ist am Samstag um 12 Uhr. Wir treffen uns zu einem Redekreis, machen vielleicht eine schamanische Reise oder eine Medizinwanderung, um unsere Absicht f\u00fcr die H\u00fctte zu kl\u00e4ren. Wir kn\u00fcpfen Tobacco Ties und richten den Schwitzh\u00fcttenplatz her. Die Schwitzh\u00fctte selbst findet gegen Abend statt und dauert bis in die Nacht hinein. Am n\u00e4chsten Morgen r\u00e4umen wir den Platz auf und treffen uns zu einem Abschlusskreis. Ende ist gegen 12-14 Uhr.<\/p>\n\n\n\n<p>Am Tag der Schwitzh\u00fctte essen wir nach dem Fr\u00fchst\u00fcck nichts mehr. Wasser ist vorhanden, Kaffee und Tee kann gekocht werden.<\/p>\n\n\n\n<p>Mitbringen:<br>&#8211; drau\u00dfentaugliche und wetterangepasste Kleidung, festes Schuhwerk<br>&#8211; 2 Handt\u00fccher (die sehr dreckig werden d\u00fcrfen)<br>&#8211; f\u00fcr die Schwitzh\u00fctte Kleidung m\u00f6glichst nicht aus Kunstfaser: M\u00e4nner: bequeme Shorts o.\u00e4., Frauen: Wickeltuch (Sarong) o.\u00e4.<br>&#8211; Stirnlampe oder Taschenlampe<br>&#8211; sofern vorhanden: Trommeln, Rasseln, eigene Kraftgegenst\u00e4nde<br>&#8211; Giveaway (kleines Geschenk) f\u00fcr den Feuerh\u00fcter<br>&#8211; fertig vorbereitetes Essen f\u00fcr das gemeinsame Fastenbrechen nach der Schwitzh\u00fctte (Salat, Brot, Kuchen, &#8230;) und f\u00fcrs Fr\u00fchst\u00fcck<\/p>\n\n\n\n<p><strong>Leitung:<\/strong> Sabine Schleichert<br><strong>Zeit:<\/strong> tbd<br><strong>Ort:<\/strong> tbd<br>Die \u00dcbernachtung erfolgt in schlichten, gem\u00fctlichen Mehrbettzimmern.<br>Anreise eigenverantwortlich, bei Bedarf an Mitfahrgelegenheit meldet Euch bitte.<br><strong>Kosten:<\/strong> tbd<br><strong>Anmeldung:<\/strong> bei Sabine (sabine@ggrs.com oder via diverse Messenger unter 0176-45503994)<\/p>\n\n\n\n<p><strong>Das Kleingedruckte:<\/strong><br>Schamanisches Arbeiten ersetzt keinen Besuch beim Arzt, Therapeuten oder Heilpraktiker. Bei schamanischer Arbeit handelt es sich nicht um schulmedizinische Behandlung oder Aus\u00fcbung der Heilkunde im Sinne des Gesetzes. Die Teilnahme erfolgt freiwillig und auf eigene Verantwortung. Haftung f\u00fcr Gegenst\u00e4nde wird nicht \u00fcbernommen.<\/p>\n\n\n\n<p><br><br><br><br><br><br><br><br><br><br><br><br><br><\/p>\n<\/div>\n\n\n\n<div class=\"wp-block-column is-layout-flow wp-block-column-is-layout-flow\" style=\"flex-basis:25%\"><\/div>\n<\/div>\n","protected":false},"excerpt":{"rendered":"<p>Aktuell gibt es keinen Termin, aber Interessenten d\u00fcrfen sich gerne melden, wir organisieren nach Bedarf. Einen wunderbar geeigneten Ort im Allg\u00e4u gibt es daf\u00fcr. Die Schwitzh\u00fctte, wie sie hierzulande meistens praktiziert wird, ist ein von den nordamerikanischen Indianern \u00fcbernommenes Reinigungsritual. Vergleichbare Rituale gab es jedoch auch in Eurasien; die Sauna und die Banja sind \u00dcberbleibsel [&hellip;]<\/p>\n","protected":false},"author":1,"featured_media":237,"parent":0,"menu_order":0,"comment_status":"closed","ping_status":"closed","template":"","meta":{"footnotes":""},"class_list":["post-234","page","type-page","status-publish","has-post-thumbnail","hentry"],"_links":{"self":[{"href":"https:\/\/zaunreiterin.eu\/de_de\/wp-json\/wp\/v2\/pages\/234","targetHints":{"allow":["GET"]}}],"collection":[{"href":"https:\/\/zaunreiterin.eu\/de_de\/wp-json\/wp\/v2\/pages"}],"about":[{"href":"https:\/\/zaunreiterin.eu\/de_de\/wp-json\/wp\/v2\/types\/page"}],"author":[{"embeddable":true,"href":"https:\/\/zaunreiterin.eu\/de_de\/wp-json\/wp\/v2\/users\/1"}],"replies":[{"embeddable":true,"href":"https:\/\/zaunreiterin.eu\/de_de\/wp-json\/wp\/v2\/comments?post=234"}],"version-history":[{"count":4,"href":"https:\/\/zaunreiterin.eu\/de_de\/wp-json\/wp\/v2\/pages\/234\/revisions"}],"predecessor-version":[{"id":1049,"href":"https:\/\/zaunreiterin.eu\/de_de\/wp-json\/wp\/v2\/pages\/234\/revisions\/1049"}],"wp:featuredmedia":[{"embeddable":true,"href":"https:\/\/zaunreiterin.eu\/de_de\/wp-json\/wp\/v2\/media\/237"}],"wp:attachment":[{"href":"https:\/\/zaunreiterin.eu\/de_de\/wp-json\/wp\/v2\/media?parent=234"}],"curies":[{"name":"wp","href":"https:\/\/api.w.org\/{rel}","templated":true}]}}