{"id":239,"date":"2025-05-04T12:08:30","date_gmt":"2025-05-04T12:08:30","guid":{"rendered":"https:\/\/zaunreiterin.eu\/?page_id=239"},"modified":"2025-05-24T20:06:37","modified_gmt":"2025-05-24T18:06:37","slug":"medizinrad","status":"publish","type":"page","link":"https:\/\/zaunreiterin.eu\/de_de\/medizinrad\/","title":{"rendered":"Medizinrad"},"content":{"rendered":"\n<div class=\"wp-block-columns is-layout-flex wp-container-core-columns-is-layout-28f84493 wp-block-columns-is-layout-flex\">\n<div class=\"wp-block-column is-layout-flow wp-block-column-is-layout-flow\" style=\"flex-basis:25%\"><\/div>\n\n\n\n<div class=\"wp-block-column is-layout-flow wp-block-column-is-layout-flow\" style=\"flex-basis:50%\">\n<p>Das Medizinrad, der Kreis des Lebens ist eine Landkarte. Mit ihm k\u00f6nnen die Elemente und Bestandteile der Natur und des Lebens in Beziehung gesetzt werden &#8211; zueinander, zum Ganzen, zum Betrachter. Es enth\u00e4lt alles. Und weil das so ist, k\u00f6nnen wir Antworten in ihm finden, Antworten auf Fragen, die sich im Leben stellen. Wir k\u00f6nnen in Verbindung mit den Energien des Lebens gehen, unser inneres Gleichgewicht und Orientierung darin finden.<\/p>\n\n\n\n<p>In diesem zweit\u00e4gigen Seminar werden wir ein auch in Innenr\u00e4umen verwendbares Medizinrad aufbauen und uns \u00fcber die verschiedenen m\u00f6glichen Zuordnungen ebenso wie \u00fcber Rituale im Allgemeinen Gedanken machen. Wir werden uns dem Rad in gef\u00fchrten Meditationen und schamanischen Reisen ann\u00e4hern. Wir werden im Rad selbst arbeiten, nach Antworten und nach einem Ausgleich der Kr\u00e4fte suchen. Wir werden das Medizinrad in (und um) uns selber finden.<\/p>\n\n\n\n<p>Dabei geht es mir nicht um die verbreiteten, horoskopartigen Darstellungen wie etwa das Medizinrad von Sun Bear, oder um Aussagen wie &#8222;das Element Erde ist dem Norden zugeordnet&#8220;. Es geht mir eher um die zugrundeliegenden universellen Strukturen &#8211; eben um die Landkarte des Lebens. Ich m\u00f6chte mit den Teilnehmer:innen dieses Rad erforschen, es ihnen erm\u00f6glichen, langfristig ihr ganz eigenes, pers\u00f6nliches Medizinrad zu finden.<\/p>\n\n\n\n<p>All das dient zun\u00e4chst der eigenen Erfahrung, kann aber auch als Handwerkszeug f\u00fcr die Arbeit mit Klienten dienen.<\/p>\n\n\n\n<p>Aktuell gibt es keinen Termin. Wer Interesse hat, darf sich aber gerne melden, ich organisiere dann.<\/p>\n\n\n\n<p><strong>Voraussetzung:<\/strong> F\u00e4higkeit zum schamanischen Reisen, guter Kontakt zum Krafttier bzw. anderen Verb\u00fcndeten<\/p>\n\n\n\n<p><strong>Zeit:<\/strong> tbd, 2 Tage<br><strong>Ort:<\/strong> tbd<br><strong>Kosten:<\/strong> tbd<br><strong>Unterkunft:<\/strong> bitte selbst organisieren<br><strong>Verpflegung:<\/strong> bitte Beitr\u00e4ge zum B\u00fcffet mitbringen<\/p>\n\n\n\n<p><strong>Mitbringen:<\/strong> bequeme Kleidung, warme Socken, Isomatte o.\u00e4. Unterlage, Kissen zum Draufsitzen, Decke, Tuch f\u00fcr die Augen, Schreibzeug<br>wer hat und mag: Trommel oder Rassel<br>wenn etwas vorhanden ist und(!) mitm\u00f6chte: nicht zu gro\u00dfe Symbole f\u00fcr die Richtungen (z.B. T\u00fccher oder Kerzen samt Untersetzer in den Farben gelb, rot, schwarz, wei\u00df, blau, gr\u00fcn, Gegenst\u00e4nde f\u00fcr die Elemente Feuer, Erde, Wasser, Luft, &#8230;; man muss nicht f\u00fcr alle Richtungen etwas mitbringen)<\/p>\n\n\n\n<p><strong>Leitung:<\/strong> Sabine Schleichert<br><strong>Kontakt und Anmeldung:<\/strong> sabine@ggrs.com, 0176-45503994 (auch SMS, WhatsApp, Signal, Threema, Telegram)<\/p>\n<\/div>\n\n\n\n<div class=\"wp-block-column is-layout-flow wp-block-column-is-layout-flow\" style=\"flex-basis:25%\"><\/div>\n<\/div>\n","protected":false},"excerpt":{"rendered":"<p>Das Medizinrad, der Kreis des Lebens ist eine Landkarte. Mit ihm k\u00f6nnen die Elemente und Bestandteile der Natur und des Lebens in Beziehung gesetzt werden &#8211; zueinander, zum Ganzen, zum Betrachter. Es enth\u00e4lt alles. Und weil das so ist, k\u00f6nnen wir Antworten in ihm finden, Antworten auf Fragen, die sich im Leben stellen. Wir k\u00f6nnen [&hellip;]<\/p>\n","protected":false},"author":1,"featured_media":242,"parent":0,"menu_order":0,"comment_status":"closed","ping_status":"closed","template":"","meta":{"footnotes":""},"class_list":["post-239","page","type-page","status-publish","has-post-thumbnail","hentry"],"_links":{"self":[{"href":"https:\/\/zaunreiterin.eu\/de_de\/wp-json\/wp\/v2\/pages\/239","targetHints":{"allow":["GET"]}}],"collection":[{"href":"https:\/\/zaunreiterin.eu\/de_de\/wp-json\/wp\/v2\/pages"}],"about":[{"href":"https:\/\/zaunreiterin.eu\/de_de\/wp-json\/wp\/v2\/types\/page"}],"author":[{"embeddable":true,"href":"https:\/\/zaunreiterin.eu\/de_de\/wp-json\/wp\/v2\/users\/1"}],"replies":[{"embeddable":true,"href":"https:\/\/zaunreiterin.eu\/de_de\/wp-json\/wp\/v2\/comments?post=239"}],"version-history":[{"count":4,"href":"https:\/\/zaunreiterin.eu\/de_de\/wp-json\/wp\/v2\/pages\/239\/revisions"}],"predecessor-version":[{"id":1041,"href":"https:\/\/zaunreiterin.eu\/de_de\/wp-json\/wp\/v2\/pages\/239\/revisions\/1041"}],"wp:featuredmedia":[{"embeddable":true,"href":"https:\/\/zaunreiterin.eu\/de_de\/wp-json\/wp\/v2\/media\/242"}],"wp:attachment":[{"href":"https:\/\/zaunreiterin.eu\/de_de\/wp-json\/wp\/v2\/media?parent=239"}],"curies":[{"name":"wp","href":"https:\/\/api.w.org\/{rel}","templated":true}]}}