{"id":288,"date":"2025-05-04T12:40:10","date_gmt":"2025-05-04T12:40:10","guid":{"rendered":"https:\/\/zaunreiterin.eu\/?page_id=288"},"modified":"2025-05-24T19:48:10","modified_gmt":"2025-05-24T17:48:10","slug":"hingabe","status":"publish","type":"page","link":"https:\/\/zaunreiterin.eu\/de_de\/hingabe\/","title":{"rendered":"Hingabe"},"content":{"rendered":"\n<div class=\"wp-block-columns is-layout-flex wp-container-core-columns-is-layout-28f84493 wp-block-columns-is-layout-flex\">\n<div class=\"wp-block-column is-layout-flow wp-block-column-is-layout-flow\" style=\"flex-basis:25%\"><\/div>\n\n\n\n<div class=\"wp-block-column is-layout-flow wp-block-column-is-layout-flow\" style=\"flex-basis:50%\">\n<p>Beten, ich? So komplett atheistisch, wie ich aufgewachsen bin? Die ich Kirchen immer nur als Historikerin, der sch\u00f6nen Geb\u00e4ude wegen und ansonsten mit dem Blick des Ethnologen besucht habe, um die &#8222;merkw\u00fcrdigen Gebr\u00e4uche der Einheimischen&#8220; zu studieren?<\/p>\n\n\n\n<p>Ja, doch.<\/p>\n\n\n\n<p>Was gibt es f\u00fcr ein genialeres Gebet als das Vaterunser? &#8222;Dein Wille geschehe.&#8220; Nicht meiner. Ich gebe mich hin. Ich gebe alles, was ich zu geben habe &#8211; mich selbst. Ich gebe es hin, ohne zu wissen, was kommt, auch, ohne etwas zu erwarten.<\/p>\n\n\n\n<p>Das unterscheidet ein Gebet von einer Bitte. Ich bitte um etwas, um ein Auto (&#8222;Oh, Lord, won&#8217;t you buy me a Mercedes Benz &#8230;&#8220;), um Gesundheit, um Frieden. Ich m\u00f6chte etwas bekommen. Nat\u00fcrlich kann ich auch f\u00fcr andere oder f\u00fcr die Gemeinschaft bitten &#8211; die christliche Tradition hat mit der F\u00fcrbitte sogar einen eigenen Begriff daf\u00fcr. Doch im Kern geht es um mich. <em>Ich<\/em> m\u00f6chte etwas.<\/p>\n\n\n\n<p>Im Gebet dagegen spielt das, was ich als Person, als Mensch m\u00f6chte, keine Rolle, bin ich selbst v\u00f6llig unwichtig. &#8222;Dein Wille geschehe&#8220;.<\/p>\n\n\n\n<p>Nat\u00fcrlich habe ich einen Willen und auch die Freiheit, jeden beliebigen Weg zu beschreiten, und egal, welchen Weg ich w\u00e4hle, ich bin immer noch in Gottes Hand. &#8222;Ich vertraue, dass ich nicht tiefer fallen kann als in Gottes H\u00e4nde.&#8220; Diesen Satz musste ich vor einigen Jahren vor meinen Geistern &#8222;unterschreiben&#8220;. Und es fiel mir schwer, sehr schwer. Kann ich wirklich vertrauen? Kann ich auch dann vertrauen, wenn mir gerade s\u00e4mtlicher Boden unter den F\u00fc\u00dfen weggezogen wird?<\/p>\n\n\n\n<p>Es ist ziemlich unm\u00f6glich, den schamanischen Weg zu beschreiten, ohne dabei gnadenlos mit sich selber konfrontiert zu werden, mit den eigenen Schatten und unaufger\u00e4umten Ecken, und zwar immer und immer wieder, wie bei einer Zwiebel, die St\u00fcck f\u00fcr St\u00fcck aufgebl\u00e4ttert wird, um ihr Innerstes freizulegen. Diesen Sommer gab es einen Punkt, da hatte ich dieses ewige Achterbahnfahren satt, hatte keine Kraft mehr daf\u00fcr. Ich war m\u00fcde, wollte nicht mehr, sehnte mich nach Frieden. Mich selber zu lieben, k\u00f6nne den Schmerz heilen, sagten meine Geister. Doch auch daf\u00fcr hatte ich keine Kraft mehr. &#8222;Dein Wille geschehe&#8220;, habe ich gebetet, denn ich selbst hatte keinen mehr.<\/p>\n\n\n\n<p>Und wieder einmal lag in diesem kompletten Aufgeben, in dem Mich-hin-geben die L\u00f6sung. Dieses Mal nicht sofort (auch das ist schon vorgekommen, wie wenn ein Schalter umgelegt wurde), aber nicht lange danach, zwei Wochen, vielleicht drei. Ein Stichwort kam aus einer Reise, die jemand f\u00fcr mich unternahm, ein weiteres in einem Traum. Noch ein Traum, in dem vielleicht letzte Hindernisse beseitigt wurden. Schlie\u00dflich ein Abend beim Welle-Tanzen, pl\u00f6tzlich tr\u00e4gt es mich komplett von der Tanzfl\u00e4che weg, vor mir ein Wald, ein Tor. Mir wird klar, dass es um eine Entscheidung geht, um den Platz, der der meinige ist. &#8222;Dann geh!&#8220;, hei\u00dft es von den Geistern &#8211; Erlaubnis wie Aufforderung, der solcherart getroffenen Entscheidung, dem Statement tats\u00e4chlich zu folgen.<\/p>\n\n\n\n<p>Egal, ob f\u00fcr uns oder f\u00fcr andere: schamanisches Arbeiten braucht nicht nur Hingabe, schamanisches Arbeiten <em>ist<\/em> Hingabe, ist Demut, ist ein Gebet.<\/p>\n\n\n\n<p>(Herbst 2015)<\/p>\n<\/div>\n\n\n\n<div class=\"wp-block-column is-layout-flow wp-block-column-is-layout-flow\" style=\"flex-basis:25%\"><\/div>\n<\/div>\n","protected":false},"excerpt":{"rendered":"<p>Beten, ich? So komplett atheistisch, wie ich aufgewachsen bin? Die ich Kirchen immer nur als Historikerin, der sch\u00f6nen Geb\u00e4ude wegen und ansonsten mit dem Blick des Ethnologen besucht habe, um die &#8222;merkw\u00fcrdigen Gebr\u00e4uche der Einheimischen&#8220; zu studieren? Ja, doch. Was gibt es f\u00fcr ein genialeres Gebet als das Vaterunser? &#8222;Dein Wille geschehe.&#8220; Nicht meiner. Ich [&hellip;]<\/p>\n","protected":false},"author":1,"featured_media":286,"parent":0,"menu_order":0,"comment_status":"closed","ping_status":"closed","template":"","meta":{"footnotes":""},"class_list":["post-288","page","type-page","status-publish","has-post-thumbnail","hentry"],"_links":{"self":[{"href":"https:\/\/zaunreiterin.eu\/de_de\/wp-json\/wp\/v2\/pages\/288","targetHints":{"allow":["GET"]}}],"collection":[{"href":"https:\/\/zaunreiterin.eu\/de_de\/wp-json\/wp\/v2\/pages"}],"about":[{"href":"https:\/\/zaunreiterin.eu\/de_de\/wp-json\/wp\/v2\/types\/page"}],"author":[{"embeddable":true,"href":"https:\/\/zaunreiterin.eu\/de_de\/wp-json\/wp\/v2\/users\/1"}],"replies":[{"embeddable":true,"href":"https:\/\/zaunreiterin.eu\/de_de\/wp-json\/wp\/v2\/comments?post=288"}],"version-history":[{"count":4,"href":"https:\/\/zaunreiterin.eu\/de_de\/wp-json\/wp\/v2\/pages\/288\/revisions"}],"predecessor-version":[{"id":1032,"href":"https:\/\/zaunreiterin.eu\/de_de\/wp-json\/wp\/v2\/pages\/288\/revisions\/1032"}],"wp:featuredmedia":[{"embeddable":true,"href":"https:\/\/zaunreiterin.eu\/de_de\/wp-json\/wp\/v2\/media\/286"}],"wp:attachment":[{"href":"https:\/\/zaunreiterin.eu\/de_de\/wp-json\/wp\/v2\/media?parent=288"}],"curies":[{"name":"wp","href":"https:\/\/api.w.org\/{rel}","templated":true}]}}