{"id":298,"date":"2025-05-04T13:19:17","date_gmt":"2025-05-04T13:19:17","guid":{"rendered":"https:\/\/zaunreiterin.eu\/?page_id=298"},"modified":"2025-05-24T19:43:52","modified_gmt":"2025-05-24T17:43:52","slug":"heilung","status":"publish","type":"page","link":"https:\/\/zaunreiterin.eu\/de_de\/heilung\/","title":{"rendered":"Heilung"},"content":{"rendered":"\n<div class=\"wp-block-columns is-layout-flex wp-container-core-columns-is-layout-28f84493 wp-block-columns-is-layout-flex\">\n<div class=\"wp-block-column is-layout-flow wp-block-column-is-layout-flow\" style=\"flex-basis:25%\"><\/div>\n\n\n\n<div class=\"wp-block-column is-layout-flow wp-block-column-is-layout-flow\" style=\"flex-basis:50%\">\n<p>&#8222;Es ist anders, als du denkst. Gift ist Heilung, und Heilung ist Gift.&#8220; Diesen Satz bekam ich von meinen Geistern geschenkt.<\/p>\n\n\n\n<p>Was ist Heilung? Was ist \u00fcberhaupt Heil-sein? Wer ist es, der heilt?<\/p>\n\n\n\n<p>Heil sein ist \u00fcberhaupt nur m\u00f6glich, wenn ich dazu bereit bin. Es bedeutet, von der Klippe ins Unbekannte zu springen, ohne zu wissen, ob und wie ich unten ankomme. Es bedeutet, aus eigener Kraft zu fliegen, mit allen Konsequenzen, ohne Netz und doppelten Boden, in vollem Bewusstsein der Verantwortung, und ohne einen Weg zur\u00fcck. Es bedeutet, mich nicht mehr hinter irgendetwas zu verstecken. Das wurde mir klar, als die geistigen Welten mich vor die Frage gestellt haben: &#8222;Bist du bereit, heil zu sein?&#8220;<\/p>\n\n\n\n<p>Heilung, Heilen ist der Weg dorthin, ein Tanz mit den Energien des Universums. Auf den gilt es sich einzulassen.<\/p>\n\n\n\n<p>Ich habe mich lange dagegen gewehrt, irgendetwas mit Heilen zu tun haben zu wollen; ich fand es sehr viel spannender, in staubigen Akten nach historischen Erkenntnissen zu suchen. Dann bin ich ins Schamanische hineingerasselt, und es wurde zunehmend deutlich, dass mir das schamanische Arbeiten, eben gerade das Heilen, tiefe Freude macht. Trotzdem blieb etwas, das ich \u00fcber Monate hinweg nicht verstanden habe. Denn wann immer ich mein Herz gefragt habe, ob ich Heilerin werden will, war die Antwort unmissverst\u00e4ndlich Nein. Erst jetzt habe ich mit einem Mal begriffen: die Frage war schlicht falsch gestellt. Wenn ich mein Herz frage, ob ich <em>Heilung bringen<\/em> will, dann ist die Antwort ein klares Ja. Der Unterschied ist nur scheinbar minimal, tats\u00e4chlich sind es zwei v\u00f6llig verschiedene Ans\u00e4tze.<\/p>\n\n\n\n<p>Gift ist Heilung, und Heilung ist Gift. Wir Menschen k\u00f6nnen nicht wissen, was heilt. Vielleicht ist das, wovon wir glauben, dass es heilt, genau das Falsche. Vielleicht ist es gar in einer bestimmten Situation richtig, jemanden &#8222;mit offenen T\u00f6pfen&#8220;, voller Schmerz oder Wut, ziehen zu lassen, auch wenn unser menschliches Bewusstsein sich mit allen Kr\u00e4ften dagegen wehrt und lamentiert, das k\u00f6nne man doch so nicht stehen lassen.<\/p>\n\n\n\n<p>Wir k\u00f6nnen nur vertrauen und uns leiten lassen. Leiten lassen von unseren Geistern, von den geistigen Welten. Denn die sind es, die heilen. Nicht wir.<\/p>\n\n\n\n<p>Nat\u00fcrlich braucht es auch die Menschen daf\u00fcr. Es braucht die Menschen, um zu handeln, zu reden, da zu sein. All das k\u00f6nnen die Geister in dieser Form nicht. Insofern k\u00f6nnen wir Menschen, sofern wir einerseits wollen und andererseits d\u00fcrfen, Kanal sein f\u00fcr das Wirken der geistigen Welten &#8211; und damit k\u00f6nnen wir in der Tat <em>Heilung bringen<\/em>. Genau das; nicht mehr, nicht weniger.<\/p>\n\n\n\n<p>(Sommer 2013)<\/p>\n<\/div>\n\n\n\n<div class=\"wp-block-column is-layout-flow wp-block-column-is-layout-flow\" style=\"flex-basis:25%\"><\/div>\n<\/div>\n","protected":false},"excerpt":{"rendered":"<p>&#8222;Es ist anders, als du denkst. Gift ist Heilung, und Heilung ist Gift.&#8220; Diesen Satz bekam ich von meinen Geistern geschenkt. Was ist Heilung? Was ist \u00fcberhaupt Heil-sein? Wer ist es, der heilt? Heil sein ist \u00fcberhaupt nur m\u00f6glich, wenn ich dazu bereit bin. Es bedeutet, von der Klippe ins Unbekannte zu springen, ohne zu [&hellip;]<\/p>\n","protected":false},"author":1,"featured_media":297,"parent":0,"menu_order":0,"comment_status":"closed","ping_status":"closed","template":"","meta":{"footnotes":""},"class_list":["post-298","page","type-page","status-publish","has-post-thumbnail","hentry"],"_links":{"self":[{"href":"https:\/\/zaunreiterin.eu\/de_de\/wp-json\/wp\/v2\/pages\/298","targetHints":{"allow":["GET"]}}],"collection":[{"href":"https:\/\/zaunreiterin.eu\/de_de\/wp-json\/wp\/v2\/pages"}],"about":[{"href":"https:\/\/zaunreiterin.eu\/de_de\/wp-json\/wp\/v2\/types\/page"}],"author":[{"embeddable":true,"href":"https:\/\/zaunreiterin.eu\/de_de\/wp-json\/wp\/v2\/users\/1"}],"replies":[{"embeddable":true,"href":"https:\/\/zaunreiterin.eu\/de_de\/wp-json\/wp\/v2\/comments?post=298"}],"version-history":[{"count":4,"href":"https:\/\/zaunreiterin.eu\/de_de\/wp-json\/wp\/v2\/pages\/298\/revisions"}],"predecessor-version":[{"id":1029,"href":"https:\/\/zaunreiterin.eu\/de_de\/wp-json\/wp\/v2\/pages\/298\/revisions\/1029"}],"wp:featuredmedia":[{"embeddable":true,"href":"https:\/\/zaunreiterin.eu\/de_de\/wp-json\/wp\/v2\/media\/297"}],"wp:attachment":[{"href":"https:\/\/zaunreiterin.eu\/de_de\/wp-json\/wp\/v2\/media?parent=298"}],"curies":[{"name":"wp","href":"https:\/\/api.w.org\/{rel}","templated":true}]}}