{"id":299,"date":"2025-05-04T12:52:41","date_gmt":"2025-05-04T12:52:41","guid":{"rendered":"https:\/\/zaunreiterin.eu\/?page_id=299"},"modified":"2025-05-24T20:08:32","modified_gmt":"2025-05-24T18:08:32","slug":"medizinrad-und-kreis-des-lebens","status":"publish","type":"page","link":"https:\/\/zaunreiterin.eu\/de_de\/medizinrad-und-kreis-des-lebens\/","title":{"rendered":"Medizinrad und Kreis des Lebens"},"content":{"rendered":"\n<div class=\"wp-block-columns is-layout-flex wp-container-core-columns-is-layout-28f84493 wp-block-columns-is-layout-flex\">\n<div class=\"wp-block-column is-layout-flow wp-block-column-is-layout-flow\" style=\"flex-basis:25%\"><\/div>\n\n\n\n<div class=\"wp-block-column is-layout-flow wp-block-column-is-layout-flow\" style=\"flex-basis:50%\">\n<p>Die &#8222;medicine wheels&#8220; &#8211; Medizinr\u00e4der &#8211; in Nordamerika sind runde Steinstrukturen, von denen manche auf ein Alter von mehreren tausend Jahren gesch\u00e4tzt werden. Ihr Zweck ist unbekannt, doch man nimmt an, dass sie zeremonielle Bedeutung hatten.<\/p>\n\n\n\n<figure class=\"wp-block-image aligncenter size-large\"><img loading=\"lazy\" decoding=\"async\" width=\"1024\" height=\"827\" src=\"https:\/\/zaunreiterin.eu\/wp-content\/uploads\/2025\/05\/MedicineWheel-1-1024x827.jpg\" alt=\"\" class=\"wp-image-302\" srcset=\"https:\/\/zaunreiterin.eu\/wp-content\/uploads\/2025\/05\/MedicineWheel-1-1024x827.jpg 1024w, https:\/\/zaunreiterin.eu\/wp-content\/uploads\/2025\/05\/MedicineWheel-1-300x242.jpg 300w, https:\/\/zaunreiterin.eu\/wp-content\/uploads\/2025\/05\/MedicineWheel-1-768x620.jpg 768w, https:\/\/zaunreiterin.eu\/wp-content\/uploads\/2025\/05\/MedicineWheel-1-1536x1241.jpg 1536w, https:\/\/zaunreiterin.eu\/wp-content\/uploads\/2025\/05\/MedicineWheel-1.jpg 1971w\" sizes=\"auto, (max-width: 1024px) 100vw, 1024px\" \/><\/figure>\n<\/div>\n\n\n\n<div class=\"wp-block-column is-layout-flow wp-block-column-is-layout-flow\" style=\"flex-basis:25%\"><\/div>\n<\/div>\n\n\n\n<div class=\"wp-block-columns is-layout-flex wp-container-core-columns-is-layout-28f84493 wp-block-columns-is-layout-flex\">\n<div class=\"wp-block-column is-layout-flow wp-block-column-is-layout-flow\" style=\"flex-basis:25%\"><\/div>\n\n\n\n<div class=\"wp-block-column is-layout-flow wp-block-column-is-layout-flow\" style=\"flex-basis:50%\">\n<p>\u00dcber die heute in New-Age-Kreisen h\u00e4ufig verwendeten Medizinr\u00e4der wird zwar auch gesagt, sie stammten aus der Tradition der amerikanischen Ureinwohner. Sie haben aber wenig \u00c4hnlichkeit mit diesen arch\u00e4ologischen Strukturen und\u00a0 wurden erst seit den 1970er Jahren vor allem von Hyemeyohsts Storm und Sun Bear bekannt gemacht.<\/p>\n\n\n\n<p>Man kann sich deshalb dar\u00fcber streiten, ob die Verwendung des Begriffes &#8222;Medizinrad&#8220; eine \u00fcbergriffige kulturelle Aneignung darstellt oder nicht. Einerseits w\u00fcrde ich, aus Respekt vor den tats\u00e4chlichen Traditionen, gerne auf den Begriff verzichten und stattdessen beispielsweise &#8222;Kreis des Lebens&#8220; verwenden. Andererseits hat sich der Begriff Medizinrad eingeb\u00fcrgert, und irgendwie ist er praktischer als &#8222;Kreis des Lebens&#8220;.<\/p>\n\n\n\n<p>Wie auch immer: die Tatsache bleibt, dass der Kreis oder das Rad eine f\u00fcr den Menschen universell g\u00fcltige Struktur abbilden. Das Bild des vier- oder mit Zwischenrichtungen achtspeichigen Rades findet sich entsprechend in vielen Kulturen, etwa auch im Buddhismus. Die Universalit\u00e4t ergibt sich aus der Anatomie des Menschen selbst: der Betrachter im Mittelpunkt, rundherum der Kreis, wie ihn die Arme beschreiben k\u00f6nnen; und die Richtungen, wie sie uns vorgegeben sind: vorne, hinten, rechts, links, oben, unten &#8211; und innen.<\/p>\n\n\n\n<p>Das Medizinrad ist eine Landkarte. Mit ihm k\u00f6nnen die Elemente und Bestandteile der Natur und des Lebens in Beziehung gesetzt werden &#8211; zueinander, zum Ganzen, zum Betrachter. Es enth\u00e4lt alles. Und weil das so ist, k\u00f6nnen wir Antworten in ihm finden, Antworten auf Fragen, die sich im Leben stellen.<\/p>\n\n\n\n<p>Zun\u00e4chst symbolisiert es die Jahres- und dann auch die Tageszeiten, und zwar nicht linear, sondern im Kreislauf des Lebens. Auch unsere europ\u00e4ischen Vorfahren &#8211; und nicht nur &#8222;Naturv\u00f6lker&#8220; &#8211; haben viel st\u00e4rker im und mit dem Kreislauf der Natur gelebt, als wir das in der westlichen Zivilisation jetzt tun. Die Jahreskreisfeste orientieren sich an diesem Kreislauf, machen ihn er-lebbar.<\/p>\n\n\n\n<p>Eigentlich ist das Medizinrad aber eher eine Spirale als ein Kreis. Das Leben wiederholt sich zwar in immer denselben Zyklen, jedoch niemals genau gleich. Sonnenaufg\u00e4nge sind jeden Tag gleich und doch jedes Mal anders. Eine Pflanze hat nicht jedes Jahr genau dieselben Bl\u00fcten. Ein Baum w\u00e4chst. Ein Kind lernt st\u00e4ndig dazu; sein kleiner Bruder oder seine kleine Schwester wird zwar dieselben Entwicklungsstufen durchlaufen, aber trotzdem ganz anders sein. Die Spirale ist die dreidimensionale Version des Lebenskreises.<\/p>\n\n\n\n<p>Und in diesem Kreis, auf diesem Lebensrad k\u00f6nnen wir wandern: von der Zeugung \u00fcber Geburt, Kindheit, Jugend, Erwachsenenalter bis zum Tod und zum \u00dcbergang in eine andere Daseinsform. Ebenso wie die Kindheit von anderen Gef\u00fchlen und T\u00e4tigkeiten gepr\u00e4gt wird als das Erwachsenenleben, finden sich auch die verschiedenen Daseinsebenen des Menschen an verschiedenen Stellen im Kreis des Lebens: K\u00f6rper, Emotionen, Verstand und Geist (im Sinne von Spirit). Diese menschlichen Daseinsebenen wiederum finden ihre Entsprechungen in den Elementen und deren Eigenschaften: Erde, Wasser, Luft und Feuer.<\/p>\n\n\n\n<p>Die Zuordnung vor allem der Elemente zu den Himmelsrichtungen ist dabei ein St\u00fcckweit willk\u00fcrlich. Auch eine Landkarte bildet zwar die Wirklichkeit ab, aber eben immer nur bestimmte Aspekte dieser Wirklichkeit, und die Art, sie zu lesen, beruht auf einer \u00dcbereinkunft: der Zeichenerkl\u00e4rung. Mit dieser Zeichenerkl\u00e4rung zusammen funktioniert die Landkarte genau so, wie sie soll &#8211; jedoch unter einer Voraussetzung: ich finde den Weg nur, wenn ich mich auch wirklich auf die Wanderung mache. Eben das gilt auch f\u00fcr das Medizinrad.<\/p>\n\n\n\n<p>In jedem Fall sind alle Qualit\u00e4ten &#8211; Jahreszeiten, Lebensphasen, Daseinsebenen, Elemente &#8211; im Rad sp\u00fcrbar. Wir f\u00fchlen uns an einem bestimmten Platz gut oder weniger gut, voller Energie oder kraftlos, und an einem anderen Platz im Rad vielleicht genau andersherum. Wir sp\u00fcren vielleicht einen Widerstand, gar die Unm\u00f6glichkeit, zur n\u00e4chsten Position weiterzugehen. Sicher zieht es uns in eine bestimmte Richtung, zeigt uns, was uns in unserem Leben gerade fehlt oder womit wir uns besonders wohlf\u00fchlen. Wenn wir den Kreis betreten mit unserer Frage, mit der Absicht, eine Antwort zu finden, \u00fcberschreiten wir eine Schwelle in einen heiligen Raum. Deshalb findet sich darin die Antwort auf die Frage, die wir uns gestellt haben. Ebenso wie bei einer Visionswanderung befinden wir uns nur noch teilweise in der allt\u00e4glichen Welt; ein Teil von uns hat intensiveren Kontakt aufgenommen zu Allem-was-ist, und entsprechend kann alles, was wir dabei wahrnehmen, Teil der gesuchten Antwort sein.<\/p>\n\n\n\n<p>Unsere Absicht ist daf\u00fcr unabdingbare Voraussetzung. Sie erst macht den Kreis zu jenem heiligen Raum.<\/p>\n\n\n\n<p>(Winter 2021\/22)<\/p>\n<\/div>\n\n\n\n<div class=\"wp-block-column is-layout-flow wp-block-column-is-layout-flow\" style=\"flex-basis:25%\"><\/div>\n<\/div>\n","protected":false},"excerpt":{"rendered":"<p>Die &#8222;medicine wheels&#8220; &#8211; Medizinr\u00e4der &#8211; in Nordamerika sind runde Steinstrukturen, von denen manche auf ein Alter von mehreren tausend Jahren gesch\u00e4tzt werden. Ihr Zweck ist unbekannt, doch man nimmt an, dass sie zeremonielle Bedeutung hatten. \u00dcber die heute in New-Age-Kreisen h\u00e4ufig verwendeten Medizinr\u00e4der wird zwar auch gesagt, sie stammten aus der Tradition der amerikanischen [&hellip;]<\/p>\n","protected":false},"author":1,"featured_media":296,"parent":0,"menu_order":0,"comment_status":"closed","ping_status":"closed","template":"","meta":{"footnotes":""},"class_list":["post-299","page","type-page","status-publish","has-post-thumbnail","hentry"],"_links":{"self":[{"href":"https:\/\/zaunreiterin.eu\/de_de\/wp-json\/wp\/v2\/pages\/299","targetHints":{"allow":["GET"]}}],"collection":[{"href":"https:\/\/zaunreiterin.eu\/de_de\/wp-json\/wp\/v2\/pages"}],"about":[{"href":"https:\/\/zaunreiterin.eu\/de_de\/wp-json\/wp\/v2\/types\/page"}],"author":[{"embeddable":true,"href":"https:\/\/zaunreiterin.eu\/de_de\/wp-json\/wp\/v2\/users\/1"}],"replies":[{"embeddable":true,"href":"https:\/\/zaunreiterin.eu\/de_de\/wp-json\/wp\/v2\/comments?post=299"}],"version-history":[{"count":5,"href":"https:\/\/zaunreiterin.eu\/de_de\/wp-json\/wp\/v2\/pages\/299\/revisions"}],"predecessor-version":[{"id":1043,"href":"https:\/\/zaunreiterin.eu\/de_de\/wp-json\/wp\/v2\/pages\/299\/revisions\/1043"}],"wp:featuredmedia":[{"embeddable":true,"href":"https:\/\/zaunreiterin.eu\/de_de\/wp-json\/wp\/v2\/media\/296"}],"wp:attachment":[{"href":"https:\/\/zaunreiterin.eu\/de_de\/wp-json\/wp\/v2\/media?parent=299"}],"curies":[{"name":"wp","href":"https:\/\/api.w.org\/{rel}","templated":true}]}}