{"id":307,"date":"2025-05-04T12:56:43","date_gmt":"2025-05-04T12:56:43","guid":{"rendered":"https:\/\/zaunreiterin.eu\/?page_id=307"},"modified":"2026-01-28T10:43:31","modified_gmt":"2026-01-28T08:43:31","slug":"hexen-europaeischer-schamanismus","status":"publish","type":"page","link":"https:\/\/zaunreiterin.eu\/de_de\/hexen-europaeischer-schamanismus\/","title":{"rendered":"Hexen &#8211; europ\u00e4ischer Schamanismus?"},"content":{"rendered":"\n<div class=\"wp-block-columns is-layout-flex wp-container-core-columns-is-layout-28f84493 wp-block-columns-is-layout-flex\">\n<div class=\"wp-block-column is-layout-flow wp-block-column-is-layout-flow\" style=\"flex-basis:25%\"><\/div>\n\n\n\n<div class=\"wp-block-column is-layout-flow wp-block-column-is-layout-flow\" style=\"flex-basis:50%\">\n<p>Ich habe Anfang der 1990er Jahre mehrere Jahre an einer (nicht fertiggestellten) Doktorarbeit \u00fcber Hexenprozesse in Vorder\u00f6sterreich gearbeitet und einige Aufs\u00e4tze zum Thema ver\u00f6ffentlicht. Schon damals war ich gleichzeitig schamanisch t\u00e4tig, also &#8222;Zaunreiterin&#8220; zwischen beiden Welten, wenn ich damals auch definitiv Anf\u00e4ngerin im Schamanisieren und mir noch nicht im Klaren dar\u00fcber war, ob das schamanische Reisen &#8211; das zweifellos funktionierte &#8211; nun wirklich in &#8222;reale&#8220; Welten f\u00fchrte oder eben doch nur ins eigene Unterbewusstsein.<\/p>\n\n\n\n<p>Anlass f\u00fcr die Abfassung des <a href=\"https:\/\/zaunreiterin.eu\/wp-content\/uploads\/2025\/05\/hexen.pdf\" data-type=\"attachment\" data-id=\"829\">hier<\/a> ver\u00f6ffentlichten Textes (und, wenn man es genau nimmt, auch f\u00fcr die Schaffung dieser Webseite) war urspr\u00fcnglich eine Ende 2011 zu Beginn einer schamanischen Zeremonie im Nebensatz gefallene Bemerkung \u00fcber europ\u00e4isches schamanisches Wissen, das von den Hexenverfolgungen vernichtet worden sei &#8230; diese Bemerkung konnte ich, zur Erheiterung der \u00fcbrigen Teilnehmer, nicht unkommentiert stehen lassen.<\/p>\n\n\n\n<p>Es kann keinesfalls davon die Rede sein, die Hexenprozesse seien gezielt eingesetzt worden, um gegen Tr\u00e4ger &#8222;alten Wissens&#8220;, welcher Art auch immer, vorzugehen. In einigen wenigen Ausnahmef\u00e4llen schimmert in den Prozessakten aber trotzdem etwas durch, was als ferner Widerhall fr\u00fcherer schamanischer Traditionen gelten k\u00f6nnte. Mehr dazu <a href=\"https:\/\/zaunreiterin.eu\/wp-content\/uploads\/2025\/05\/hexen.pdf\" data-type=\"attachment\" data-id=\"829\">im Text<\/a>.<\/p>\n\n\n\n<p>Wie auch immer, das Thema begleitet mich also seit fast 35 Jahren. Dass es daf\u00fcr mit Sicherheit auch pers\u00f6nliche, sehr tiefe Gr\u00fcnde gibt, sei hier dahingestellt. Aber: in all diesen Jahren bin ich in pers\u00f6nlichen Gespr\u00e4chen und heute vor allem auch in den sozialen Medien sehr regelm\u00e4\u00dfig auf Scheinwissen zum Thema Hexen gesto\u00dfen, das aus historischer Sicht einfach komplett falsch ist. Es ist wirklich erstaunlich, welche Folgen ein einziges Buch haben kann, n\u00e4mlich die &#8222;Vernichtung der weisen Frauen&#8220; von Gunnar Heinsohn und Otto Steiger, Anfang der 1980er Jahre erschienen. Mit diesen Folgen k\u00e4mpfe ich bis heute, immer wieder. Klassisch eine Szene, damals noch zu Zeiten der Arbeit an meiner Doktorarbeit: Smalltalk, die \u00fcbliche Frage, was machst du so? &#8211; Ich schreibe an einer Arbeit \u00fcber Hexenprozesse. &#8211; Ach, das ist ja spannend &#8230; und dann kamen von meinem jeweiligen Gegen\u00fcber unfehlbar die Stichworte: Mittelalter, Kirche, Inquisition, Weise Frauen. Dann habe ich jedes Mal tief Luft geholt und zu einem Spontanvortrag angesetzt, eben wie oben geschildert, Ende 2011 am Surberg.<\/p>\n\n\n\n<p>Und weil ich in meinen Kommentaren dann auch gelegentlich auf einen bestimmten Fall verweise, den ich in einer Akte des Generallandesarchivs Karlsruhe fand, verlinke ich jetzt hier zus\u00e4tzlich den um 1994 herum in Freiburg von mir gehaltenen <a href=\"https:\/\/zaunreiterin.eu\/wp-content\/uploads\/2025\/05\/ebnet.pdf\" data-type=\"attachment\" data-id=\"828\">Vortrag<\/a> \u00fcber diesen Fall. Die Geschichte zeigt sehr exemplarisch, wie Verd\u00e4chtigungen in der Bev\u00f6lkerung sich aufschaukeln konnten, und vor allem, dass so ziemlich alle damals zu Mitteln der Zauberei gegriffen haben.<\/p>\n\n\n\n<p>(2012, Update Winter 2023)<\/p>\n<\/div>\n\n\n\n<div class=\"wp-block-column is-layout-flow wp-block-column-is-layout-flow\" style=\"flex-basis:25%\"><\/div>\n<\/div>\n","protected":false},"excerpt":{"rendered":"<p>Ich habe Anfang der 1990er Jahre mehrere Jahre an einer (nicht fertiggestellten) Doktorarbeit \u00fcber Hexenprozesse in Vorder\u00f6sterreich gearbeitet und einige Aufs\u00e4tze zum Thema ver\u00f6ffentlicht. Schon damals war ich gleichzeitig schamanisch t\u00e4tig, also &#8222;Zaunreiterin&#8220; zwischen beiden Welten, wenn ich damals auch definitiv Anf\u00e4ngerin im Schamanisieren und mir noch nicht im Klaren dar\u00fcber war, ob das schamanische [&hellip;]<\/p>\n","protected":false},"author":1,"featured_media":306,"parent":0,"menu_order":0,"comment_status":"closed","ping_status":"closed","template":"","meta":{"footnotes":""},"class_list":["post-307","page","type-page","status-publish","has-post-thumbnail","hentry"],"_links":{"self":[{"href":"https:\/\/zaunreiterin.eu\/de_de\/wp-json\/wp\/v2\/pages\/307","targetHints":{"allow":["GET"]}}],"collection":[{"href":"https:\/\/zaunreiterin.eu\/de_de\/wp-json\/wp\/v2\/pages"}],"about":[{"href":"https:\/\/zaunreiterin.eu\/de_de\/wp-json\/wp\/v2\/types\/page"}],"author":[{"embeddable":true,"href":"https:\/\/zaunreiterin.eu\/de_de\/wp-json\/wp\/v2\/users\/1"}],"replies":[{"embeddable":true,"href":"https:\/\/zaunreiterin.eu\/de_de\/wp-json\/wp\/v2\/comments?post=307"}],"version-history":[{"count":7,"href":"https:\/\/zaunreiterin.eu\/de_de\/wp-json\/wp\/v2\/pages\/307\/revisions"}],"predecessor-version":[{"id":1237,"href":"https:\/\/zaunreiterin.eu\/de_de\/wp-json\/wp\/v2\/pages\/307\/revisions\/1237"}],"wp:featuredmedia":[{"embeddable":true,"href":"https:\/\/zaunreiterin.eu\/de_de\/wp-json\/wp\/v2\/media\/306"}],"wp:attachment":[{"href":"https:\/\/zaunreiterin.eu\/de_de\/wp-json\/wp\/v2\/media?parent=307"}],"curies":[{"name":"wp","href":"https:\/\/api.w.org\/{rel}","templated":true}]}}