{"id":317,"date":"2025-05-04T13:02:31","date_gmt":"2025-05-04T13:02:31","guid":{"rendered":"https:\/\/zaunreiterin.eu\/?page_id=317"},"modified":"2025-09-18T19:01:41","modified_gmt":"2025-09-18T17:01:41","slug":"links","status":"publish","type":"page","link":"https:\/\/zaunreiterin.eu\/de_de\/links\/","title":{"rendered":"Links"},"content":{"rendered":"\n<div class=\"wp-block-columns is-layout-flex wp-container-core-columns-is-layout-28f84493 wp-block-columns-is-layout-flex\">\n<div class=\"wp-block-column is-layout-flow wp-block-column-is-layout-flow\" style=\"flex-basis:25%\"><\/div>\n\n\n\n<div class=\"wp-block-column is-layout-flow wp-block-column-is-layout-flow\" style=\"flex-basis:50%\">\n<p>Diese Liste sei beschr\u00e4nkt auf einige wenige, f\u00fcr gut befundene Eintr\u00e4ge und Kontakte:<\/p>\n\n\n<ul class=\"wp-block-list is-layout-flex wp-container-core-list-is-layout-fe9cc265 wp-block-list-is-layout-flex\" style=\"\">\n<li>\n<a href=\"http:\/\/www.kondor.de\" data-type=\"link\" data-id=\"www.kondor.de\" target=\"_blank\" rel=\"noreferrer noopener\">Der Flug des Kondors. Zeitgen&ouml;ssisches Schamanentum<\/a><br>H&ouml;chst umfangreiche und informative Webseite von Apu Kuntur, teils auch als Buch erschienen.<\/li>\n\n\n\n<li>\n<a href=\"http:\/\/www.joerg-udo-kepplinger.de\" data-type=\"link\" data-id=\"www.joerg-udo-kepplinger.de\" target=\"_blank\" rel=\"noreferrer noopener\">Udo Kepplinger<\/a><br>Was soll ich sagen: Danke, von Herzen. F&uuml;r alles. Wirklich alles.<\/li>\n\n\n\n<li>\n<a href=\"http:\/\/www.holotropic-association.eu\" data-type=\"link\" data-id=\"www.holotropic-association.eu\" target=\"_blank\" rel=\"noreferrer noopener\">Holotropic Breathwork Association of Europe<\/a><br>Holotropes Atmen ist ein Weg der Selbsterfahrung und Selbstheilung in nichtallt&auml;glichen Bewusstseinszust&auml;nden &#8211; scheinbar einfach und gleichzeitig immens wirkungsvoll.<\/li>\n\n\n\n<li>\n<a href=\"http:\/\/www.der-rote-weg.de\" target=\"_blank\" rel=\"noreferrer noopener\">Der Rote Weg<\/a><br>Cath&eacute;rine Conradty in der N&auml;he von N&uuml;rnberg<\/li>\n\n\n\n<li>\n<a href=\"http:\/\/www.indianerpfad.de\" target=\"_blank\" rel=\"noreferrer noopener\">Indianerpfad<\/a><br>Christian Vogel mit Seminaren vorwiegend im Schwarzwald<\/li>\n\n\n\n<li>\n<a href=\"http:\/\/www.sunmoon-alchemy.com\" target=\"_blank\" rel=\"noreferrer noopener\">Sun Moon Alchemy<\/a><br>Anja Mury in Berlin hat mich in die Welt der Kakaozeremonien eingef&uuml;hrt.<\/li>\n\n\n\n<li>\n<a href=\"http:\/\/www.elementar-erfahrungen.de\" target=\"_blank\" rel=\"noreferrer noopener\">Elementar-Erfahrungen<\/a><br>Dirk Schr&ouml;der, Wildnisp&auml;dagoge in der N&auml;he von Bad Feilnbach, Bayern<\/li>\n\n\n\n<li>\n<a href=\"http:\/\/www.designinmetall.de\" target=\"_blank\" rel=\"noreferrer noopener\">Design in Metall<\/a><br>Hermann H&uuml;bner mit Schmiedeseminaren f&uuml;r Erwachsene und Kinder<\/li>\n\n\n\n<li>\n<a href=\"http:\/\/www.lebenstanz.com\" target=\"_blank\" rel=\"noreferrer noopener\">Lebenstanz &amp; Amazonen-Coaching<\/a><br>Anja B&uuml;rk-Deharde: Wandel mit Urkraft gestalten in der transformativen Kraft des Tanzes und der Bewegung<\/li>\n<\/ul>\n<\/div>\n\n\n\n<div class=\"wp-block-column is-layout-flow wp-block-column-is-layout-flow\" style=\"flex-basis:25%\"><\/div>\n<\/div>\n\n\n<ul class=\"wp-block-list is-layout-flex wp-container-core-list-is-layout-fe9cc265 wp-block-list-is-layout-flex\" style=\"\">\n<li>\n<\/ul>\n","protected":false},"excerpt":{"rendered":"<p>Diese Liste sei beschr\u00e4nkt auf einige wenige, f\u00fcr gut befundene Eintr\u00e4ge und Kontakte:<\/p>\n","protected":false},"author":1,"featured_media":312,"parent":0,"menu_order":0,"comment_status":"closed","ping_status":"closed","template":"","meta":{"footnotes":""},"class_list":["post-317","page","type-page","status-publish","has-post-thumbnail","hentry"],"_links":{"self":[{"href":"https:\/\/zaunreiterin.eu\/de_de\/wp-json\/wp\/v2\/pages\/317","targetHints":{"allow":["GET"]}}],"collection":[{"href":"https:\/\/zaunreiterin.eu\/de_de\/wp-json\/wp\/v2\/pages"}],"about":[{"href":"https:\/\/zaunreiterin.eu\/de_de\/wp-json\/wp\/v2\/types\/page"}],"author":[{"embeddable":true,"href":"https:\/\/zaunreiterin.eu\/de_de\/wp-json\/wp\/v2\/users\/1"}],"replies":[{"embeddable":true,"href":"https:\/\/zaunreiterin.eu\/de_de\/wp-json\/wp\/v2\/comments?post=317"}],"version-history":[{"count":8,"href":"https:\/\/zaunreiterin.eu\/de_de\/wp-json\/wp\/v2\/pages\/317\/revisions"}],"predecessor-version":[{"id":1128,"href":"https:\/\/zaunreiterin.eu\/de_de\/wp-json\/wp\/v2\/pages\/317\/revisions\/1128"}],"wp:featuredmedia":[{"embeddable":true,"href":"https:\/\/zaunreiterin.eu\/de_de\/wp-json\/wp\/v2\/media\/312"}],"wp:attachment":[{"href":"https:\/\/zaunreiterin.eu\/de_de\/wp-json\/wp\/v2\/media?parent=317"}],"curies":[{"name":"wp","href":"https:\/\/api.w.org\/{rel}","templated":true}]}}