{"id":319,"date":"2025-05-04T13:03:57","date_gmt":"2025-05-04T13:03:57","guid":{"rendered":"https:\/\/zaunreiterin.eu\/?page_id=319"},"modified":"2025-05-21T21:06:34","modified_gmt":"2025-05-21T19:06:34","slug":"buecher","status":"publish","type":"page","link":"https:\/\/zaunreiterin.eu\/de_de\/buecher\/","title":{"rendered":"B\u00fccher"},"content":{"rendered":"\n<div class=\"wp-block-columns is-layout-flex wp-container-core-columns-is-layout-28f84493 wp-block-columns-is-layout-flex\">\n<div class=\"wp-block-column is-layout-flow wp-block-column-is-layout-flow\" style=\"flex-basis:25%\"><\/div>\n\n\n\n<div class=\"wp-block-column is-layout-flow wp-block-column-is-layout-flow\" style=\"flex-basis:50%\">\n<p>Das Literaturangebot zum Thema Schamanismus und benachbarten Gebieten ist inzwischen ziemlich un\u00fcbersichtlich. Die folgende Liste beschr\u00e4nkt sich daher auf einige ausgew\u00e4hlte Ver\u00f6ffentlichungen.<\/p>\n\n\n\n<p>&#8230; Allerdings: nichts, wirklich gar nichts ersetzt die eigene Praxis. Es ist immer alles ganz anders als man denkt.<\/p>\n\n\n\n<div style=\"height:20px\" aria-hidden=\"true\" class=\"wp-block-spacer\"><\/div>\n\n\n<h5 class=\"wp-block-heading\" id=\"allgemein\">Allgemein:<\/h5>\n\n\n<ul class=\"wp-block-list is-layout-flex wp-container-core-list-is-layout-fe9cc265 wp-block-list-is-layout-flex\" style=\"\">\n<li>\n<strong>Michael Harner: Der Weg des Schamanen, Verlag Ansata 2011<\/strong><br>Neben den B&uuml;chern von Carlos Castaneda war es vor allem Michael Harner, der mit seinen urspr&uuml;nglich ethnologischen Forschungen den Schamanismus in der westlichen Welt bekannt machte. Sein Konzept des Core-Schamanismus bildet bis heute eine wichtige Grundlage f&uuml;r schamanisches Arbeiten.<\/li>\n\n\n\n<li>\n<strong>Apu Kuntur: Der Flug des Kondors. Zeitgen&ouml;ssisches Schamanentum, Verlag Shaker Media 2010<\/strong><br>Ungemein kenntnisreich aus der Praxis, mit Details, die sonst nirgends stehen.<\/li>\n\n\n\n<li>\n<strong>Georg O. Gschwandler: Schamanische Wege zur Mitte. Praxisbuch des schamanischen Reisens, Verlag Schirner 2012<\/strong><br>Noch ein Buch eines Praktikers, mit wichtigen Hinweisen f&uuml;r die t&auml;gliche Arbeit.<\/li>\n\n\n\n<li><strong>Tom Cowan: Schamanismus. Eine Einf&uuml;hrung in die t&auml;gliche Praxis, 2. Auflage, Verlag Rowohlt TB 2003<\/strong><\/li>\n\n\n\n<li>\n<strong>Jan Fries: Visuelle Magie. Ein Handbuch des Freistilschamanismus, Verlag Edition Ananael 1994<\/strong><br>Eine erfrischend &#8222;andere&#8220; Sicht auf das schamanische Arbeiten. Unbedingt lesenswert.<\/li>\n<\/ul>\n\n\n\n<div style=\"height:20px\" aria-hidden=\"true\" class=\"wp-block-spacer\"><\/div>\n\n\n<h5 class=\"wp-block-heading\" id=\"schamanisches-reisen\">Schamanisches Reisen:<\/h5>\n\n\n<ul class=\"wp-block-list is-layout-flex wp-container-core-list-is-layout-fe9cc265 wp-block-list-is-layout-flex\" style=\"\">\n<li>\n<strong>Axel Br&uuml;ck: Die Anderswelt-Reise. Praxisbuch Schamanische Reise, 5. Auflage, Verlag Arun 2010<\/strong><br>Ich finde seine Ausf&uuml;hrungen an manchen Stellen (insbesondere zu Reisehaltungen und Trancetiefen) deutlich zu dogmatisch, mit dem Autor selber bin ich nicht wirklich warm geworden, und die beiliegende CD hat mir gar nicht getaugt. Trotzdem eindeutig die beste Einf&uuml;hrung zum Thema Reisen, die es gibt.<\/li>\n\n\n\n<li>\n<strong>Vera Griebert-Schr&ouml;der: Schamanische Reisen zur Seele. Ganz werden durch die inspirierende Kraft der Erinnerung, S&uuml;dwest Verlag 2009<\/strong><br>F&uuml;r Einsteiger geeignet (allerdings: generell w&uuml;rde ich davon abraten, sich als Anf&auml;nger alleine am Reisen zu probieren!).<\/li>\n<\/ul>\n\n\n\n<div style=\"height:20px\" aria-hidden=\"true\" class=\"wp-block-spacer\"><\/div>\n\n\n<h5 class=\"wp-block-heading\" id=\"krafttiere\">Krafttiere:<\/h5>\n\n\n\n<p>Vor allem f\u00fcr den Anfang sind Krafttiere so ziemlich die wichtigsten Verb\u00fcndeten bei den Reisen in die Anderswelt. B\u00fccher k\u00f6nnen es zwar nicht ersetzen, sich auf allen Ebenen \u00fcber ein solches Tier zu informieren und es auch zu leben, aber sie k\u00f6nnen f\u00fcr eine erste Orientierung hilfreich sein.<\/p>\n\n\n<ul class=\"wp-block-list is-layout-flex wp-container-core-list-is-layout-fe9cc265 wp-block-list-is-layout-flex\" style=\"\">\n<li>\n<strong>Jeanne Ruland: Krafttiere begleiten Dein Leben, 2. Auflage, Verlag Schirner 2004<\/strong><br>Sch&ouml;n bebilderte, sehr ausf&uuml;hrliche Darstellung.<\/li>\n\n\n\n<li><strong>Steven D. Farmer: Krafttiere. Die Verbindung zu deinem Geistf&uuml;hrer aus der Tierwelt, 4. Auflage, Verlag Koha 2011<\/strong><\/li>\n\n\n\n<li><strong>Ted Andrews: Die Botschaft der Krafttiere. Was die Gesch&ouml;pfe uns zu sagen haben, 3. Auflage, Verlag Bastei L&uuml;bbe 2003<\/strong><\/li>\n<\/ul>\n\n\n\n<div style=\"height:20px\" aria-hidden=\"true\" class=\"wp-block-spacer\"><\/div>\n\n\n<h5 class=\"wp-block-heading\" id=\"seelenteilrueckholung\">Seelenteilr&uuml;ckholung:<\/h5>\n\n\n\n<p>Ein wichtiges schamanisches Arbeitsfeld.<\/p>\n\n\n<ul class=\"wp-block-list is-layout-flex wp-container-core-list-is-layout-fe9cc265 wp-block-list-is-layout-flex\" style=\"\">\n<li><strong>Sandra Ingerman: Auf der Suche nach der verlorenen Seele. Der schamanische Weg zu innerer Ganzheit, 2. Auflage, Verlag Heyne 2010<\/strong><\/li>\n\n\n\n<li>\n<strong>Sandra Ingerman: Heimkehr der Seele. Schamanische Selbstheilung, 4. Auflage, Verlag Ullstein 2008<\/strong><br>&Uuml;ber die wichtige Integrationsarbeit, die einer Seelenteilr&uuml;ckholung folgen muss.<\/li>\n<\/ul>\n\n\n\n<div style=\"height:20px\" aria-hidden=\"true\" class=\"wp-block-spacer\"><\/div>\n\n\n<h5 class=\"wp-block-heading\" id=\"schwitzhuette\">Schwitzh&uuml;tte:<\/h5>\n\n\n<ul class=\"wp-block-list is-layout-flex wp-container-core-list-is-layout-fe9cc265 wp-block-list-is-layout-flex\" style=\"\">\n<li>\n<strong>Sabrina Dengel: Im Bauch unserer Mutter Erde. Schwitzritual, Reinigungszeremonie, Neugeburt, Verlag Schirner 2012<\/strong><br>Direkt aus der Praxis.<\/li>\n\n\n\n<li>\n<strong>Gerhard Popfinger: Die Schwitzh&uuml;tte. Herkunft, Bau und Ritual, Verlag Arun 2009<\/strong><br>Dito.<\/li>\n\n\n\n<li>\n<strong>Christiane van Schie: Im Scho&szlig; der Erdmutter. Die Schwitzh&uuml;tte, ein weiblicher Heilungsweg. Weltweite Tradition, Tabus und Zeremonien, Verlag Drachen o.J.<\/strong><br>Wirklich sch&ouml;nes Buch, obwohl die Schwitzh&uuml;tte nat&uuml;rlich nicht nur eine rein weibliche Angelegenheit ist.<\/li>\n\n\n\n<li>\n<strong>Annie Pazzogna: Inipi. Das Lied der Erde. Die indianische Schwitzh&uuml;tte. Aus der Lakota Tradition und den m&uuml;ndlichen &Uuml;berlieferungen von Archie Fire Lame Deer, Verlag Arun 1998<\/strong><br>Beschreibung der Schwitzh&uuml;tte ebenso wie der anderen Lakota-Rituale. Interessant vor allem auch wegen der Darstellung der 16 Sch&ouml;pfungsschritte (auch Schwitzh&uuml;ttenst&auml;be).<\/li>\n\n\n\n<li>\n<strong>Harry Eilenstein: Schwitzh&uuml;tten. Ursprung, Aufbau, Rituale, Lieder, BoD 2009<\/strong><br>Interessante historische Hinweise; viele Lieder, bekannte und weniger bekannte.<\/li>\n<\/ul>\n\n\n\n<div style=\"height:20px\" aria-hidden=\"true\" class=\"wp-block-spacer\"><\/div>\n\n\n<h5 class=\"wp-block-heading\" id=\"runen\">Runen:<\/h5>\n\n\n<ul class=\"wp-block-list is-layout-flex wp-container-core-list-is-layout-fe9cc265 wp-block-list-is-layout-flex\" style=\"\">\n<li>\n<strong>Jan Fries: Helrunar. Ein Handbuch der Runenmagie, 4. Auflage, Verlag Edition Ananael 2009<\/strong><br>Mit einer ausf&uuml;hrlichen Geschichte der Runen allgemein und Informationen zu den einzelnen Runen.<\/li>\n<\/ul>\n\n\n\n<div style=\"height:20px\" aria-hidden=\"true\" class=\"wp-block-spacer\"><\/div>\n\n\n<h5 class=\"wp-block-heading\" id=\"holotropes-atmen\">Holotropes Atmen:<\/h5>\n\n\n\n<p>Auch dies eine Art der Trancearbeit, erfunden von Stanislav Grof.<\/p>\n\n\n<ul class=\"wp-block-list is-layout-flex wp-container-core-list-is-layout-fe9cc265 wp-block-list-is-layout-flex\" style=\"\">\n<li><strong>Stanislav Grof\/Christina Grof: Holotropes Atmen. Eine neue Methode der Selbsterforschung und Therapie, Verlag Nachtschatten 2014<\/strong><\/li>\n\n\n\n<li><strong>Stanislav Grof: Die Psychologie der Zukunft. Erfahrungen der modernen Bewusstseinsforschung, Verlag Astrodata 2002<\/strong><\/li>\n<\/ul>\n\n\n\n<div style=\"height:20px\" aria-hidden=\"true\" class=\"wp-block-spacer\"><\/div>\n\n\n<h5 class=\"wp-block-heading\" id=\"trauma-neurowissenschaften-etc\">Trauma, Neurowissenschaften etc.:<\/h5>\n\n\n<ul class=\"wp-block-list is-layout-flex wp-container-core-list-is-layout-fe9cc265 wp-block-list-is-layout-flex\" style=\"\">\n<li>\n<strong>Peter A. Levine: Sprache ohne Worte, 7. Auflage, Verlag K&ouml;sel 2010<\/strong><br>Das Buch hat mir, um ehrlich zu sein, die Augen ge&ouml;ffnet.<\/li>\n\n\n\n<li><strong>Peter A. Levine: Trauma und Ged&auml;chtnis. Die Spuren unserer Erinnerung in K&ouml;rper und Gehirn. Wie wir traumatische Erfahrungen verstehen und verarbeiten, Verlag K&ouml;sel 2016<\/strong><\/li>\n\n\n\n<li>\n<strong>Johannes B. Schmidt: Der K&ouml;rper kennt den Weg. Trauma-Heilung und pers&ouml;nliche Transformation, 6. Auflage, Verlag K&ouml;sel 2008<\/strong><br>Noch so ein Buch, bei dem eine einzelne Passage zu einer Schl&uuml;sselerkenntnis gef&uuml;hrt hat. Auch die pers&ouml;nliche, ungemein filigrane Arbeitsweise des Autors sch&auml;tze ich durchaus &#8211; es ist nur nicht meine, wie mir dann klar wurde.<\/li>\n\n\n\n<li>\n<strong>David E. Presti: Foundational Concepts in Neuroscience. A Brain-Mind Odyssey, Verlag W.W. Norton&amp;Company 2016<\/strong><br>Neurowissenschaften auf verst&auml;ndliche Art!!<\/li>\n\n\n\n<li>\n<strong>Christopher M. Bache: Dark Night, Early Dawn. Steps to a Deep Ecology of Mind, Verlag SUNY 2000<\/strong><br>Stanislav Grof weitergedacht &#8211; und mehr als das: warum sind wir eigentlich hier? Wirklich nicht einfach zu lesen, aber das bei weitem interessanteste Buch, das mir seit langem &uuml;ber den Weg gelaufen ist.<\/li>\n<\/ul>\n\n\n\n<div style=\"height:20px\" aria-hidden=\"true\" class=\"wp-block-spacer\"><\/div>\n\n\n<h5 class=\"wp-block-heading\" id=\"therapeutisches\">Therapeutisches:<\/h5>\n\n\n<ul class=\"wp-block-list is-layout-flex wp-container-core-list-is-layout-fe9cc265 wp-block-list-is-layout-flex\" style=\"\">\n<li>\n<strong>Kylea Taylor: Hilfe f&uuml;r die Helfer. Schattenbereiche erkennen und heilende Beziehungen schaffen, Verlag Bauer 1997<\/strong><br>Die wichtige Ethik der Klientenbeziehung.<\/li>\n<\/ul>\n\n\n\n<div style=\"height:20px\" aria-hidden=\"true\" class=\"wp-block-spacer\"><\/div>\n\n\n<h5 class=\"wp-block-heading\" id=\"alleingeborene-zwillinge\">Alleingeborene Zwillinge:<\/h5>\n\n\n\n<p>Ein abwegiges Thema? Ein unbekanntes Thema, ja. Mir lief dieses Stichwort erst im Laufe des Jahres 2017 \u00fcber den Weg, und ich hielt es zun\u00e4chst einmal f\u00fcr reichlich weit hergeholt. Doch scheint der Prozentsatz der Betroffenen um ein Vielfaches h\u00f6her zu liegen, als man annehmen sollte.<\/p>\n\n\n<ul class=\"wp-block-list is-layout-flex wp-container-core-list-is-layout-fe9cc265 wp-block-list-is-layout-flex\" style=\"\">\n<li>\n<strong>Barbara Schlochow: Gesucht: Mein verlorener Zwilling. Liebe und Tod am Beginn des Lebens. Vom Trauma zum Segen, &uuml;berarbeitete Neuauflage BoD 2017<\/strong><br>F&uuml;r mich pers&ouml;nlich einer der Schl&uuml;ssel, diese Geschichte tats&auml;chlich zu akzeptieren.<\/li>\n<\/ul>\n\n\n\n<div style=\"height:20px\" aria-hidden=\"true\" class=\"wp-block-spacer\"><\/div>\n\n\n<h5 class=\"wp-block-heading\" id=\"belletristik\">Belletristik:<\/h5>\n\n\n\n<p>Es gibt eine ganze Reihe von Romanen und Geschichten, die schamanische Elemente aufweisen.<\/p>\n\n\n<ul class=\"wp-block-list is-layout-flex wp-container-core-list-is-layout-fe9cc265 wp-block-list-is-layout-flex\" style=\"\">\n<li>\n<strong>Michael Ende: Die unendliche Geschichte, 5. Auflage, Verlag Piper TB 2011<\/strong><br>Eine klassische Andersweltreise: den &#8222;Wahren Willen finden&#8220; &#8230;<\/li>\n\n\n\n<li>\n<strong>Marion Zimmer Bradley: Die Nebel von Avalon, 29. Auflage, Verlag Fischer TB 1999<\/strong><br>Nat&uuml;rlich wei&szlig; niemand, wie die Kelten wirklich gedacht haben. Dies ist aber eine wundersch&ouml;ne Umsetzung, wie es gewesen sein k&ouml;nnte.<\/li>\n\n\n\n<li>\n<strong>Jean Auel: Ayla und der Clan des B&auml;ren (Kinder der Erde), 2. Auflage, Verlag Heyne TB 2002<\/strong><br>Erster Band einer inzwischen sechsteiligen Romanreihe, die auf tats&auml;chlichen altsteinzeitlichen Funden basiert und zur Zeit der Neanderthaler und ersten modernen Menschen in Europa spielt.<\/li>\n<\/ul>\n<\/div>\n\n\n\n<div class=\"wp-block-column is-layout-flow wp-block-column-is-layout-flow\" style=\"flex-basis:25%\"><\/div>\n<\/div>\n\n\n\n<div style=\"height:100px\" aria-hidden=\"true\" class=\"wp-block-spacer\"><\/div>\n","protected":false},"excerpt":{"rendered":"<p>Das Literaturangebot zum Thema Schamanismus und benachbarten Gebieten ist inzwischen ziemlich un\u00fcbersichtlich. Die folgende Liste beschr\u00e4nkt sich daher auf einige ausgew\u00e4hlte Ver\u00f6ffentlichungen. &#8230; Allerdings: nichts, wirklich gar nichts ersetzt die eigene Praxis. Es ist immer alles ganz anders als man denkt. Allgemein: Schamanisches Reisen: Krafttiere: Vor allem f\u00fcr den Anfang sind Krafttiere so ziemlich die [&hellip;]<\/p>\n","protected":false},"author":1,"featured_media":310,"parent":0,"menu_order":0,"comment_status":"closed","ping_status":"closed","template":"","meta":{"footnotes":""},"class_list":["post-319","page","type-page","status-publish","has-post-thumbnail","hentry"],"_links":{"self":[{"href":"https:\/\/zaunreiterin.eu\/de_de\/wp-json\/wp\/v2\/pages\/319","targetHints":{"allow":["GET"]}}],"collection":[{"href":"https:\/\/zaunreiterin.eu\/de_de\/wp-json\/wp\/v2\/pages"}],"about":[{"href":"https:\/\/zaunreiterin.eu\/de_de\/wp-json\/wp\/v2\/types\/page"}],"author":[{"embeddable":true,"href":"https:\/\/zaunreiterin.eu\/de_de\/wp-json\/wp\/v2\/users\/1"}],"replies":[{"embeddable":true,"href":"https:\/\/zaunreiterin.eu\/de_de\/wp-json\/wp\/v2\/comments?post=319"}],"version-history":[{"count":4,"href":"https:\/\/zaunreiterin.eu\/de_de\/wp-json\/wp\/v2\/pages\/319\/revisions"}],"predecessor-version":[{"id":917,"href":"https:\/\/zaunreiterin.eu\/de_de\/wp-json\/wp\/v2\/pages\/319\/revisions\/917"}],"wp:featuredmedia":[{"embeddable":true,"href":"https:\/\/zaunreiterin.eu\/de_de\/wp-json\/wp\/v2\/media\/310"}],"wp:attachment":[{"href":"https:\/\/zaunreiterin.eu\/de_de\/wp-json\/wp\/v2\/media?parent=319"}],"curies":[{"name":"wp","href":"https:\/\/api.w.org\/{rel}","templated":true}]}}