{"id":348,"date":"2025-05-21T20:46:12","date_gmt":"2025-05-21T18:46:12","guid":{"rendered":"https:\/\/zaunreiterin.eu\/?page_id=348"},"modified":"2025-05-23T11:22:01","modified_gmt":"2025-05-23T09:22:01","slug":"den-rahmen-weiten-psychedelische-integration","status":"publish","type":"page","link":"https:\/\/zaunreiterin.eu\/de_de\/den-rahmen-weiten-psychedelische-integration\/","title":{"rendered":"Den Rahmen weiten: Psychedelische Integration"},"content":{"rendered":"\n<div class=\"wp-block-columns is-layout-flex wp-container-core-columns-is-layout-28f84493 wp-block-columns-is-layout-flex\">\n<div class=\"wp-block-column is-layout-flow wp-block-column-is-layout-flow\" style=\"flex-basis:25%\"><\/div>\n\n\n\n<div class=\"wp-block-column is-layout-flow wp-block-column-is-layout-flow\" style=\"flex-basis:50%\">\n<p>Psychedelische Erfahrungen k\u00f6nnen \u00fcberw\u00e4ltigend sein. Mit &#8222;psychedelisch&#8220; meine ich nicht nur Erfahrungen, die unter Verwendung psychoaktiver Substanzen gemacht wurden, sondern beispielsweise auch solche beim Holotropen Atmen. Etymologisch bedeutet der Begriff: das, was die Seele offenbar werden l\u00e4sst.<\/p>\n\n\n\n<p>Vielleicht hast Du noch nie derartig intensive Emotionen erlebt. Tiefe Angst, das Gef\u00fchl, wahnsinnig zu werden, aber genauso unfassbare Sch\u00f6nheit oder jegliche Grenzen sprengende Liebe &#8211; all das ist m\u00f6glich. Oder es gibt Erfahrungen, die im Moment des Erlebens einfach keinen Sinn ergeben, Bilder vielleicht, die in keinster Weise zu den bisherigen eigenen Erinnerungen passen. Oder es geht weit in kollektive oder transpersonale Ebenen hinein, etwa wenn jemand in einer Session sich selbst als die Geb\u00e4rerin, die Mutter allen Lebens wahrnimmt, oder wenn jegliches Leid aus jedem einzelnen Krieg der Welt auf einen einst\u00fcrmt.<\/p>\n\n\n\n<p>Und dann?<\/p>\n\n\n\n<p>In unserer Kultur fehlt der bewusste Umgang mit diesen Zust\u00e4nden und ihren Nachwirkungen. Das liegt teilweise nat\u00fcrlich daran, dass die in Frage kommenden Substanzen gr\u00f6\u00dftenteils illegal und damit aus der \u00d6ffentlichkeit verschwunden sind. Aber auch die allgemeine Ausrichtung der westlichen Kultur an Verstand, Logik, Messbarkeit und Linearit\u00e4t tr\u00e4gt dazu bei, dass Erfahrungen, die die Grenzen dieser Vorstellungen \u00fcberschreiten, mindestens nicht ernstgenommen werden. Und auch Emotionen sind ja eher etwas, das man nach allgemeiner Auffassung im Griff behalten sollte.<\/p>\n\n\n\n<p>Es muss gar nicht einmal so sein, dass Dich die psychedelische Erfahrung v\u00f6llig aus der Bahn wirft. Vielleicht geht es schon damit los, dass Du in Deinem Umfeld niemanden hast, mit dem Du dar\u00fcber reden kannst. Oder, eben, es wird nicht ernstgenommen. Selbst von gestandenen Therapeuten bekam ich &#8211; bezogen auf meine Wahrnehmungen &#8211; schon S\u00e4tze zu h\u00f6ren wie &#8222;es ist doch erstaunlich, wie kreativ die menschliche Phantasie ist&#8220;.<\/p>\n\n\n\n<p>Und was hat die ganze Erfahrung eigentlich mit Deinem t\u00e4glichen Leben zu tun? Wie kannst Du die Erfahrung und ihre Folgen in Dein Leben integrieren, so, dass daraus tats\u00e4chlich etwas Neues entsteht, so, dass sich daraus pers\u00f6nliches Wachstum f\u00fcr Dich ergibt? Vielleicht braucht es so etwas wie einen erweiterten Bezugsrahmen oder eine neue Perspektive, aus der Du auf die Erfahrung blicken kannst.<\/p>\n\n\n\n<p>Ich m\u00f6chte einen Raum bieten, in dem Integration geschehen kann: zun\u00e4chst ganz simpel als Redekreis, in dem Du teilen kannst, was auch immer Dir auf dem Herzen liegt, und geh\u00f6rt wirst damit. Meine eigenen intensiven Tiefentrance-Erfahrungen und meine Ausbildungen im schamanischen Arbeiten und f\u00fcr die therapeutische Arbeit in au\u00dfergew\u00f6hnlichen Bewusstseinszust\u00e4nden erm\u00f6glichen es mir, Dir vielleicht den einen oder anderen Wegweiser, \u00dcbungen oder Vorschl\u00e4ge anzubieten, die bei der Integration helfen k\u00f6nnen. Die Integration selbst ist dann immer noch Deine Aufgabe, aber es hilft, auf diesem Weg nicht v\u00f6llig allein zu sein.<\/p>\n\n\n\n<p>Es gibt zwei M\u00f6glichkeiten. Beide biete ich zun\u00e4chst online an, beide k\u00f6nnen aber auch in pers\u00f6nlicher Begegnung in M\u00fcnchen stattfinden:<\/p>\n\n\n<ul class=\"wp-block-list is-layout-flex wp-container-core-list-is-layout-fe9cc265 wp-block-list-is-layout-flex\" style=\"\">\n<li><a href=\"https:\/\/zaunreiterin.eu\/psychedelischer-integrationszirkel\/\" data-type=\"page\" data-id=\"900\">regelm&auml;&szlig;ige offene Integrationszirkel<\/a><\/li>\n\n\n\n<li><a href=\"https:\/\/zaunreiterin.eu\/psychedelische-integration-11\/\" data-type=\"page\" data-id=\"351\">Einzelgespr&auml;che<\/a><\/li>\n<\/ul>\n<\/div>\n\n\n\n<div class=\"wp-block-column is-layout-flow wp-block-column-is-layout-flow\" style=\"flex-basis:25%\"><\/div>\n<\/div>\n","protected":false},"excerpt":{"rendered":"<p>Psychedelische Erfahrungen k\u00f6nnen \u00fcberw\u00e4ltigend sein. Mit &#8222;psychedelisch&#8220; meine ich nicht nur Erfahrungen, die unter Verwendung psychoaktiver Substanzen gemacht wurden, sondern beispielsweise auch solche beim Holotropen Atmen. Etymologisch bedeutet der Begriff: das, was die Seele offenbar werden l\u00e4sst. Vielleicht hast Du noch nie derartig intensive Emotionen erlebt. Tiefe Angst, das Gef\u00fchl, wahnsinnig zu werden, aber genauso [&hellip;]<\/p>\n","protected":false},"author":1,"featured_media":357,"parent":0,"menu_order":0,"comment_status":"closed","ping_status":"closed","template":"","meta":{"footnotes":""},"class_list":["post-348","page","type-page","status-publish","has-post-thumbnail","hentry"],"_links":{"self":[{"href":"https:\/\/zaunreiterin.eu\/de_de\/wp-json\/wp\/v2\/pages\/348","targetHints":{"allow":["GET"]}}],"collection":[{"href":"https:\/\/zaunreiterin.eu\/de_de\/wp-json\/wp\/v2\/pages"}],"about":[{"href":"https:\/\/zaunreiterin.eu\/de_de\/wp-json\/wp\/v2\/types\/page"}],"author":[{"embeddable":true,"href":"https:\/\/zaunreiterin.eu\/de_de\/wp-json\/wp\/v2\/users\/1"}],"replies":[{"embeddable":true,"href":"https:\/\/zaunreiterin.eu\/de_de\/wp-json\/wp\/v2\/comments?post=348"}],"version-history":[{"count":10,"href":"https:\/\/zaunreiterin.eu\/de_de\/wp-json\/wp\/v2\/pages\/348\/revisions"}],"predecessor-version":[{"id":1014,"href":"https:\/\/zaunreiterin.eu\/de_de\/wp-json\/wp\/v2\/pages\/348\/revisions\/1014"}],"wp:featuredmedia":[{"embeddable":true,"href":"https:\/\/zaunreiterin.eu\/de_de\/wp-json\/wp\/v2\/media\/357"}],"wp:attachment":[{"href":"https:\/\/zaunreiterin.eu\/de_de\/wp-json\/wp\/v2\/media?parent=348"}],"curies":[{"name":"wp","href":"https:\/\/api.w.org\/{rel}","templated":true}]}}