{"id":900,"date":"2025-05-21T20:45:23","date_gmt":"2025-05-21T18:45:23","guid":{"rendered":"https:\/\/zaunreiterin.eu\/?page_id=900"},"modified":"2026-02-25T12:17:02","modified_gmt":"2026-02-25T10:17:02","slug":"psychedelischer-integrationszirkel","status":"publish","type":"page","link":"https:\/\/zaunreiterin.eu\/de_de\/psychedelischer-integrationszirkel\/","title":{"rendered":"Psychedelischer Integrationszirkel"},"content":{"rendered":"\n<div class=\"wp-block-columns is-layout-flex wp-container-core-columns-is-layout-28f84493 wp-block-columns-is-layout-flex\">\n<div class=\"wp-block-column is-layout-flow wp-block-column-is-layout-flow\" style=\"flex-basis:25%\"><\/div>\n\n\n\n<div class=\"wp-block-column is-layout-flow wp-block-column-is-layout-flow\" style=\"flex-basis:50%\">\n<p class=\"has-text-align-center\"><strong>Eine Veranstaltung des <a href=\"https:\/\/substanzunterstuetzte-therapie.org\/\">Instituts f\u00fcr Substanzunterst\u00fctzte Therapie<\/a><\/strong><\/p>\n\n\n\n<p>Psychedelische Erfahrungen &#8211; welcher Art auch immer &#8211; bleiben im luftleeren Raum h\u00e4ngen, wenn sie nicht integriert werden. <a href=\"https:\/\/zaunreiterin.eu\/den-rahmen-weiten-psychedelische-integration\/\" data-type=\"page\" data-id=\"348\">Integration<\/a> braucht zun\u00e4chst einmal einen sicheren Raum, in den Du alles einbringen kannst, was Dich bewegt.<\/p>\n\n\n\n<p>Es kann sehr hilfreich sein, wenn Du von den Erfahrungen anderer h\u00f6rst und einen solchen Raum hast, in dem Du die eigenen Erfahrungen mit anderen teilen kannst. Manchmal reicht es schon zu h\u00f6ren, dass Du mit diesem oder jenem Problem nicht alleine bist. Oder es ergeben sich Aha-Effekte: ah, das ist also der Zusammenhang &#8230; Oder Du findest Ideen in der Unterhaltung, wie Du Deine Erfahrungen verarbeiten kannst.<\/p>\n\n\n\n<p>Ich biete diesen Redekreis zun\u00e4chst online an. Bei hinreichendem Interesse besteht aber auch die M\u00f6glichkeit zu einem Kreis vor Ort in M\u00fcnchen.<\/p>\n\n\n\n<p>Der Kreis ist als offene Runde gedacht, Du kannst einmal dabei sein, mehrfach oder regelm\u00e4\u00dfig, je nach Deinen Bed\u00fcrfnissen.<\/p>\n\n\n\n<p><strong>Termine an rollierenden Wochentagen, jeweils ab 19.30 und so lange wie es braucht:<\/strong><\/p>\n\n\n\n<p>Montag, 23. M\u00e4rz 2026<br>Dienstag, 21. April 2026<br>Mittwoch, 13. Mai 2026 (ge\u00e4ndertes Datum!)<br>Donnerstag, 11. Juni 2026<br>Freitag, 17. Juli 2026<br>Montag, 10. August 2026<br>Dienstag, 22. September 2026<br>Mittwoch, 28. Oktober 2026<br>Donnerstag, 19. November 2026<br>Dienstag, 15. Dezember 2026<\/p>\n\n\n\n<p><strong>Die Abende finden vorl\u00e4ufig kostenlos statt.<\/strong><\/p>\n\n\n\n<p>Anmeldung via <a href=\"mailto:sabine@ggrs.com\">Mail<\/a> oder Telefon\/SMS\/WhatsApp\/Signal\/Threema: 0176-45503994<\/p>\n\n\n\n<p><\/p>\n<\/div>\n\n\n\n<div class=\"wp-block-column is-layout-flow wp-block-column-is-layout-flow\" style=\"flex-basis:25%\"><\/div>\n<\/div>\n\n\n\n<p><\/p>\n","protected":false},"excerpt":{"rendered":"<p>Eine Veranstaltung des Instituts f\u00fcr Substanzunterst\u00fctzte Therapie Psychedelische Erfahrungen &#8211; welcher Art auch immer &#8211; bleiben im luftleeren Raum h\u00e4ngen, wenn sie nicht integriert werden. Integration braucht zun\u00e4chst einmal einen sicheren Raum, in den Du alles einbringen kannst, was Dich bewegt. Es kann sehr hilfreich sein, wenn Du von den Erfahrungen anderer h\u00f6rst und einen [&hellip;]<\/p>\n","protected":false},"author":1,"featured_media":902,"parent":0,"menu_order":0,"comment_status":"closed","ping_status":"closed","template":"","meta":{"footnotes":""},"class_list":["post-900","page","type-page","status-publish","has-post-thumbnail","hentry"],"_links":{"self":[{"href":"https:\/\/zaunreiterin.eu\/de_de\/wp-json\/wp\/v2\/pages\/900","targetHints":{"allow":["GET"]}}],"collection":[{"href":"https:\/\/zaunreiterin.eu\/de_de\/wp-json\/wp\/v2\/pages"}],"about":[{"href":"https:\/\/zaunreiterin.eu\/de_de\/wp-json\/wp\/v2\/types\/page"}],"author":[{"embeddable":true,"href":"https:\/\/zaunreiterin.eu\/de_de\/wp-json\/wp\/v2\/users\/1"}],"replies":[{"embeddable":true,"href":"https:\/\/zaunreiterin.eu\/de_de\/wp-json\/wp\/v2\/comments?post=900"}],"version-history":[{"count":11,"href":"https:\/\/zaunreiterin.eu\/de_de\/wp-json\/wp\/v2\/pages\/900\/revisions"}],"predecessor-version":[{"id":1274,"href":"https:\/\/zaunreiterin.eu\/de_de\/wp-json\/wp\/v2\/pages\/900\/revisions\/1274"}],"wp:featuredmedia":[{"embeddable":true,"href":"https:\/\/zaunreiterin.eu\/de_de\/wp-json\/wp\/v2\/media\/902"}],"wp:attachment":[{"href":"https:\/\/zaunreiterin.eu\/de_de\/wp-json\/wp\/v2\/media?parent=900"}],"curies":[{"name":"wp","href":"https:\/\/api.w.org\/{rel}","templated":true}]}}