{"id":937,"date":"2025-05-22T12:27:48","date_gmt":"2025-05-22T10:27:48","guid":{"rendered":"https:\/\/zaunreiterin.eu\/?page_id=937"},"modified":"2025-12-30T16:05:05","modified_gmt":"2025-12-30T14:05:05","slug":"psychedelisches-retreat-fuer-frauen","status":"publish","type":"page","link":"https:\/\/zaunreiterin.eu\/de_de\/psychedelisches-retreat-fuer-frauen\/","title":{"rendered":"Psychedelisches Retreat f\u00fcr Frauen"},"content":{"rendered":"\n<div class=\"wp-block-columns is-layout-flex wp-container-core-columns-is-layout-28f84493 wp-block-columns-is-layout-flex\">\n<div class=\"wp-block-column is-layout-flow wp-block-column-is-layout-flow\" style=\"flex-basis:25%\"><\/div>\n\n\n\n<div class=\"wp-block-column is-layout-flow wp-block-column-is-layout-flow\" style=\"flex-basis:50%\">\n<p><strong>N\u00e4chster Termin: 4. bis 8. M\u00e4rz 2026 im Allg\u00e4u<\/strong> (weitere Infos siehe unten)<\/p>\n\n\n\n<p>Mit &#8222;psychedelisch&#8220; meine ich \u00fcber die engere Bedeutung des Begriffs hinaus Erfahrungen, die in tiefen ver\u00e4nderten Bewusstseinszust\u00e4nden (Trance) gemacht werden. Etymologisch bedeutet der Begriff: das, was die Seele offenbar werden l\u00e4sst. Das also, was uns mit unserer Seele und unserem innersten Sein in Verbindung bringt und damit auch mit dem Leben, der Natur und dem Universum.<\/p>\n\n\n\n<p>Wir arbeiten mit Substanzen, die in dem jeweiligen Land legal sind und von uns auf ihre Eignung getestet wurden. Und wir arbeiten mit anderen, \u00e4hnlich tief gehenden Methoden, insbesondere Atemarbeit.<\/p>\n\n\n\n<p>Im Normalfall besteht ein Retreat aus zwei Sessions, entweder zwei Sessions mit unterschiedlichen Substanzen, oder eine Session mit Substanzen und eine als Doppelsession mit Atemarbeit (Du bist als Teilnehmerin bei der Atemarbeit einmal Sitterin und einmal Erfahrende). Die Sessions sind eingebettet in Vorgespr\u00e4che, Rederunden unter anderem f\u00fcr die Kl\u00e4rung Deiner Absicht, vorbereitende \u00dcbungen und Integrationsarbeit. Je nach L\u00e4nge des Retreats und den Bed\u00fcrfnissen der Gruppe kann zus\u00e4tzlich mit weiteren Werkzeugen wie etwa schamanischen Reisen oder dem Medizinrad gearbeitet werden, oder wir nutzen Tanz oder Bewegung, um uns mit unserem K\u00f6rper zu verbinden. Material zum Malen und f\u00fcr Collagen steht jederzeit zur Verf\u00fcgung; auch dies ist schon Teil der Integration. Zur Integration geh\u00f6rt auch ein Onlinetreffen der Gruppe einige Wochen nach dem Retreat.<\/p>\n\n\n\n<p>Maximal zw\u00f6lf Teilnehmerinnen werden, je nach Gruppengr\u00f6\u00dfe, von zwei bis drei Begleiterinnen unterst\u00fctzt. Alle sind entsprechend ausgebildet und verf\u00fcgen \u00fcber intensive eigene Erfahrungen in ver\u00e4nderten Bewusstseinszust\u00e4nden.<\/p>\n\n\n\n<p>Da wir als Frauen unter uns sind, kann ein ganz eigener Schutzraum entstehen. Vielen Frauen f\u00e4llt es in einer solchen besonderen Atmosph\u00e4re leichter, Vertrauen zu finden und sich zu \u00f6ffnen, als das in einer gemischten Gruppe der Fall w\u00e4re.<\/p>\n\n\n\n<p>Die Sessions haben einen zeremoniellen Rahmen. Musik tr\u00e4gt die Erfahrung. Du bist auf Deiner eigenen, ganz pers\u00f6nlichen Reise, gef\u00fchrt von Deiner Absicht und dem, was oft als Innerer Heiler bezeichnet wird. Die Begleiterinnen unterst\u00fctzen je nach Bedarf, etwa mit K\u00f6rperarbeit, mit Fragen oder Vorschl\u00e4gen, oder einfach dadurch, dass sie den Raum halten f\u00fcr das, was sich in diesem Moment der Reise zeigt und erfahren werden will. Dabei wird eher wenig gesprochen, denn es geht nicht darum, den Verstand zu f\u00fcttern (der kommt sp\u00e4ter ein St\u00fcckweit bei der Integration zum Zuge), sondern, diese Erfahrung mit dem ganzen eigenen Wesen zu machen, mit Seele, K\u00f6rper und Emotionen.<\/p>\n\n\n\n<p>Das Gruppensetting bedeutet, dass Du nicht st\u00e4ndig die volle Aufmerksamkeit einer Begleiterin hat. Daf\u00fcr ist die Gruppe aber Teil des Rahmens und Raumes, der die eigene Erfahrung h\u00e4lt, sie kann wichtiger Zeuge und wertvoller Spiegel sein, verbunden mit Dir durch das gemeinsame Tun.<\/p>\n\n\n\n<p>Hauptsprache w\u00e4hrend des Retreats ist Englisch, es sei denn, es sind nur Deutschsprachige anwesend. Zwiegespr\u00e4che k\u00f6nnen auch auf Deutsch oder in anderen Sprachen gef\u00fchrt werden.<\/p>\n\n\n\n<p>Als Unterkunft stehen schlichte, geschmackvoll gestaltete Zwei- bis Dreibettzimmer zur Verf\u00fcgung. Die Verpflegung erfolgt vegetarisch, teils vegan und \u00fcberwiegend biologisch.<\/p>\n\n\n\n<p>Wenn Du Interesse hast, melde Dich gerne per <a href=\"mailto:sabine@ggrs.com\">Mail<\/a> oder Messenger (0176-45503994, SMS, WhatsApp, Signal, Threema) f\u00fcr ein Vorgespr\u00e4ch bei mir!<\/p>\n\n\n\n<div style=\"height:20px\" aria-hidden=\"true\" class=\"wp-block-spacer\"><\/div>\n\n\n<h4 class=\"wp-block-heading\" id=\"naechster-termin\">N&auml;chster Termin:<\/h4>\n\n\n\n<p><strong>4. bis 8. M\u00e4rz 2026 im Allg\u00e4u<\/strong><\/p>\n\n\n\n<p>Das Retreat findet in einem daf\u00fcr wunderbar geeigneten <strong>Seminarhaus<\/strong> mitten im Gr\u00fcnen statt, den genauen Ort teile ich nach Anmeldung mit. Ein Tag zwischen den Sessions kann zum Ausruhen ebenso genutzt werden wie f\u00fcr zus\u00e4tzliche Aktivit\u00e4ten, wie z.B. schamanisches Arbeiten oder auch Tanz und Bewegung, je nach den Bed\u00fcrfnissen der Gruppe. Papier und Farben zum k\u00fcnstlerischen Gestalten stehen jederzeit bereit.<\/p>\n\n\n\n<p>Die <strong>Unterkunft<\/strong> erfolgt in einfachen, gem\u00fctlichen Zwei- und Dreibettzimmern. Die <strong>Verpflegung<\/strong> ist vegetarisch und gro\u00dfteils bio und wird von uns zubereitet, wobei wir uns \u00fcber Unterst\u00fctzung in der K\u00fcche freuen. Die <strong>Anzahl der Teilnehmerinnen ist auf 12 begrenzt<\/strong>, die <strong>Hauptsprache ist Englisch<\/strong>.<\/p>\n\n\n\n<p><strong>Beginn ist am Mittwoch, 4. M\u00e4rz, um 18 Uhr, Ende am Sonntag, 8. M\u00e4rz, gegen 15 Uhr<\/strong>. Es ist m\u00f6glich, einen Tag fr\u00fcher zu kommen oder einen Tag l\u00e4nger zu bleiben, das erfordert allerdings sofortige Anmeldung. Die Kosten f\u00fcr die zus\u00e4tzlichen N\u00e4chte liegen bei 35 EUR ohne Verpflegung.<\/p>\n\n\n\n<p>Anmeldung bitte baldm\u00f6glichst bei mir, <strong>allerletzter Anmeldeschluss ist am 1. Februar 2026.<\/strong><\/p>\n\n\n\n<p>Die <strong>Kosten liegen bei 1000-1450 EUR<\/strong> je nach den finanziellen M\u00f6glichkeiten und beinhalten das gesamte Retreat (ohne zus\u00e4tzliche N\u00e4chte), ein verbindliches Vorgespr\u00e4ch mit mir und ein Integrationstreffen per Zoom f\u00fcr die gesamte Gruppe einige Wochen nach dem Retreat.<\/p>\n\n\n\n<p>Ich m\u00f6chte diejenigen, die dazu bereit und finanziell in der Lage sind, einladen, \u00fcber die oben genannte obere Preisgrenze hinaus einen Beitrag der Gro\u00dfz\u00fcgigkeit&nbsp;zu leisten. Ich bin der Meinung, dass diese Arbeit so wertvoll und so tiefgreifend transformierend ist, dass niemand davon ausgeschlossen werden sollte, aber daf\u00fcr brauche ich Hilfe. Die zus\u00e4tzlichen Beitr\u00e4ge werden in einem Fonds gesammelt und sollen in Zukunft dazu beitragen, diejenigen zu unterst\u00fctzen, die sich die Teilnahme sonst nicht leisten k\u00f6nnten. Diese Option wird f\u00fcr dieses Retreat wahrscheinlich noch nicht verf\u00fcgbar sein (es sei denn, eine Teilnehmerin k\u00fcndigt im Voraus an, dass sie einen Beitrag leisten m\u00f6chte). Wenn Du Dich jedoch zur Teilnahme berufen f\u00fchlst, aber Bedenken wegen der Kosten hast, kontaktiere mich trotzdem, vielleicht finden wir eine andere L\u00f6sung.<\/p>\n\n\n\n<p><strong>Weiterer Termin:<\/strong> 9. bis 13. Dezember 2026, ebenfalls im Allg\u00e4u<\/p>\n<\/div>\n\n\n\n<div class=\"wp-block-column is-layout-flow wp-block-column-is-layout-flow\" style=\"flex-basis:25%\"><\/div>\n<\/div>\n\n\n\n<p><\/p>\n","protected":false},"excerpt":{"rendered":"<p>N\u00e4chster Termin: 4. bis 8. M\u00e4rz 2026 im Allg\u00e4u (weitere Infos siehe unten) Mit &#8222;psychedelisch&#8220; meine ich \u00fcber die engere Bedeutung des Begriffs hinaus Erfahrungen, die in tiefen ver\u00e4nderten Bewusstseinszust\u00e4nden (Trance) gemacht werden. Etymologisch bedeutet der Begriff: das, was die Seele offenbar werden l\u00e4sst. Das also, was uns mit unserer Seele und unserem innersten Sein [&hellip;]<\/p>\n","protected":false},"author":1,"featured_media":988,"parent":0,"menu_order":0,"comment_status":"closed","ping_status":"closed","template":"","meta":{"footnotes":""},"class_list":["post-937","page","type-page","status-publish","has-post-thumbnail","hentry"],"_links":{"self":[{"href":"https:\/\/zaunreiterin.eu\/de_de\/wp-json\/wp\/v2\/pages\/937","targetHints":{"allow":["GET"]}}],"collection":[{"href":"https:\/\/zaunreiterin.eu\/de_de\/wp-json\/wp\/v2\/pages"}],"about":[{"href":"https:\/\/zaunreiterin.eu\/de_de\/wp-json\/wp\/v2\/types\/page"}],"author":[{"embeddable":true,"href":"https:\/\/zaunreiterin.eu\/de_de\/wp-json\/wp\/v2\/users\/1"}],"replies":[{"embeddable":true,"href":"https:\/\/zaunreiterin.eu\/de_de\/wp-json\/wp\/v2\/comments?post=937"}],"version-history":[{"count":21,"href":"https:\/\/zaunreiterin.eu\/de_de\/wp-json\/wp\/v2\/pages\/937\/revisions"}],"predecessor-version":[{"id":1231,"href":"https:\/\/zaunreiterin.eu\/de_de\/wp-json\/wp\/v2\/pages\/937\/revisions\/1231"}],"wp:featuredmedia":[{"embeddable":true,"href":"https:\/\/zaunreiterin.eu\/de_de\/wp-json\/wp\/v2\/media\/988"}],"wp:attachment":[{"href":"https:\/\/zaunreiterin.eu\/de_de\/wp-json\/wp\/v2\/media?parent=937"}],"curies":[{"name":"wp","href":"https:\/\/api.w.org\/{rel}","templated":true}]}}