{"id":985,"date":"2025-05-22T15:22:12","date_gmt":"2025-05-22T13:22:12","guid":{"rendered":"https:\/\/zaunreiterin.eu\/?page_id=985"},"modified":"2025-05-23T11:18:41","modified_gmt":"2025-05-23T09:18:41","slug":"psychedelisches","status":"publish","type":"page","link":"https:\/\/zaunreiterin.eu\/de_de\/psychedelisches\/","title":{"rendered":"Psychedelisches"},"content":{"rendered":"\n<div class=\"wp-block-columns is-layout-flex wp-container-core-columns-is-layout-28f84493 wp-block-columns-is-layout-flex\">\n<div class=\"wp-block-column is-layout-flow wp-block-column-is-layout-flow\" style=\"flex-basis:25%\"><\/div>\n\n\n\n<div class=\"wp-block-column is-layout-flow wp-block-column-is-layout-flow\" style=\"flex-basis:50%\">\n<p>Mit &#8222;psychedelisch&#8220; meine ich \u00fcber die engere Bedeutung des Begriffs hinaus Erfahrungen, die in tiefen ver\u00e4nderten Bewusstseinszust\u00e4nden gemacht werden: das, was die Seele offenbar werden l\u00e4sst.<\/p>\n\n\n\n<p>Doch es geht nicht nur um die Erfahrungen selbst, sondern auch um eine gute Vorbereitung und um die Integration nach der Erfahrung. Mit meinen Angeboten m\u00f6chte ich dazu beitragen. Vorbereitung und Integration stehen Dir dabei zur Verf\u00fcgung unabh\u00e4ngig davon, ob Du an einem Retreat mit mir teilnimmst oder nicht.<\/p>\n\n\n<ul class=\"wp-block-list is-layout-flex wp-container-core-list-is-layout-fe9cc265 wp-block-list-is-layout-flex\" style=\"\">\n<li>die Erfahrung: <a href=\"https:\/\/zaunreiterin.eu\/psychedelisches-retreat-fuer-frauen\/\" data-type=\"page\" data-id=\"937\">Psychedelisches Retreat f&uuml;r Frauen<\/a>\n<\/li>\n\n\n\n<li>die erg&auml;nzende Vorbereitung: <a href=\"https:\/\/zaunreiterin.eu\/psychedelisches-coaching\/\" data-type=\"page\" data-id=\"888\">Psychedelisches Coaching<\/a>\n<\/li>\n\n\n\n<li>Allgemeines zur Integration: <a href=\"https:\/\/zaunreiterin.eu\/den-rahmen-weiten-psychedelische-integration\/\" data-type=\"page\" data-id=\"348\">Den Rahmen weiten<\/a>\n<\/li>\n\n\n\n<li>die erg&auml;nzende Nacharbeit: <a href=\"https:\/\/zaunreiterin.eu\/psychedelischer-integrationszirkel\/\" data-type=\"page\" data-id=\"900\">Integrationszirkel<\/a>\n<\/li>\n\n\n\n<li>die erg&auml;nzende Nacharbeit: <a href=\"https:\/\/zaunreiterin.eu\/psychedelische-integration-11\/\" data-type=\"page\" data-id=\"351\">Integration 1:1<\/a>\n<\/li>\n<\/ul>\n<\/div>\n\n\n\n<div class=\"wp-block-column is-layout-flow wp-block-column-is-layout-flow\" style=\"flex-basis:25%\"><\/div>\n<\/div>\n\n\n\n<p><\/p>\n","protected":false},"excerpt":{"rendered":"<p>Mit &#8222;psychedelisch&#8220; meine ich \u00fcber die engere Bedeutung des Begriffs hinaus Erfahrungen, die in tiefen ver\u00e4nderten Bewusstseinszust\u00e4nden gemacht werden: das, was die Seele offenbar werden l\u00e4sst. Doch es geht nicht nur um die Erfahrungen selbst, sondern auch um eine gute Vorbereitung und um die Integration nach der Erfahrung. Mit meinen Angeboten m\u00f6chte ich dazu beitragen. [&hellip;]<\/p>\n","protected":false},"author":1,"featured_media":986,"parent":0,"menu_order":0,"comment_status":"closed","ping_status":"closed","template":"","meta":{"footnotes":""},"class_list":["post-985","page","type-page","status-publish","has-post-thumbnail","hentry"],"_links":{"self":[{"href":"https:\/\/zaunreiterin.eu\/de_de\/wp-json\/wp\/v2\/pages\/985","targetHints":{"allow":["GET"]}}],"collection":[{"href":"https:\/\/zaunreiterin.eu\/de_de\/wp-json\/wp\/v2\/pages"}],"about":[{"href":"https:\/\/zaunreiterin.eu\/de_de\/wp-json\/wp\/v2\/types\/page"}],"author":[{"embeddable":true,"href":"https:\/\/zaunreiterin.eu\/de_de\/wp-json\/wp\/v2\/users\/1"}],"replies":[{"embeddable":true,"href":"https:\/\/zaunreiterin.eu\/de_de\/wp-json\/wp\/v2\/comments?post=985"}],"version-history":[{"count":3,"href":"https:\/\/zaunreiterin.eu\/de_de\/wp-json\/wp\/v2\/pages\/985\/revisions"}],"predecessor-version":[{"id":1011,"href":"https:\/\/zaunreiterin.eu\/de_de\/wp-json\/wp\/v2\/pages\/985\/revisions\/1011"}],"wp:featuredmedia":[{"embeddable":true,"href":"https:\/\/zaunreiterin.eu\/de_de\/wp-json\/wp\/v2\/media\/986"}],"wp:attachment":[{"href":"https:\/\/zaunreiterin.eu\/de_de\/wp-json\/wp\/v2\/media?parent=985"}],"curies":[{"name":"wp","href":"https:\/\/api.w.org\/{rel}","templated":true}]}}