{"id":154,"date":"2025-05-04T09:01:51","date_gmt":"2025-05-04T09:01:51","guid":{"rendered":"https:\/\/zaunreiterin.eu\/?page_id=154"},"modified":"2026-02-25T12:18:11","modified_gmt":"2026-02-25T10:18:11","slug":"termine","status":"publish","type":"page","link":"https:\/\/zaunreiterin.eu\/en\/termine\/","title":{"rendered":"Dates"},"content":{"rendered":"<figure class=\"wp-block-table is-style-regular\"><table><thead><tr><th>Datum<\/th><th>Beginn<\/th><th>Ende<\/th><th>what<\/th><th>wer<\/th><th>wo<\/th><\/tr><\/thead><tbody><tr><td><strong>Mittwoch, 4. M\u00e4rz &#8211; Sonntag, 8. M\u00e4rz<\/strong><\/td><td>18.00 Uhr<\/td><td>ca. 15 Uhr<\/td><td><a href=\"https:\/\/zaunreiterin.eu\/en\/psychedelisches-retreat-fuer-frauen\/\" data-type=\"page\" data-id=\"937\"><strong>Psychedelic retreat for women<\/strong><\/a><\/td><td>Sabine Schleichert and colleagues<\/td><td>Allg\u00e4u<\/td><\/tr><tr><td>Monday, March 16th, 2026<\/td><td>7.30 pm<\/td><td>abt. 9.30 pm<\/td><td><a href=\"https:\/\/zaunreiterin.eu\/en\/schamanischer-trommelabend\/\" data-type=\"page\" data-id=\"153\">Shamanic journeying circle<\/a><\/td><td>Sabine Schleichert<\/td><td>M\u00fcnchen, Schwabing-West<\/td><\/tr><tr><td>Monday, March 23rd, 2026<\/td><td>7.30 pm<\/td><td>abt. 9 pm<\/td><td><a href=\"https:\/\/zaunreiterin.eu\/en\/psychedelischer-integrationszirkel\/\" data-type=\"page\" data-id=\"900\">Psychedelic integration circle<\/a><\/td><td>Sabine Schleichert<\/td><td>online<\/td><\/tr><tr><td>Tuesday, April 21st, 2026<\/td><td>7.30 pm<\/td><td>abt. 9 pm<\/td><td><a href=\"https:\/\/zaunreiterin.eu\/en\/psychedelischer-integrationszirkel\/\" data-type=\"page\" data-id=\"900\">Psychedelic integration circle<\/a><\/td><td>Sabine Schleichert<\/td><td>online<\/td><\/tr><tr><td>Monday April 27th, 2026<\/td><td>7.30 pm<\/td><td>abt. 9.30 pm<\/td><td><a href=\"https:\/\/zaunreiterin.eu\/en\/schamanischer-trommelabend\/\" data-type=\"page\" data-id=\"153\">Shamanic journeying circle<\/a><\/td><td>Sabine Schleichert<\/td><td>M\u00fcnchen, Schwabing-West<\/td><\/tr><tr><td>Wednesday, May 13th, 2026 (changed date!)<\/td><td>7.30 pm<\/td><td>abt. 9 pm<\/td><td><a href=\"https:\/\/zaunreiterin.eu\/en\/psychedelischer-integrationszirkel\/\" data-type=\"page\" data-id=\"900\">Psychedelic integration circle<\/a><\/td><td>Sabine Schleichert<\/td><td>online<\/td><\/tr><tr><td>Thursday, June 11th, 2026<\/td><td>7.30 pm<\/td><td>abt. 9 pm<\/td><td><a href=\"https:\/\/zaunreiterin.eu\/en\/psychedelischer-integrationszirkel\/\" data-type=\"page\" data-id=\"900\">Psychedelic integration circle<\/a><\/td><td>Sabine Schleichert<\/td><td>online<\/td><\/tr><tr><td>Monday, June 15th, 2026<\/td><td>7.30 pm<\/td><td>abt. 9.30 pm<\/td><td><a href=\"https:\/\/zaunreiterin.eu\/en\/schamanischer-trommelabend\/\" data-type=\"page\" data-id=\"153\">Shamanic journeying circle<\/a><\/td><td>Sabine Schleichert<\/td><td>M\u00fcnchen, Schwabing-West<\/td><\/tr><tr><td>Friday, July 17th, 2026<\/td><td>7.30 pm<\/td><td>abt. 9 pm<\/td><td><a href=\"https:\/\/zaunreiterin.eu\/en\/psychedelischer-integrationszirkel\/\" data-type=\"page\" data-id=\"900\">Psychedelic integration circle<\/a><\/td><td>Sabine Schleichert<\/td><td>online<\/td><\/tr><tr><td>Monday, August 3rd, 2026<\/td><td>7.30 pm<\/td><td>abt. 9.30 pm<\/td><td><a href=\"https:\/\/zaunreiterin.eu\/en\/schamanischer-trommelabend\/\" data-type=\"page\" data-id=\"153\">Shamanic journeying circle<\/a><\/td><td>Sabine Schleichert<\/td><td>M\u00fcnchen, Schwabing-West<\/td><\/tr><tr><td>Monday, August 10th, 2026<\/td><td>7.30 pm<\/td><td>abt. 9 pm<\/td><td><a href=\"https:\/\/zaunreiterin.eu\/en\/psychedelischer-integrationszirkel\/\" data-type=\"page\" data-id=\"900\">Psychedelic integration circle<\/a><\/td><td>Sabine Schleichert<\/td><td>online<\/td><\/tr><tr><td>Monday, September 21st, 2026<\/td><td>7.30 pm<\/td><td>abt. 9.30 pm<\/td><td><a href=\"https:\/\/zaunreiterin.eu\/en\/schamanischer-trommelabend\/\" data-type=\"page\" data-id=\"153\">Shamanic journeying circle<\/a><\/td><td>Sabine Schleichert<\/td><td>M\u00fcnchen, Schwabing-West<\/td><\/tr><tr><td>Tuesday, September 22nd, 2026<\/td><td>7.30 pm<\/td><td>abt. 9 pm<\/td><td><a href=\"https:\/\/zaunreiterin.eu\/en\/psychedelischer-integrationszirkel\/\" data-type=\"page\" data-id=\"900\">Psychedelic integration circle<\/a><\/td><td>Sabine Schleichert<\/td><td>online<\/td><\/tr><tr><td>Monday, October 26th, 2026<\/td><td>7.30 pm<\/td><td>abt. 9.30 pm<\/td><td><a href=\"https:\/\/zaunreiterin.eu\/en\/schamanischer-trommelabend\/\" data-type=\"page\" data-id=\"153\">Shamanic journeying circle<\/a><\/td><td>Sabine Schleichert<\/td><td>M\u00fcnchen, Schwabing-West<\/td><\/tr><tr><td>Wednesday, October 28th, 2026<\/td><td>7.30 pm<\/td><td>abt. 9 pm<\/td><td><a href=\"https:\/\/zaunreiterin.eu\/en\/psychedelischer-integrationszirkel\/\" data-type=\"page\" data-id=\"900\">Psychedelic integration circle<\/a><\/td><td>Sabine Schleichert<\/td><td>online<\/td><\/tr><tr><td>Thursday, November 19th, 2026<\/td><td>7.30 pm<\/td><td>abt. 9 pm<\/td><td><a href=\"https:\/\/zaunreiterin.eu\/en\/psychedelischer-integrationszirkel\/\" data-type=\"page\" data-id=\"900\">Psychedelic integration circle<\/a><\/td><td>Sabine Schleichert<\/td><td>online<\/td><\/tr><tr><td>Monday, December 7th, 2026 (changed date!)<\/td><td>7.30 pm<\/td><td>abt. 9.30 pm<\/td><td><a href=\"https:\/\/zaunreiterin.eu\/en\/schamanischer-trommelabend\/\" data-type=\"page\" data-id=\"153\">Shamanic journeying circle<\/a><\/td><td>Sabine Schleichert<\/td><td>M\u00fcnchen, Schwabing-West<\/td><\/tr><tr><td>Tuesday, December 15th, 2026<\/td><td>7.30 pm<\/td><td>abt. 9 pm<\/td><td><a href=\"https:\/\/zaunreiterin.eu\/en\/psychedelischer-integrationszirkel\/\" data-type=\"page\" data-id=\"900\">Psychedelic integration circle<\/a><\/td><td>Sabine Schleichert<\/td><td>online<\/td><\/tr><\/tbody><\/table><\/figure>","protected":false},"excerpt":{"rendered":"<p>Datum Beginn Ende was wer wo Mittwoch, 4. M\u00e4rz &#8211; Sonntag, 8. M\u00e4rz 18.00 Uhr ca. 15 Uhr Psychedelisches Retreat f\u00fcr Frauen Sabine Schleichert und Kolleginnen Allg\u00e4u Montag, 16. M\u00e4rz 2026 19.30 Uhr ca. 21.30 Uhr Schamanischer Trommelabend Sabine Schleichert M\u00fcnchen, Schwabing-West Montag, 23. M\u00e4rz 2026 19.30 Uhr ca. 21.00 Uhr Psychedelischer Integrationszirkel Sabine Schleichert [&hellip;]<\/p>\n","protected":false},"author":1,"featured_media":158,"parent":0,"menu_order":0,"comment_status":"closed","ping_status":"closed","template":"","meta":{"footnotes":""},"class_list":["post-154","page","type-page","status-publish","has-post-thumbnail","hentry"],"_links":{"self":[{"href":"https:\/\/zaunreiterin.eu\/en\/wp-json\/wp\/v2\/pages\/154","targetHints":{"allow":["GET"]}}],"collection":[{"href":"https:\/\/zaunreiterin.eu\/en\/wp-json\/wp\/v2\/pages"}],"about":[{"href":"https:\/\/zaunreiterin.eu\/en\/wp-json\/wp\/v2\/types\/page"}],"author":[{"embeddable":true,"href":"https:\/\/zaunreiterin.eu\/en\/wp-json\/wp\/v2\/users\/1"}],"replies":[{"embeddable":true,"href":"https:\/\/zaunreiterin.eu\/en\/wp-json\/wp\/v2\/comments?post=154"}],"version-history":[{"count":20,"href":"https:\/\/zaunreiterin.eu\/en\/wp-json\/wp\/v2\/pages\/154\/revisions"}],"predecessor-version":[{"id":1275,"href":"https:\/\/zaunreiterin.eu\/en\/wp-json\/wp\/v2\/pages\/154\/revisions\/1275"}],"wp:featuredmedia":[{"embeddable":true,"href":"https:\/\/zaunreiterin.eu\/en\/wp-json\/wp\/v2\/media\/158"}],"wp:attachment":[{"href":"https:\/\/zaunreiterin.eu\/en\/wp-json\/wp\/v2\/media?parent=154"}],"curies":[{"name":"wp","href":"https:\/\/api.w.org\/{rel}","templated":true}]}}