{"id":172,"date":"2025-05-04T10:28:50","date_gmt":"2025-05-04T10:28:50","guid":{"rendered":"https:\/\/zaunreiterin.eu\/?page_id=172"},"modified":"2026-02-25T11:48:54","modified_gmt":"2026-02-25T09:48:54","slug":"gedanken","status":"publish","type":"page","link":"https:\/\/zaunreiterin.eu\/en\/gedanken\/","title":{"rendered":"Thoughts"},"content":{"rendered":"<div class=\"wp-block-columns is-layout-flex wp-container-core-columns-is-layout-28f84493 wp-block-columns-is-layout-flex\">\n<div class=\"wp-block-column is-layout-flow wp-block-column-is-layout-flow\" style=\"flex-basis:25%\"><\/div>\n\n\n\n<div class=\"wp-block-column is-layout-flow wp-block-column-is-layout-flow\" style=\"flex-basis:50%\">\n<p>The following texts are based on my own direct experiences and my processing of what I have experienced, and are therefore deeply true. At the same time, they are not true, no more than empty words, because ultimately it is not possible to put shamanic and similar experiences into words \u2013 or even to grasp or comprehend them adequately. So they remain fragmentary, and yet for me they are an important way of approaching things.<\/p>\n\n\n\n<p>Mostly chronological, from newest to oldest:<\/p>\n\n\n<ul class=\"wp-block-list is-layout-flex wp-container-core-list-is-layout-fe9cc265 wp-block-list-is-layout-flex\" style=\"\">\n<li><a href=\"https:\/\/zaunreiterin.eu\/en\/abgruende\/\" data-type=\"page\" data-id=\"1243\">Abysses<\/a><\/li>\n\n\n\n<li><a href=\"https:\/\/zaunreiterin.eu\/en\/gleichgewicht-2\/\" data-type=\"page\" data-id=\"1072\">Equilibrium<\/a><\/li>\n\n\n\n<li><a href=\"https:\/\/zaunreiterin.eu\/en\/kriegerin\/\" data-type=\"page\" data-id=\"261\">Warrior<\/a><\/li>\n\n\n\n<li><a href=\"https:\/\/zaunreiterin.eu\/en\/licht\/\" data-type=\"page\" data-id=\"268\">Light<\/a><\/li>\n\n\n\n<li><a href=\"https:\/\/zaunreiterin.eu\/en\/einsamkeit-2\/\" data-type=\"page\" data-id=\"270\">Loneliness<\/a><\/li>\n\n\n\n<li><a href=\"https:\/\/zaunreiterin.eu\/en\/die-entscheidung-zu-vertrauen\/\" data-type=\"page\" data-id=\"272\">The decision for trust<\/a><\/li>\n\n\n\n<li><a href=\"https:\/\/zaunreiterin.eu\/en\/ich-hatte-einen-bruder\/\" data-type=\"page\" data-id=\"280\">I had a brother<\/a><\/li>\n\n\n\n<li><a href=\"https:\/\/zaunreiterin.eu\/en\/hingabe\/\" data-type=\"page\" data-id=\"288\">Surrender<\/a><\/li>\n\n\n\n<li><a href=\"https:\/\/zaunreiterin.eu\/en\/verbundenheit\/\" data-type=\"page\" data-id=\"290\">Connectedness<\/a><\/li>\n\n\n\n<li><a href=\"https:\/\/zaunreiterin.eu\/en\/dankbarkeit\/\" data-type=\"page\" data-id=\"293\">Gratitude<\/a><\/li>\n\n\n\n<li><a href=\"https:\/\/zaunreiterin.eu\/en\/heilung\/\" data-type=\"page\" data-id=\"298\">Healing<\/a><\/li>\n\n\n\n<li><a href=\"https:\/\/zaunreiterin.eu\/en\/medizinrad-und-kreis-des-lebens\/\" data-type=\"page\" data-id=\"299\">Medicine wheel and wheel of life<\/a><\/li>\n\n\n\n<li>\n<a href=\"https:\/\/zaunreiterin.eu\/en\/hexen-europaeischer-schamanismus\/\" data-type=\"page\" data-id=\"307\">Witches - European shamanism?<\/a> (Update 2023)<\/li>\n<\/ul>\n<\/div>\n\n\n\n<div class=\"wp-block-column is-layout-flow wp-block-column-is-layout-flow\" style=\"flex-basis:25%\"><\/div>\n<\/div>","protected":false},"excerpt":{"rendered":"<p>Die hier folgenden Texte sind entstanden aus dem unmittelbaren eigenen Erleben und in Verarbeitung des Erfahrenen, und damit zutiefst wahr. Und gleichzeitig sind sie nicht wahr, nicht mehr als leere Worte, denn letztlich ist es nicht m\u00f6glich, schamanische und \u00e4hnliche Erfahrungen in Worte zu fassen &#8211; \u00fcberhaupt nur angemessen zu fassen, zu begreifen. So bleiben [&hellip;]<\/p>\n","protected":false},"author":1,"featured_media":173,"parent":0,"menu_order":0,"comment_status":"closed","ping_status":"closed","template":"","meta":{"footnotes":""},"class_list":["post-172","page","type-page","status-publish","has-post-thumbnail","hentry"],"_links":{"self":[{"href":"https:\/\/zaunreiterin.eu\/en\/wp-json\/wp\/v2\/pages\/172","targetHints":{"allow":["GET"]}}],"collection":[{"href":"https:\/\/zaunreiterin.eu\/en\/wp-json\/wp\/v2\/pages"}],"about":[{"href":"https:\/\/zaunreiterin.eu\/en\/wp-json\/wp\/v2\/types\/page"}],"author":[{"embeddable":true,"href":"https:\/\/zaunreiterin.eu\/en\/wp-json\/wp\/v2\/users\/1"}],"replies":[{"embeddable":true,"href":"https:\/\/zaunreiterin.eu\/en\/wp-json\/wp\/v2\/comments?post=172"}],"version-history":[{"count":10,"href":"https:\/\/zaunreiterin.eu\/en\/wp-json\/wp\/v2\/pages\/172\/revisions"}],"predecessor-version":[{"id":1256,"href":"https:\/\/zaunreiterin.eu\/en\/wp-json\/wp\/v2\/pages\/172\/revisions\/1256"}],"wp:featuredmedia":[{"embeddable":true,"href":"https:\/\/zaunreiterin.eu\/en\/wp-json\/wp\/v2\/media\/173"}],"wp:attachment":[{"href":"https:\/\/zaunreiterin.eu\/en\/wp-json\/wp\/v2\/media?parent=172"}],"curies":[{"name":"wp","href":"https:\/\/api.w.org\/{rel}","templated":true}]}}