{"id":181,"date":"2025-05-04T10:28:50","date_gmt":"2025-05-04T10:28:50","guid":{"rendered":"https:\/\/zaunreiterin.eu\/?page_id=181"},"modified":"2025-11-30T14:53:54","modified_gmt":"2025-11-30T12:53:54","slug":"ueber-mich","status":"publish","type":"page","link":"https:\/\/zaunreiterin.eu\/en\/ueber-mich\/","title":{"rendered":"About me"},"content":{"rendered":"<div class=\"wp-block-columns is-layout-flex wp-container-core-columns-is-layout-28f84493 wp-block-columns-is-layout-flex\">\n<div class=\"wp-block-column is-layout-flow wp-block-column-is-layout-flow\" style=\"flex-basis:25%\"><\/div>\n\n\n\n<div class=\"wp-block-column is-layout-flow wp-block-column-is-layout-flow\" style=\"flex-basis:50%\">\n<figure class=\"wp-block-image size-large\"><img loading=\"lazy\" decoding=\"async\" width=\"1024\" height=\"682\" src=\"https:\/\/zaunreiterin.eu\/wp-content\/uploads\/2025\/05\/portrait-1-1024x682.jpg\" alt=\"\" class=\"wp-image-324\" srcset=\"https:\/\/zaunreiterin.eu\/wp-content\/uploads\/2025\/05\/portrait-1-1024x682.jpg 1024w, https:\/\/zaunreiterin.eu\/wp-content\/uploads\/2025\/05\/portrait-1-300x200.jpg 300w, https:\/\/zaunreiterin.eu\/wp-content\/uploads\/2025\/05\/portrait-1-768x512.jpg 768w, https:\/\/zaunreiterin.eu\/wp-content\/uploads\/2025\/05\/portrait-1-1536x1024.jpg 1536w, https:\/\/zaunreiterin.eu\/wp-content\/uploads\/2025\/05\/portrait-1.jpg 2000w\" sizes=\"auto, (max-width: 1024px) 100vw, 1024px\" \/><\/figure>\n<\/div>\n\n\n\n<div class=\"wp-block-column is-layout-flow wp-block-column-is-layout-flow\" style=\"flex-basis:25%\"><\/div>\n<\/div>\n\n\n\n<div class=\"wp-block-columns is-layout-flex wp-container-core-columns-is-layout-28f84493 wp-block-columns-is-layout-flex\">\n<div class=\"wp-block-column is-layout-flow wp-block-column-is-layout-flow\" style=\"flex-basis:25%\"><\/div>\n\n\n\n<div class=\"wp-block-column is-layout-flow wp-block-column-is-layout-flow\" style=\"flex-basis:50%\">\n<p>I grew up believing that there is no such thing as a soul, only the body and its biologically explainable functioning. Even an experience I had at the age of perhaps seven, which must have been an out-of-body experience, did not change this belief. I was sick and suddenly looked down at myself lying in bed from the corner of the room above my wardrobe. The experience was deeply impressive because it simply felt different\u2014more real\u2014than just imagining looking down on yourself from above. And despite many attempts, it was not reproducible. I didn't tell anyone about it because no one in my family would have understood anyway, but I didn't forget it either.<\/p>\n\n\n\n<p>After school, I studied history and political science until 1992 and then spent about three years working on a doctoral thesis on witch trials in formerly Austrian parts of Germany. The thesis was never finished; only a few short essays on the subject were published. At around the same time, I had my first shamanic experiences, including two seminars with Kenneth Meadows, and so the question arose from time to time as to whether European witches had anything to do with pre-Christian cults, shamanic practices, or the like. From my archival studies on \u201cmy\u201d witches, I was able to clearly deny this; however, there are still very faint traces in this direction, which will be discussed in more detail <a href=\"https:\/\/zaunreiterin.eu\/en\/hexen-europaeischer-schamanismus\/\" data-type=\"page\" data-id=\"307\">elsewhere.<\/a> Around the same time, I had a second experience that was just as impossible to reproduce: after a day of research in the archives, I spent the evening sightseeing in Augsburg, ended up in the cathedral, and there, unsuspecting, in the crypt\u2014and, completely stunned, perceived the presence of an immensely powerful being, neither friendly nor hostile, neutral, but infinitely powerful.<\/p>\n\n\n\n<p>In the years that followed, there were just a few more occasions when, for a brief moment, I was able to see \u201cbehind the fa\u00e7ade of the visible world.\u201d These moments made a deep impression on me, and for a long time I used similar criteria to distinguish \u201creal\u201d experiences in the other world from fantasy (vulgo \u2018mindfuck\u2019): the impression that they were more real than simple ideas, and the unexpected, the feeling of \u201cWow, I wouldn't have come up with that on my own.\u201d<\/p>\n\n\n\n<p>As far as shamanism itself is concerned, I found shamanic journeying quite interesting from the outset, even if my first experiences of journeying remained rather fragmentary. However, for a long time I was unsure whether this other world in which one travels is really real or whether it is ultimately \u201conly\u201d images from one's own subconscious.<\/p>\n\n\n\n<p>In the mid-1990s, I stopped actively practicing shamanism; we moved, lost contact with people (no internet yet), and, most importantly, our daughter was born, and it quickly became clear that shamanic journeying simply doesn't work with a baby around. The hiatus ended with a memorable sweat lodge held in the deep snow of Tyrol by Christian Vogel in February 2005, where I sat on \u201cSkan\u201d (movement) \u2013 and which indeed set things in motion again.<\/p>\n\n\n\n<p>After attending a series of seminars with several Yuwipis, led by Cath\u00e9rine Conradty, I ultimately could not avoid the conclusion anymore that everything is connected and, consequently, that the other world is real, in the sense of an energetic layer of the world. There was simply no other way to explain some of the things that happened during these Yuwipis. This fundamentally changed my worldview. However, it was still unclear what the point of it all was, apart from the travel adventures. My attempts to find answers to my own questions through travel usually came to nothing, and I had never seen myself as a healer \u2013 in whatever form \u2013 until then.<\/p>\n\n\n\n<p>So I had no idea at all what adventure I was embarking on when I began a shamanic training with Udo Kepplinger in Chiemgau in the fall of 2011. Actually, after several years of hiatus, I was simply interested in continuing on the shamanic path, without having any idea where this path might lead. I \u201cjust wanted to understand.\u201d In fact, it quickly became clear that it was about working for people, and furthermore, that I really enjoyed this kind of work \u2013 initially to my own surprise.<\/p>\n\n\n\n<p>But working for others first requires working for and on oneself. I hadn't expected that my time there would touch my life as deeply as it did\u2014not necessarily on the outside, but certainly on all other levels. Neither had I anticipated the gifts that came along the way, nor the trials. Layer by layer peeled away, like an onion, in search of the core of myself, merciless in the necessity of honesty with myself and confrontation with my own dark corners. I often felt like I was on a roller coaster \u2013 and just when I thought I had arrived somewhere, the next sharp turn came. One such turn eventually carried me out of the group around this teacher. The loss of the home that this place had been for several years hurt deeply, and for a long time, until it finally opened new doors. Doors to a path that goes even deeper and is, well, even more inevitable than anything that came before, even though I could not have imagined that this was even possible. And it would be an illusion to assume that this process will ever end. But the reward is: myself. And that is immeasurably precious, just like every other person and every other being in this world.<\/p>\n\n\n\n<p>I am infinitely grateful for the opportunity to walk this path: to the spirits who so cleverly prepare the stage over and over again, where things can and must be experienced and learned; to the people, some of whom saved my life when I was no longer able to do so myself; and to all those with whom I have walked, was allowed to walk, and am allowed to walk a part of this path.<\/p>\n\n\n\n<p>But experience remains hollow if it has no consequences. With this in mind, I want to pass on what I can. For life. For light. For love. And for laughter.<\/p>\n\n\n\n<p>And in order to do this even better, I have trained in various types of counseling and therapy, especially trauma therapy, over the past few years. All these experiences flow into my work, which ultimately aims to contribute to \u201cbringing healing to bodies and hearts and thus peace to the world\u201d \u2013 precisely what it urgently needs and what we all need.<\/p>\n\n\n\n<div style=\"height:20px\" aria-hidden=\"true\" class=\"wp-block-spacer\"><\/div>\n\n\n<h5 class=\"wp-block-heading\" id=\"aus-und-weiterbildungen\">Trainings<\/h5>\n\n\n<ul class=\"wp-block-list is-layout-flex wp-container-core-list-is-layout-fe9cc265 wp-block-list-is-layout-flex\" style=\"\">\n<li>2025-2027: training in pre- and perinatal body psychotherapy (Ines Oberscheid and Sabine Habermann)<\/li>\n\n\n\n<li>2024-2026: four training seminars Integrative Breathwork (Klaus John)<\/li>\n\n\n\n<li>2024: Beyond Experience: Psychedelic Integration Workshop (MIND Foundation)<\/li>\n\n\n\n<li>2023: two seminars \"Integrate dissociation\" (Johannes B. Schmidt)<\/li>\n\n\n\n<li>2022: The Power Within: Bodywork in Holotropic Breathwork(R) (GTT, Sitara Blasco)<\/li>\n\n\n\n<li>2019: training for facilitating cacao ceremonies (Anja Mury)<\/li>\n\n\n\n<li>2018-2023: training in Substance-Assisted Therapy (IST)<\/li>\n\n\n\n<li>2015: voice and sound (Sandy K\u00fchn)<\/li>\n\n\n\n<li>2011-2013: shamanic training (Udo Kepplinger)<\/li>\n\n\n\n<li>2006: shamanic group (Cath\u00e9rine Conradty)<\/li>\n\n\n\n<li>1992-1995: dissertation about witch hunting in formerly Austrian parts of Germany (S\u00f6nke Lorenz)<\/li>\n\n\n\n<li>1991, 1994: shamanic seminars (Kenneth Meadows)<\/li>\n\n\n\n<li>1986-1992: university studies: History and Political Science, state examination<\/li>\n<\/ul>\n<\/div>\n\n\n\n<div class=\"wp-block-column is-layout-flow wp-block-column-is-layout-flow\" style=\"flex-basis:25%\"><\/div>\n<\/div>","protected":false},"excerpt":{"rendered":"<p>Ich bin aufgewachsen mit der Auffassung, dass es so etwas wie eine Seele nicht gibt, sondern nur den K\u00f6rper samt biologisch erkl\u00e4rbaren Zusammenh\u00e4ngen. Daran hat zun\u00e4chst auch ein Erlebnis im Alter von vielleicht sieben Jahren nichts ge\u00e4ndert, das wohl eine au\u00dferk\u00f6rperliche Erfahrung gewesen sein muss. Ich war krank und blickte pl\u00f6tzlich von der Zimmerecke \u00fcber [&hellip;]<\/p>\n","protected":false},"author":1,"featured_media":182,"parent":0,"menu_order":0,"comment_status":"closed","ping_status":"closed","template":"","meta":{"footnotes":""},"class_list":["post-181","page","type-page","status-publish","has-post-thumbnail","hentry"],"_links":{"self":[{"href":"https:\/\/zaunreiterin.eu\/en\/wp-json\/wp\/v2\/pages\/181","targetHints":{"allow":["GET"]}}],"collection":[{"href":"https:\/\/zaunreiterin.eu\/en\/wp-json\/wp\/v2\/pages"}],"about":[{"href":"https:\/\/zaunreiterin.eu\/en\/wp-json\/wp\/v2\/types\/page"}],"author":[{"embeddable":true,"href":"https:\/\/zaunreiterin.eu\/en\/wp-json\/wp\/v2\/users\/1"}],"replies":[{"embeddable":true,"href":"https:\/\/zaunreiterin.eu\/en\/wp-json\/wp\/v2\/comments?post=181"}],"version-history":[{"count":8,"href":"https:\/\/zaunreiterin.eu\/en\/wp-json\/wp\/v2\/pages\/181\/revisions"}],"predecessor-version":[{"id":1208,"href":"https:\/\/zaunreiterin.eu\/en\/wp-json\/wp\/v2\/pages\/181\/revisions\/1208"}],"wp:featuredmedia":[{"embeddable":true,"href":"https:\/\/zaunreiterin.eu\/en\/wp-json\/wp\/v2\/media\/182"}],"wp:attachment":[{"href":"https:\/\/zaunreiterin.eu\/en\/wp-json\/wp\/v2\/media?parent=181"}],"curies":[{"name":"wp","href":"https:\/\/api.w.org\/{rel}","templated":true}]}}