{"id":2,"date":"2025-05-02T19:56:46","date_gmt":"2025-05-02T19:56:46","guid":{"rendered":"https:\/\/zaunreiterin.eu\/?page_id=2"},"modified":"2025-05-24T20:17:55","modified_gmt":"2025-05-24T18:17:55","slug":"veranstaltungen","status":"publish","type":"page","link":"https:\/\/zaunreiterin.eu\/en\/veranstaltungen\/","title":{"rendered":"Events"},"content":{"rendered":"<div class=\"wp-block-columns is-layout-flex wp-container-core-columns-is-layout-28f84493 wp-block-columns-is-layout-flex\">\n<div class=\"wp-block-column is-layout-flow wp-block-column-is-layout-flow\" style=\"flex-basis:25%\"><\/div>\n\n\n\n<div class=\"wp-block-column is-layout-flow wp-block-column-is-layout-flow\" style=\"flex-basis:50%\">\n<p>If I want to bring shamanism to the world, I have to start with the basics and do so in a way that the world can actually relate to. What I offer, sometimes together with others, is therefore open to anyone who is interested. The only prerequisite is a willingness to engage with yourself.<\/p>\n\n\n\n<p>Of course, there are many more possibilities beyond that. Just ask me if you feel that this could be the right place for you. I look forward to working for you\u2014and with you.<\/p>\n<\/div>\n\n\n\n<div class=\"wp-block-column is-layout-flow wp-block-column-is-layout-flow\" style=\"flex-basis:25%\"><\/div>\n<\/div>\n\n\n\n<div class=\"wp-block-columns is-layout-flex wp-container-core-columns-is-layout-28f84493 wp-block-columns-is-layout-flex\">\n<div class=\"wp-block-column is-layout-flow wp-block-column-is-layout-flow\" style=\"flex-basis:25%\"><\/div>\n\n\n\n<div class=\"wp-block-column is-layout-flow wp-block-column-is-layout-flow\" style=\"flex-basis:50%\"><ul class=\"wp-block-list is-layout-flex wp-container-core-list-is-layout-fe9cc265 wp-block-list-is-layout-flex\" style=\"\">\n<li><a href=\"https:\/\/zaunreiterin.eu\/en\/termine\/\" data-type=\"page\" data-id=\"154\">Dates<\/a><\/li>\n\n\n\n<li><a href=\"https:\/\/zaunreiterin.eu\/en\/schamanischer-trommelabend\/\" data-type=\"page\" data-id=\"153\">Shamanic journeying circle<\/a><\/li>\n\n\n\n<li><a href=\"https:\/\/zaunreiterin.eu\/en\/psychedelisches-coaching\/\" data-type=\"page\" data-id=\"888\">Psychedelic coaching<\/a><\/li>\n\n\n\n<li><a href=\"https:\/\/zaunreiterin.eu\/en\/psychedelische-integration-11\/\" data-type=\"page\" data-id=\"351\">Psychedelic integration 1:1<\/a><\/li>\n\n\n\n<li><a href=\"https:\/\/zaunreiterin.eu\/en\/psychedelischer-integrationszirkel\/\" data-type=\"page\" data-id=\"900\">Psychedelic integration circle<\/a><\/li>\n\n\n\n<li><a href=\"https:\/\/zaunreiterin.eu\/en\/trommelbau\/\" data-type=\"page\" data-id=\"220\">Drum building<\/a><\/li>\n\n\n\n<li><a href=\"https:\/\/zaunreiterin.eu\/en\/ganzheitliches-heilatmen\/\" data-type=\"page\" data-id=\"232\">Holistic breathwork journey<\/a><\/li>\n\n\n\n<li><a href=\"https:\/\/zaunreiterin.eu\/en\/schwitzhuette-2\/\" data-type=\"page\" data-id=\"234\">Sweatlodge<\/a><\/li>\n\n\n\n<li><a href=\"https:\/\/zaunreiterin.eu\/en\/medizinrad\/\" data-type=\"page\" data-id=\"239\">Medicine wheel<\/a><\/li>\n<\/ul>\n<\/div>\n\n\n\n<div class=\"wp-block-column is-layout-flow wp-block-column-is-layout-flow\" style=\"flex-basis:25%\"><\/div>\n<\/div>","protected":false},"excerpt":{"rendered":"<p>Wenn ich den Schamanismus in die Welt tragen will, muss ich bei den grundlegenden Dingen anfangen und auch so, dass die Welt tats\u00e4chlich etwas damit anfangen kann. Was ich, teilweise gemeinsam mit anderen, anbiete, ist daher f\u00fcr jeden offen, der Interesse hat. Voraussetzung ist allein die Bereitschaft, Dich auf Dich selber einzulassen. Nat\u00fcrlich ist dar\u00fcber [&hellip;]<\/p>\n","protected":false},"author":1,"featured_media":150,"parent":0,"menu_order":0,"comment_status":"closed","ping_status":"open","template":"","meta":{"footnotes":""},"class_list":["post-2","page","type-page","status-publish","has-post-thumbnail","hentry"],"_links":{"self":[{"href":"https:\/\/zaunreiterin.eu\/en\/wp-json\/wp\/v2\/pages\/2","targetHints":{"allow":["GET"]}}],"collection":[{"href":"https:\/\/zaunreiterin.eu\/en\/wp-json\/wp\/v2\/pages"}],"about":[{"href":"https:\/\/zaunreiterin.eu\/en\/wp-json\/wp\/v2\/types\/page"}],"author":[{"embeddable":true,"href":"https:\/\/zaunreiterin.eu\/en\/wp-json\/wp\/v2\/users\/1"}],"replies":[{"embeddable":true,"href":"https:\/\/zaunreiterin.eu\/en\/wp-json\/wp\/v2\/comments?post=2"}],"version-history":[{"count":10,"href":"https:\/\/zaunreiterin.eu\/en\/wp-json\/wp\/v2\/pages\/2\/revisions"}],"predecessor-version":[{"id":1052,"href":"https:\/\/zaunreiterin.eu\/en\/wp-json\/wp\/v2\/pages\/2\/revisions\/1052"}],"wp:featuredmedia":[{"embeddable":true,"href":"https:\/\/zaunreiterin.eu\/en\/wp-json\/wp\/v2\/media\/150"}],"wp:attachment":[{"href":"https:\/\/zaunreiterin.eu\/en\/wp-json\/wp\/v2\/media?parent=2"}],"curies":[{"name":"wp","href":"https:\/\/api.w.org\/{rel}","templated":true}]}}