{"id":261,"date":"2025-05-04T12:28:10","date_gmt":"2025-05-04T12:28:10","guid":{"rendered":"https:\/\/zaunreiterin.eu\/?page_id=261"},"modified":"2025-05-24T19:58:46","modified_gmt":"2025-05-24T17:58:46","slug":"kriegerin","status":"publish","type":"page","link":"https:\/\/zaunreiterin.eu\/en\/kriegerin\/","title":{"rendered":"Warrior"},"content":{"rendered":"<div class=\"wp-block-columns is-layout-flex wp-container-core-columns-is-layout-28f84493 wp-block-columns-is-layout-flex\">\n<div class=\"wp-block-column is-layout-flow wp-block-column-is-layout-flow\" style=\"flex-basis:25%\"><\/div>\n\n\n\n<div class=\"wp-block-column is-layout-flow wp-block-column-is-layout-flow\" style=\"flex-basis:50%\">\n<p>\u201cYou are a warrior,\u201d someone said to me some time ago. In the weeks and months that followed, this sentence became something of a crystallization point or connecting point for all kinds of fragments, like pieces of a puzzle suddenly falling into place.<\/p>\n\n\n\n<p>There is a staff. Originally, years ago, back in Pfaffing, it was a gift, put into my hand with the words: \u201cWith this, you can get anywhere.\u201d It stood on my altar for years without it becoming clear what exactly its role was \u2013 until it appeared in my journeys and became more and more connected to my own inner strength, deeply rooted on both sides of the fence and connected to the network of life. And even though this staff looks much less impressive than Gandalf's, in this context I often think of the scene on the bridge of Moria: \u201cYou shall not pass!\u201d Gandalf does what is necessary at that moment \u2013 to avert disaster \u2013 what is right, fully aware that he himself may have to pay a price for it.<\/p>\n\n\n\n<p>There are other scenes from books or films that revolve around the same theme and also appear during this period, such as \u201c3:10 to Yuma\u201d; in a way, \u201cI Shot the Sheriff\u201d too, a song that has always been very close to my heart in Eric Clapton's version.<\/p>\n\n\n\n<p>\"Coincidentally\", there is a women's circle meeting during these very days that revolves around the archetype of the warrior. We are asked to imagine our inner warrior, and once again my staff and Gandalf come to mind. One participant says that she has always been forced to live as a warrior in order to survive; \u201cI know how to use a knife.\u201d<\/p>\n\n\n\n<p>It's not about violence for violence's sake, certainly not, and violence is also something that is fundamentally very foreign to me. But in the case of the warrior, there is a level where it's about survival. More broadly, it's about choosing life, consciously, over and over again, even and especially in light of the stories I've encountered over the past two or three years. Choosing life again and again, despite all this. When I come to this realization, inner peace returns: \u201cYes, that's how it is, and I agree with it.\u201d Almost as if in a feedback loop, it then becomes easier for me to accept the stories themselves. Somehow, that's how it has to be. I am alive. I can counter all of this with the fact that I have survived, that I am still alive.<\/p>\n\n\n\n<p>And at least at times, there is also a deep, heartfelt gratitude, the kind my former teacher once described as \u201cthe gratitude that comes from God.\u201d I serve life. That is the core, and I am so grateful to have finally arrived there. <em>Ich diene dem Leben<\/em>. Das ist der Kern, und ich bin so dankbar, dort endlich angekommen zu sein.<\/p>\n\n\n\n<p>The decision for life and for being a warrior: both are relevant, both belong together. Both also mean accepting the stories. Regardless of whether these stories are \u201cmine\u201d from a biographical point of view or not, I have experienced them in my shamanic work and have gone through the emotions associated with them. This makes them my experiences \u2013 and the stories are therefore mine after all.<\/p>\n\n\n\n<p>Im Kern geht es jedes Mal darum, <em>das Richtige zu tun<\/em>Essentially, it is always about doing the right thing, regardless of the price that has to be paid for this. This applies both to dealing with these stories and, in a broader sense, to shamanic work and working as a facilitator, as well as to how this work is done. It seems that sometimes I am indeed perceived as a warrior in this context.<\/p>\n\n\n\n<p class=\"translation-block\">Then, during a ceremony, there is a situation in which I have to retrieve parts of myself, of my soul. It feels as if I am trying to squeeze myself into my own body, and it takes an immense amount of energy, more than I have available at that moment. Very spontaneously, I say to Odin, who has appeared repeatedly in these ceremonies over the past few years and has also supported me on several occasions: \u201cIf you want me to fight for you, then I need your help to get these parts back.\u201d Somehow that helps, and at that moment I realize that I have just made a decision: yes, I am a warrior. I do what is necessary, <em>what is right<\/em>, I fight for life, no matter what it costs me.<\/p>\n\n\n\n<p class=\"translation-block\">A little later in the same ceremony, something happens that I can only describe as a vision, especially because it was so completely unexpected and only indirectly related to the question I was asking at that moment. There is a small circle of people standing with their faces turned outward. The rest of the image remains unclear, but the feeling associated with it is absolutely unambiguous and does not change, even though I check the whole thing several times. It feels as if this circle is something like the last bastion, the last outpost of civilization or humanity, while literally everything around it is collapsing. These people stand there, doing their best, both as a community and as individuals, fighting for life, protecting it, regardless of the cost to themselves. They are deeply aware that there is no hope \u2013 and yet they fight, \u201cthey are going down fighting,\u201d because it is <em>the right thing to do<\/em> and ultimately the only option. In the ceremony, I ask for \u201cDe Guello\u201d to be played because this song expresses exactly this feeling, as well as the pain and longing associated with the story of the Alamo. At some point, I look up and am surprised to see that it is still light outside through the skylight, and it is both infinitely sad and somehow comforting at the same time. Another song that comes to mind, again by Clapton, is \u201cKnockin' on Heaven's Door\u201d: \u201cIt's getting dark, too dark to see.\u201d I cry so much, wave after wave after wave, mourning all that we will inevitably lose, and at the same time I know that when the time comes, I will not cry, but do what is necessary. And that, too, is part of choosing life.<\/p>\n\n\n\n<p class=\"translation-block\">Another ceremony, a few weeks later. The music takes me back to a scene I had encountered six months earlier and had not understood at the time. During the siege of Acre in 1291, when the last Christian outpost in the Holy Land fell, I stood on the fortress wall as one of the defenders and threw myself to my death from there, my arms spread wide, sacrificing myself for Christianity because the situation was completely hopeless and desperate. A small group fought a losing battle for civilization (or, more precisely, for what this group considered to be civilization) because, in their view, it was <em>the right thing to do<\/em>, regardless of the personal price to be paid. And, paradoxically, this was also accompanied by a decision for life.<\/p>\n\n\n\n<p>Somehow, it's as if I decided long, long ago to live this life as a warrior, and as if I have fought for civilization and for life over and over again ever since, fully aware of the complete hopelessness and the price to be paid. Again and again I had this task, again and again I chose it. (Oh, I know. In this life, I am not a Christian and I am well aware of the problems inherent in the Crusades. That too is a lesson: civilization is something very relative.)<\/p>\n\n\n\n<p class=\"translation-block\">There is another aspect that had already foreshadowed earlier and is clearly expressed in the image of the circle of people. I cannot do this alone; it is not possible alone. I need\u2014and this ties in with my <a href=\"https:\/\/zaunreiterin.eu\/en\/licht\/\" data-type=\"page\" data-id=\"268\" target=\"_self\">previous text, \u201cLight\u201d<\/a>\u2014a circle, a tribe of people, people who are witnesses and help me to hold on to the stories I mentioned. Sometimes this goes so far that these stories spill over, so to speak, to the others in this circle, and I am infinitely grateful for their support in this. As a warrior, I need a tribe. Even if everything is lost, I need to know that I am not alone when I fight for life. And I need a home to return to and from which I can set out again, also for shamanic and related work. That's how I felt when I came home from the \u201cyou are a warrior\u201d weekend and indeed felt like a tired warrior. One last song, this time from \u201cSupernatural,\u201d a series that ultimately also deals with exactly such a circle and the fight for life: \u201cCarry on Wayward Son\u201d with the line \u201cLay your weary head to rest.\u201d Exactly. And I am deeply grateful for all these kinds of homes.<\/p>\n\n\n\n<figure class=\"wp-block-image aligncenter size-full\"><img loading=\"lazy\" decoding=\"async\" width=\"300\" height=\"345\" src=\"https:\/\/zaunreiterin.eu\/wp-content\/uploads\/2025\/05\/wolf_rabe.jpeg\" alt=\"\" class=\"wp-image-265\"\/><\/figure>\n\n\n\n<p>(Spring 2023)<\/p>\n<\/div>\n\n\n\n<div class=\"wp-block-column is-layout-flow wp-block-column-is-layout-flow\" style=\"flex-basis:25%\"><\/div>\n<\/div>","protected":false},"excerpt":{"rendered":"<p>&#8222;You are a warrior&#8220;, sagte vor einiger Zeit jemand zu mir: &#8222;Du bist eine Kriegerin.&#8220; Dieser Satz wurde in den folgenden Wochen und Monaten so etwas wie ein Kristallisations- oder Verkn\u00fcpfungspunkt f\u00fcr alle m\u00f6glichen Fragmente, so wie Puzzlest\u00fccke, die pl\u00f6tzlich an ihren Platz fallen. Da ist ein Stab. Urspr\u00fcnglich, vor Jahren, damals in Pfaffing, war [&hellip;]<\/p>\n","protected":false},"author":1,"featured_media":207,"parent":0,"menu_order":0,"comment_status":"closed","ping_status":"closed","template":"","meta":{"footnotes":""},"class_list":["post-261","page","type-page","status-publish","has-post-thumbnail","hentry"],"_links":{"self":[{"href":"https:\/\/zaunreiterin.eu\/en\/wp-json\/wp\/v2\/pages\/261","targetHints":{"allow":["GET"]}}],"collection":[{"href":"https:\/\/zaunreiterin.eu\/en\/wp-json\/wp\/v2\/pages"}],"about":[{"href":"https:\/\/zaunreiterin.eu\/en\/wp-json\/wp\/v2\/types\/page"}],"author":[{"embeddable":true,"href":"https:\/\/zaunreiterin.eu\/en\/wp-json\/wp\/v2\/users\/1"}],"replies":[{"embeddable":true,"href":"https:\/\/zaunreiterin.eu\/en\/wp-json\/wp\/v2\/comments?post=261"}],"version-history":[{"count":7,"href":"https:\/\/zaunreiterin.eu\/en\/wp-json\/wp\/v2\/pages\/261\/revisions"}],"predecessor-version":[{"id":1038,"href":"https:\/\/zaunreiterin.eu\/en\/wp-json\/wp\/v2\/pages\/261\/revisions\/1038"}],"wp:featuredmedia":[{"embeddable":true,"href":"https:\/\/zaunreiterin.eu\/en\/wp-json\/wp\/v2\/media\/207"}],"wp:attachment":[{"href":"https:\/\/zaunreiterin.eu\/en\/wp-json\/wp\/v2\/media?parent=261"}],"curies":[{"name":"wp","href":"https:\/\/api.w.org\/{rel}","templated":true}]}}