{"id":299,"date":"2025-05-04T12:52:41","date_gmt":"2025-05-04T12:52:41","guid":{"rendered":"https:\/\/zaunreiterin.eu\/?page_id=299"},"modified":"2025-05-24T20:08:32","modified_gmt":"2025-05-24T18:08:32","slug":"medizinrad-und-kreis-des-lebens","status":"publish","type":"page","link":"https:\/\/zaunreiterin.eu\/en\/medizinrad-und-kreis-des-lebens\/","title":{"rendered":"Medicine wheel and wheel of life"},"content":{"rendered":"<div class=\"wp-block-columns is-layout-flex wp-container-core-columns-is-layout-28f84493 wp-block-columns-is-layout-flex\">\n<div class=\"wp-block-column is-layout-flow wp-block-column-is-layout-flow\" style=\"flex-basis:25%\"><\/div>\n\n\n\n<div class=\"wp-block-column is-layout-flow wp-block-column-is-layout-flow\" style=\"flex-basis:50%\">\n<p>The medicine wheels in North America are circular stone structures, some of which are estimated to be several thousand years old. Their purpose is unknown, but it is believed that they had ceremonial significance.<\/p>\n\n\n\n<figure class=\"wp-block-image aligncenter size-large\"><img loading=\"lazy\" decoding=\"async\" width=\"1024\" height=\"827\" src=\"https:\/\/zaunreiterin.eu\/wp-content\/uploads\/2025\/05\/MedicineWheel-1-1024x827.jpg\" alt=\"\" class=\"wp-image-302\" srcset=\"https:\/\/zaunreiterin.eu\/wp-content\/uploads\/2025\/05\/MedicineWheel-1-1024x827.jpg 1024w, https:\/\/zaunreiterin.eu\/wp-content\/uploads\/2025\/05\/MedicineWheel-1-300x242.jpg 300w, https:\/\/zaunreiterin.eu\/wp-content\/uploads\/2025\/05\/MedicineWheel-1-768x620.jpg 768w, https:\/\/zaunreiterin.eu\/wp-content\/uploads\/2025\/05\/MedicineWheel-1-1536x1241.jpg 1536w, https:\/\/zaunreiterin.eu\/wp-content\/uploads\/2025\/05\/MedicineWheel-1.jpg 1971w\" sizes=\"auto, (max-width: 1024px) 100vw, 1024px\" \/><\/figure>\n<\/div>\n\n\n\n<div class=\"wp-block-column is-layout-flow wp-block-column-is-layout-flow\" style=\"flex-basis:25%\"><\/div>\n<\/div>\n\n\n\n<div class=\"wp-block-columns is-layout-flex wp-container-core-columns-is-layout-28f84493 wp-block-columns-is-layout-flex\">\n<div class=\"wp-block-column is-layout-flow wp-block-column-is-layout-flow\" style=\"flex-basis:25%\"><\/div>\n\n\n\n<div class=\"wp-block-column is-layout-flow wp-block-column-is-layout-flow\" style=\"flex-basis:50%\">\n<p>The medicine wheels commonly used in New Age circles today are also said to originate from Native American traditions. However, they bear little resemblance to these archaeological structures and only became widely known in the 1970s, primarily through Hyemeyohsts Storm and Sun Bear.<\/p>\n\n\n\n<p>It is therefore debatable whether the use of the term \u201cmedicine wheel\u201d constitutes cultural appropriation or not. On the one hand, out of respect for the actual traditions, I would prefer to avoid the term and use \u201ccircle of life\u201d instead, for example. On the other hand, the term medicine wheel has become established, and somehow it is more practical than \u201ccircle of life.\u201d<\/p>\n\n\n\n<p>Be that as it may, the fact remains that the circle or wheel represents a universally valid structure for humans. The image of the four-spoked or eight-spoked wheel with intermediate directions can be found in many cultures, including Buddhism. Its universality stems from human anatomy itself: the observer at the center, surrounded by the circle that can be described by the arms, and the directions that are given to us: front, back, right, left, top, bottom \u2013 and inside.<\/p>\n\n\n\n<p>The medicine wheel is a map. It can be used to relate the elements and components of nature and life to each other, to the whole, and to the observer. It contains everything. And because this is so, we can find answers in it, answers to questions that arise in life.<\/p>\n\n\n\n<p>First, it symbolizes the seasons and then also the times of day, not linearly, but in the cycle of life. Our European ancestors \u2013 and not just \u201cprimitive peoples\u201d \u2013 also lived much more in and with the cycle of nature than we do now in Western civilization. The seasonal festivals are based on this cycle, making it tangible.<\/p>\n\n\n\n<p>Actually, the medicine wheel is more of a spiral than a circle. Life repeats itself in the same cycles, but never exactly the same. Sunrises are the same every day and yet different every time. A plant does not have exactly the same flowers every year. A tree grows. A child is constantly learning; its little brother or sister will go through the same stages of development, but will still be completely different. The spiral is the three-dimensional version of the circle of life.<\/p>\n\n\n\n<p>And in this circle, on this wheel of life, we can wander: from conception to birth, childhood, youth, adulthood, death, and the transition to another form of existence. Just as childhood is characterized by different feelings and activities than adult life, the different levels of human existence are also found at different points in the circle of life: body, emotions, mind, and spirit. These levels of human existence, in turn, find their counterparts in the elements and their properties: earth, water, air, and fire.<\/p>\n\n\n\n<p>The assignment of the elements to the cardinal directions is somewhat arbitrary. A map also depicts reality, but only certain aspects of that reality, and the way it is read is based on an agreement: the legend. With this legend, the map works exactly as it should \u2013 but under one condition: I can only find the way if I actually set out on the journey. The same applies to the medicine wheel.<\/p>\n\n\n\n<p>In any case, all qualities \u2013 seasons, phases of life, planes of existence, elements \u2013 can be felt in the wheel. We feel good or less good in a certain place, full of energy or powerless, and perhaps exactly the opposite in another place in the wheel. We may feel resistance, even the impossibility of moving on to the next position. It might pull us in a certain direction, showing us what is currently missing in our lives or what we feel particularly comfortable with. When we enter the circle with our question, with the intention of finding an answer, we cross a threshold into a sacred space. That is why we find the answer to the question we have asked ourselves. Just as in a vision quest, we are only partially in the everyday world; part of us has made more intense contact with All-That-Is, and accordingly, everything we perceive can be part of the answer we are seeking.<\/p>\n\n\n\n<p>Our intention is an indispensable prerequisite for this. It is what makes the circle that sacred space.<\/p>\n\n\n\n<p>(Winter 2021\/2022)<\/p>\n<\/div>\n\n\n\n<div class=\"wp-block-column is-layout-flow wp-block-column-is-layout-flow\" style=\"flex-basis:25%\"><\/div>\n<\/div>","protected":false},"excerpt":{"rendered":"<p>Die &#8222;medicine wheels&#8220; &#8211; Medizinr\u00e4der &#8211; in Nordamerika sind runde Steinstrukturen, von denen manche auf ein Alter von mehreren tausend Jahren gesch\u00e4tzt werden. Ihr Zweck ist unbekannt, doch man nimmt an, dass sie zeremonielle Bedeutung hatten. \u00dcber die heute in New-Age-Kreisen h\u00e4ufig verwendeten Medizinr\u00e4der wird zwar auch gesagt, sie stammten aus der Tradition der amerikanischen [&hellip;]<\/p>\n","protected":false},"author":1,"featured_media":296,"parent":0,"menu_order":0,"comment_status":"closed","ping_status":"closed","template":"","meta":{"footnotes":""},"class_list":["post-299","page","type-page","status-publish","has-post-thumbnail","hentry"],"_links":{"self":[{"href":"https:\/\/zaunreiterin.eu\/en\/wp-json\/wp\/v2\/pages\/299","targetHints":{"allow":["GET"]}}],"collection":[{"href":"https:\/\/zaunreiterin.eu\/en\/wp-json\/wp\/v2\/pages"}],"about":[{"href":"https:\/\/zaunreiterin.eu\/en\/wp-json\/wp\/v2\/types\/page"}],"author":[{"embeddable":true,"href":"https:\/\/zaunreiterin.eu\/en\/wp-json\/wp\/v2\/users\/1"}],"replies":[{"embeddable":true,"href":"https:\/\/zaunreiterin.eu\/en\/wp-json\/wp\/v2\/comments?post=299"}],"version-history":[{"count":5,"href":"https:\/\/zaunreiterin.eu\/en\/wp-json\/wp\/v2\/pages\/299\/revisions"}],"predecessor-version":[{"id":1043,"href":"https:\/\/zaunreiterin.eu\/en\/wp-json\/wp\/v2\/pages\/299\/revisions\/1043"}],"wp:featuredmedia":[{"embeddable":true,"href":"https:\/\/zaunreiterin.eu\/en\/wp-json\/wp\/v2\/media\/296"}],"wp:attachment":[{"href":"https:\/\/zaunreiterin.eu\/en\/wp-json\/wp\/v2\/media?parent=299"}],"curies":[{"name":"wp","href":"https:\/\/api.w.org\/{rel}","templated":true}]}}