{"id":321,"date":"2025-05-04T13:05:14","date_gmt":"2025-05-04T13:05:14","guid":{"rendered":"https:\/\/zaunreiterin.eu\/?page_id=321"},"modified":"2025-05-21T14:43:32","modified_gmt":"2025-05-21T12:43:32","slug":"filme","status":"publish","type":"page","link":"https:\/\/zaunreiterin.eu\/en\/filme\/","title":{"rendered":"Movies"},"content":{"rendered":"<div class=\"wp-block-columns is-layout-flex wp-container-core-columns-is-layout-28f84493 wp-block-columns-is-layout-flex\">\n<div class=\"wp-block-column is-layout-flow wp-block-column-is-layout-flow\" style=\"flex-basis:25%\"><\/div>\n\n\n\n<div class=\"wp-block-column is-layout-flow wp-block-column-is-layout-flow\" style=\"flex-basis:50%\">\n<p>Schamanische Elemente kommen inzwischen in erstaunlich vielen Filmen auch des Mainstream vor. Hier deshalb nur einige spontane Einf\u00e4lle, was in diese Liste hineingeh\u00f6ren k\u00f6nnte:<\/p>\n\n\n<ul class=\"wp-block-list is-layout-flex wp-container-core-list-is-layout-fe9cc265 wp-block-list-is-layout-flex\" style=\"\">\n<li>\n<strong>Der Smaragdwald, 1985<\/strong><br>Der Zusammensto&szlig; zwischen dem &#8222;Unsichtbaren Volk&#8220; im s&uuml;damerikanischen Dschungel und der Kolonialisierung in Form eines riesigen Staudamms. Absolut sehenswert.<\/li>\n\n\n\n<li>\n<strong>Avatar &#8211; Aufbruch nach Pandora, 2009<\/strong><br>Eigentlich dieselbe Geschichte wie im &#8222;Smaragdwald&#8220;, nur auf einem fremden Planeten angesiedelt &#8230; und genial umgesetzt.<\/li>\n\n\n\n<li>\n<strong>M&auml;nner, die auf Ziegen starren &#8211; Keine Siege ohne Ziege, 2010<\/strong><br>Remote Viewing mal anders &#8230;<\/li>\n\n\n\n<li>\n<strong>Chihiros Reise ins Zauberland, 2003<\/strong><br>Eben. Eine Reise. Ebenso sehenswert wie alle anderen Filme von Hayao Miyazaki und aus dem Studio Ghibli.<\/li>\n\n\n\n<li>\n<strong>B&ouml;rn n&aacute;tt&uacute;runnar (Kinder der Natur), Island 1991<\/strong><br>Nicht direkt schamanisch, aber sehr anr&uuml;hrend.<\/li>\n\n\n\n<li>\n<strong>Schamanen im Blinden Land, 1980<\/strong><br>Eine der sehenswertesten Dokumentationen &uuml;ber traditionellen Schamanismus in der heutigen Zeit.<\/li>\n<\/ul>\n<\/div>\n\n\n\n<div class=\"wp-block-column is-layout-flow wp-block-column-is-layout-flow\" style=\"flex-basis:25%\"><\/div>\n<\/div>","protected":false},"excerpt":{"rendered":"<p>Schamanische Elemente kommen inzwischen in erstaunlich vielen Filmen auch des Mainstream vor. Hier deshalb nur einige spontane Einf\u00e4lle, was in diese Liste hineingeh\u00f6ren k\u00f6nnte:<\/p>","protected":false},"author":1,"featured_media":314,"parent":0,"menu_order":0,"comment_status":"closed","ping_status":"closed","template":"","meta":{"footnotes":""},"class_list":["post-321","page","type-page","status-publish","has-post-thumbnail","hentry"],"_links":{"self":[{"href":"https:\/\/zaunreiterin.eu\/en\/wp-json\/wp\/v2\/pages\/321","targetHints":{"allow":["GET"]}}],"collection":[{"href":"https:\/\/zaunreiterin.eu\/en\/wp-json\/wp\/v2\/pages"}],"about":[{"href":"https:\/\/zaunreiterin.eu\/en\/wp-json\/wp\/v2\/types\/page"}],"author":[{"embeddable":true,"href":"https:\/\/zaunreiterin.eu\/en\/wp-json\/wp\/v2\/users\/1"}],"replies":[{"embeddable":true,"href":"https:\/\/zaunreiterin.eu\/en\/wp-json\/wp\/v2\/comments?post=321"}],"version-history":[{"count":3,"href":"https:\/\/zaunreiterin.eu\/en\/wp-json\/wp\/v2\/pages\/321\/revisions"}],"predecessor-version":[{"id":845,"href":"https:\/\/zaunreiterin.eu\/en\/wp-json\/wp\/v2\/pages\/321\/revisions\/845"}],"wp:featuredmedia":[{"embeddable":true,"href":"https:\/\/zaunreiterin.eu\/en\/wp-json\/wp\/v2\/media\/314"}],"wp:attachment":[{"href":"https:\/\/zaunreiterin.eu\/en\/wp-json\/wp\/v2\/media?parent=321"}],"curies":[{"name":"wp","href":"https:\/\/api.w.org\/{rel}","templated":true}]}}