{"id":351,"date":"2025-05-21T20:46:37","date_gmt":"2025-05-21T18:46:37","guid":{"rendered":"https:\/\/zaunreiterin.eu\/?page_id=351"},"modified":"2025-06-21T19:39:01","modified_gmt":"2025-06-21T17:39:01","slug":"psychedelische-integration-11","status":"publish","type":"page","link":"https:\/\/zaunreiterin.eu\/en\/psychedelische-integration-11\/","title":{"rendered":"Psychedelic integration 1:1"},"content":{"rendered":"\n<div class=\"wp-block-columns is-layout-flex wp-container-core-columns-is-layout-28f84493 wp-block-columns-is-layout-flex\">\n<div class=\"wp-block-column is-layout-flow wp-block-column-is-layout-flow\"><\/div>\n\n\n\n<div class=\"wp-block-column is-layout-flow wp-block-column-is-layout-flow\"><\/div>\n\n\n\n<div class=\"wp-block-column is-layout-flow wp-block-column-is-layout-flow\"><\/div>\n<\/div>\n\n\n\n<div class=\"wp-block-columns is-layout-flex wp-container-core-columns-is-layout-28f84493 wp-block-columns-is-layout-flex\">\n<div class=\"wp-block-column is-layout-flow wp-block-column-is-layout-flow\" style=\"flex-basis:25%\"><\/div>\n\n\n\n<div class=\"wp-block-column is-layout-flow wp-block-column-is-layout-flow\" style=\"flex-basis:50%\">\n<p>Psychedelische Erfahrungen &#8211; welcher Art auch immer &#8211; bleiben im luftleeren Raum h\u00e4ngen, wenn sie nicht integriert werden. <a href=\"https:\/\/zaunreiterin.eu\/den-rahmen-weiten-psychedelische-integration\/\" data-type=\"page\" data-id=\"348\">Integration<\/a> braucht zun\u00e4chst einmal einen sicheren Raum, in den Du alles einbringen kannst, was Dich bewegt.<\/p>\n\n\n\n<p>Vielleicht braucht es dann einfach ein Gespr\u00e4ch. Ich h\u00f6re Dir mit offenem Herzen und offenem Geist zu, nehme Deine Erfahrungen und Dein Umgehen damit ernst. Bei einem pers\u00f6nlichen Treffen in M\u00fcnchen k\u00f6nnen wir bei Bedarf auch dar\u00fcber hinausgehen und etwa K\u00f6rperarbeit, schamanische Reisen oder Rituale in der Natur mit einbeziehen.<\/p>\n\n\n\n<p>Ob Du nun mit einem einzigen Termin zufrieden bist oder mehrere brauchst: ich richte mich nach Dir und Deinen Bed\u00fcrfnissen. Wir k\u00f6nnen jedes Mal neu festlegen, ob und wie es weitergehen soll.<\/p>\n\n\n\n<p>Bitte trage ins Kommentarfeld ein, ob Du einen Onlinetermin m\u00f6chtest oder ein pers\u00f6nliches Treffen in M\u00fcnchen. Ich schicke Dir dann per Mail oder Messenger den Zugangslink bzw. setze mich mit Dir f\u00fcr eine Verabredung in Verbindung.<\/p>\n\n\n\n<p>Der Preis von 80 EUR gilt pro Session von ein bis zwei Stunden. Nach dem Klick auf &#8222;Weiter&#8220; unter dem Formular wirst Du zu PayPal weitergeleitet. Sollte das f\u00fcr Dich nicht funktionieren, darfst Du Dich auch gerne direkt per <a href=\"mailto:sabine@ggrs.com\">Mail<\/a> oder Messenger (0176-45503994, SMS, WhatsApp, Signal, Threema) bei mir melden. (Dass der Kalender Dich siezt, liegt an der Software &#8230;)<\/p>\n\n\n\n<div style=\"height:20px\" aria-hidden=\"true\" class=\"wp-block-spacer\"><\/div>\n\n\n<\/p> <!-- this p tag fixes a IE bug -->\n<link rel=\"stylesheet\" type=\"text\/css\" href=\"https:\/\/zaunreiterin.eu\/wp-content\/plugins\/appointment-booking-calendar\/inc\/..\/TDE_AppCalendar\/modern\/all-css.css\" \/>\n<script>\nvar pathCalendar = \"\/en\";\nvar cpabc_global_date_format = '2';\nvar cpabc_global_military_time = '1';\nvar cpabc_global_start_weekday = '1';\nvar cpabc_global_mindate = '4\/28\/2026';\nvar cpabc_global_maxdate = '6\/24\/2026';\nvar cpabc_global_close_on_select = true;\nvar cpabc_global_cancel_text = 'Cancel';\nvar cpabc_global_pagedate = '4\/2026';\n<\/script>\n<script type=\"text\/javascript\">\n var cpabc_current_calendar_item;\n var cpabc_current_calendar_initialized = false;\n function apc_clear_date()\n {\n    document.getElementById(\"selDaycal\"+cpabc_current_calendar_item ).value = \"\";\n    cpabc_updateItem();\n }\n function cpabc_updateItem()\n {\n    document.getElementById(\"calarea_\"+cpabc_current_calendar_item).style.display = \"none\";\n    var i = document.FormEdit.cpabc_item.options.selectedIndex;\n    var selecteditem = document.FormEdit.cpabc_item.options[i].value;\n    cpabc_do_init(selecteditem);\n }\n function cpabc_do_init(id)\n {\n    try {\n        cpabc_current_calendar_item = id;\n        document.getElementById(\"calarea_\"+cpabc_current_calendar_item).style.display = \"\";\n        initAppCalendar(\"cal\"+cpabc_current_calendar_item,1,2,\"EN\",{m1:\"Please select the appointment time.\"});        cpabc_current_calendar_initialized = true;\n    } catch (e) {}    \n }\n function updatedate()\n {\n    if (document.getElementById(\"selDaycal\"+cpabc_current_calendar_item ).value != '')\n    {\n        var timead = \"\";\n        var hour = document.getElementById(\"selHourcal\"+cpabc_current_calendar_item ).value;\n        if (cpabc_global_military_time == '0')\n        {\n            if (parseInt(hour) > 12)\n            {\n                timead = \" pm\";\n                hour = parseInt(hour)-12;\n            }\n            else\n                timead = \" am\";\n        }\n        var minute = document.getElementById(\"selMinutecal\"+cpabc_current_calendar_item ).value;\n        if (minute.length == 1)\n            minute = \"0\"+minute;\n        minute = hour + \":\" + minute + timead;\n    }\n }\n <\/script>\n<style>\r\n\/* Core Overlay (dims the background) *\/\r\n.ui-widget-overlay {\r\n    position: fixed;\r\n    top: 0;\r\n    left: 0;\r\n    width: 100%;\r\n    height: 100%;\r\n    background: rgba(0, 0, 0, 0.5);\r\n    z-index: 100;\r\n}\r\n\r\n\/* Main Dialog Container *\/\r\n.ui-dialog {\r\n    position: absolute;\r\n    top: 0;\r\n    left: 0;\r\n    padding: .2em;\r\n    outline: 0;\r\n    background: #fff;\r\n    border: 1px solid #ddd;\r\n    box-shadow: 0 4px 15px rgba(0,0,0,0.2);\r\n    z-index: 101;\r\n}\r\n\r\n\/* Dialog Header *\/\r\n.ui-dialog-titlebar {\r\n    padding: .4em 1em;\r\n    position: relative;\r\n    border-bottom: 1px solid #eee;\r\n    background: #f9f9f9;\r\n    font-weight: bold;\r\n}\r\n\r\n\/* Close Button Position *\/\r\n.ui-dialog-titlebar-close {\r\n    position: absolute;\r\n    right: .3em;\r\n    top: 50%;\r\n    width: 20px;\r\n    margin: -10px 0 0 0;\r\n    padding: 1px;\r\n    height: 20px;\r\n    cursor: pointer;\r\n}\r\n\r\n\/* Content Area *\/\r\n.ui-dialog-content {\r\n    position: relative;\r\n    border: 0;\r\n    padding: .5em 1em;\r\n    background: none;\r\n    overflow: auto;\r\n}\r\n\r\n\/* Button Pane at bottom *\/\r\n.ui-dialog-buttonpane {\r\n    text-align: left;\r\n    border-width: 1px 0 0 0;\r\n    background-image: none;\r\n    margin-top: .5em;\r\n    padding: .3em 1em .5em .4em;\r\n    border-top: 1px solid #eee;\r\n}\r\n<\/style>\r\n<form class=\"cpp_form no-prefetch\" id=\"cp_abcform_pform\" name=\"FormEdit\" action=\"\/en\/psychedelische-integration-11\/?abcnocache=789591\" method=\"post\" onsubmit=\"return doValidate(this);\">\r\n<input name=\"_wpnonce\" type=\"hidden\" value=\"e96a24ce7b\" \/>\r\n<input name=\"cpabc_appointments_post\" type=\"hidden\" value=\"1\" \/><input name=\"cpabc_appointments_utime\" type=\"hidden\"  value=\"\" \/>\r\n<div style=\"display:none\">\r\n  Calendar<br \/>\r\n  <select name=\"cpabc_item\" id=\"cpabc_item\" onchange=\"cpabc_updateItem()\"><option value=1>Calendar Item 1<\/option><\/select><br \/><br \/>\r\n<\/div>\r\n<div class=\"abc_selectdate fields\">Select date and time:<\/div><div id=\"calarea_1\" style=\"display:none\"><input name=\"selDaycal1\" type=\"hidden\" id=\"selDaycal1\" \/><input name=\"selMonthcal1\" type=\"hidden\" id=\"selMonthcal1\" \/><input name=\"selYearcal1\" type=\"hidden\" id=\"selYearcal1\" \/><input name=\"selHourcal1\" type=\"hidden\" id=\"selHourcal1\" \/><input name=\"selMinutecal1\" type=\"hidden\" id=\"selMinutecal1\" \/><div class=\"appContainer\"><div style=\"z-index:1000;\" class=\"appContainer2\"><div id=\"cal1Container\"><\/div><\/div><\/div> <div style=\"clear:both;\"><\/div><div id=\"listcal1\" class=\"listcal\"><\/div><\/div><div style=\"clear:both;\"><\/div>\r\nYour phone number:<br \/>\r\n<input type=\"text\" name=\"phone\" required=\"required\" value=\"\"><br \/>\r\nYour name:<br \/>\r\n<input type=\"text\" name=\"name\" required=\"required\" value=\"\"><br \/>\r\nYour email:<br \/>\r\n<input type=\"email\" name=\"email\" required=\"required\" value=\"\"><br \/>\r\nComments\/Questions:<br \/>\r\n<textarea name=\"question\" style=\"width:100%\"><\/textarea><br \/>\r\n  Please enter the security code:<br \/>\r\n  <img decoding=\"async\" src=\"\/en\/?cpabc_app=captcha&amp;inAdmin=1&amp;width=300&amp;height=100&amp;border=000000&amp;font=font3\"  id=\"captchaimg\" alt=\"security code\" border=\"0\" class=\"skip-lazy\"  \/>\r\n  <br \/>\r\n  Security Code:<br \/>\r\n  <div class=\"dfield\">\r\n  <input type=\"text\" size=\"20\" name=\"hdcaptcha\" required=\"required\" id=\"hdcaptcha\" value=\"\" \/>\r\n  <div class=\"error message\" id=\"hdcaptcha_error\" generated=\"true\" style=\"display:none;position: absolute; left: 0px; top: 25px;\"><\/div>\r\n  <\/div>\r\n  <br \/>\r\n<input type=\"submit\" name=\"subbtn\" class=\"cp_subbtn pbSubmit\" value=\"Continue\">\r\n<div id=\"wrongcaptcha-modal\" title=\"Alert\" style=\"display:none;\">\r\n  <p>Incorrect captcha code. Please try again.<\/p>\r\n<\/div>\r\n<\/form>\r\n\r\n\r\n<script type=\"text\/javascript\">\n var cpabc_click_enabled = true;  \n var cpabc_max_slots = 1;\n var cpabc_max_slots_text = 'Please select a maximum of %1 time-slots. Currently selected: %2 time-slots.';\n cpabc_max_slots_text = cpabc_max_slots_text.replace('%1',cpabc_max_slots);\n cpabc_max_slots_text = cpabc_max_slots_text.replace('%2',cpabc_max_slots);\n cpabc_current_calendar_item = 1;\n cpabc_do_init(cpabc_current_calendar_item);\n setInterval('updatedate()',200);\n function doValidate(form)\n {\n    if (!cpabc_click_enabled) return false;\n    var visitortime = new Date();\n    form.cpabc_appointments_utime.value = \"GMT \" + -visitortime.getTimezoneOffset()\/60;\n    if (form.phone.value == '')\n    {\n        alert('Please enter a valid phone number.');\n        return false;\n    }\n    if (form.email.value == '')\n    {\n        alert('Please enter a valid email address.');\n        return false;\n    }\n    if (form.name.value == '')\n    {\n        alert('Please write your name.');\n        return false;\n    }\n    var selst = \"\"+document.getElementById(\"selDaycal\"+cpabc_current_calendar_item).value;    \n    if (selst == '')\n    {\n        alert('Please select date and time.');\n        return false;\n    }\n    selst = selst.match(\/;\/g);selst = selst.length;\n    if (selst < 1)\n    {\n        var almsg = 'Please select at least %1 time-slots. Currently selected: %2 time-slots.';\n        almsg = almsg.replace('%1','1');\n        almsg = almsg.replace('%2',selst);\n        alert(almsg);\n        return false;\n    }\n    if (selst > 1)\n    {\n        var almsg = 'Please select a maximum of %1 time-slots. Currently selected: %2 time-slots.';\n        almsg = almsg.replace('%1','1');\n        almsg = almsg.replace('%2',selst);\n        alert(almsg);\n        return false;\n    } \n     if (form.hdcaptcha.value == '')\n    {\n        alert('Please enter the captcha verification code.');\n        return false;\n    }\n    $dexQuery = jQuery.noConflict();\n    var result = $dexQuery.ajax({\n        type: \"GET\",\n        url: \"\/en?inAdmin=1\"+String.fromCharCode(38)+\"abcc=1\"+String.fromCharCode(38)+\"hdcaptcha=\"+form.hdcaptcha.value,\n        async: false\n    }).responseText;\n    if (result.indexOf(\"captchafailed\") != -1)\n    {\n        $dexQuery(\"#captchaimg\").attr('src', $dexQuery(\"#captchaimg\").attr('src')+String.fromCharCode(38)+Math.floor((Math.random() * 99999) + 1));\n        cpabc_click_enabled = true;\n        alert('Incorrect captcha code. Please try again.');        \n        return false;\n    }\n    else     {\n        cpabc_click_enabled = false;\n        cpabc_blink(\".cp_subbtn\");\n        return true;\n    }\n }\n function cpabc_blink(selector){\n     try \n     {\n         $dexQuery = jQuery.noConflict();\n         $dexQuery(selector).fadeOut(1000, function(){\n             $dexQuery(this).fadeIn(1000, function(){\n                 if (!cpabc_click_enabled)\n                     cpabc_blink(this); \n             });\n         });\n     } catch (e) {}\n }\n<\/script>    \n    \n<\/div>\n\n\n\n<div class=\"wp-block-column is-layout-flow wp-block-column-is-layout-flow\" style=\"flex-basis:25%\"><\/div>\n<\/div>\n","protected":false},"excerpt":{"rendered":"<p>Psychedelische Erfahrungen &#8211; welcher Art auch immer &#8211; bleiben im luftleeren Raum h\u00e4ngen, wenn sie nicht integriert werden. Integration braucht zun\u00e4chst einmal einen sicheren Raum, in den Du alles einbringen kannst, was Dich bewegt. Vielleicht braucht es dann einfach ein Gespr\u00e4ch. Ich h\u00f6re Dir mit offenem Herzen und offenem Geist zu, nehme Deine Erfahrungen und [&hellip;]<\/p>\n","protected":false},"author":1,"featured_media":354,"parent":0,"menu_order":0,"comment_status":"closed","ping_status":"closed","template":"","meta":{"footnotes":""},"class_list":["post-351","page","type-page","status-publish","has-post-thumbnail","hentry"],"_links":{"self":[{"href":"https:\/\/zaunreiterin.eu\/en\/wp-json\/wp\/v2\/pages\/351","targetHints":{"allow":["GET"]}}],"collection":[{"href":"https:\/\/zaunreiterin.eu\/en\/wp-json\/wp\/v2\/pages"}],"about":[{"href":"https:\/\/zaunreiterin.eu\/en\/wp-json\/wp\/v2\/types\/page"}],"author":[{"embeddable":true,"href":"https:\/\/zaunreiterin.eu\/en\/wp-json\/wp\/v2\/users\/1"}],"replies":[{"embeddable":true,"href":"https:\/\/zaunreiterin.eu\/en\/wp-json\/wp\/v2\/comments?post=351"}],"version-history":[{"count":15,"href":"https:\/\/zaunreiterin.eu\/en\/wp-json\/wp\/v2\/pages\/351\/revisions"}],"predecessor-version":[{"id":1104,"href":"https:\/\/zaunreiterin.eu\/en\/wp-json\/wp\/v2\/pages\/351\/revisions\/1104"}],"wp:featuredmedia":[{"embeddable":true,"href":"https:\/\/zaunreiterin.eu\/en\/wp-json\/wp\/v2\/media\/354"}],"wp:attachment":[{"href":"https:\/\/zaunreiterin.eu\/en\/wp-json\/wp\/v2\/media?parent=351"}],"curies":[{"name":"wp","href":"https:\/\/api.w.org\/{rel}","templated":true}]}}