{"id":900,"date":"2025-05-21T20:45:23","date_gmt":"2025-05-21T18:45:23","guid":{"rendered":"https:\/\/zaunreiterin.eu\/?page_id=900"},"modified":"2026-02-25T12:17:02","modified_gmt":"2026-02-25T10:17:02","slug":"psychedelischer-integrationszirkel","status":"publish","type":"page","link":"https:\/\/zaunreiterin.eu\/en\/psychedelischer-integrationszirkel\/","title":{"rendered":"Psychedelic integration circle"},"content":{"rendered":"<div class=\"wp-block-columns is-layout-flex wp-container-core-columns-is-layout-28f84493 wp-block-columns-is-layout-flex\">\n<div class=\"wp-block-column is-layout-flow wp-block-column-is-layout-flow\" style=\"flex-basis:25%\"><\/div>\n\n\n\n<div class=\"wp-block-column is-layout-flow wp-block-column-is-layout-flow\" style=\"flex-basis:50%\">\n<p class=\"has-text-align-center translation-block\"><strong>An event hosted by the <a href=\"https:\/\/substanzunterstuetzte-therapie.org\/\" target=\"_self\">Institute for Substance-Assisted Therapy<\/a><\/strong><\/p>\n\n\n\n<p class=\"translation-block\">Psychedelic experiences\u2014whatever their nature\u2014remain suspended in a vacuum if they are not integrated. <a href=\"https:\/\/zaunreiterin.eu\/en\/den-rahmen-weiten-psychedelische-integration\/\" data-type=\"page\" data-id=\"348\" target=\"_self\">Integration<\/a>, first and foremost, requires a safe space where you can express everything that moves you.<\/p>\n\n\n\n<p>It can be very helpful to hear about the experiences of others and to have a space where you can share your own experiences with others. Sometimes it is enough just to hear that you are not alone with this or that problem. Or you may have an \u201caha\u201d moment: ah, so that's the connection... Or you may find ideas in the conversation about how to process your experiences.<\/p>\n\n\n\n<p>I am initially offering this sharing circle online. However, if there is sufficient interest, there is also the possibility of a group meeting in person in Munich.<\/p>\n\n\n\n<p>The group is intended to be open; you can attend once, several times, or regularly, depending on your needs and interests.<\/p>\n\n\n\n<p><strong>Dates on rolling weekdays, starting at 7:30 p.m. and lasting as long as needed:<\/strong><\/p>\n\n\n\n<p>Monday, March 23rd, 2026<br>Tuesday, April 21st, 2026<br>Wednesday, May 13th, 2026 (changed date!)<br>Thursday, June 11th, 2026<br>Friday, July 17th, 2026<br>Monday, August 10th, 2026<br>Tuesday, September 22nd, 2026<br>Wednesday, October 28th, 2026<br>Thursday, November 19th, 2026<br>Tuesday, December 15th, 2026<\/p>\n\n\n\n<p><strong>The evenings are currently free of charge.<\/strong><\/p>\n\n\n\n<p>Registration via <a href=\"mailto:sabine@ggrs.com\">email<\/a> or phone\/SMS\/WhatsApp\/Signal\/Threema: +49-176-45503994<\/p>\n\n\n\n<p><\/p>\n<\/div>\n\n\n\n<div class=\"wp-block-column is-layout-flow wp-block-column-is-layout-flow\" style=\"flex-basis:25%\"><\/div>\n<\/div>\n\n\n\n<p><\/p>","protected":false},"excerpt":{"rendered":"<p>Eine Veranstaltung des Instituts f\u00fcr Substanzunterst\u00fctzte Therapie Psychedelische Erfahrungen &#8211; welcher Art auch immer &#8211; bleiben im luftleeren Raum h\u00e4ngen, wenn sie nicht integriert werden. Integration braucht zun\u00e4chst einmal einen sicheren Raum, in den Du alles einbringen kannst, was Dich bewegt. Es kann sehr hilfreich sein, wenn Du von den Erfahrungen anderer h\u00f6rst und einen [&hellip;]<\/p>\n","protected":false},"author":1,"featured_media":902,"parent":0,"menu_order":0,"comment_status":"closed","ping_status":"closed","template":"","meta":{"footnotes":""},"class_list":["post-900","page","type-page","status-publish","has-post-thumbnail","hentry"],"_links":{"self":[{"href":"https:\/\/zaunreiterin.eu\/en\/wp-json\/wp\/v2\/pages\/900","targetHints":{"allow":["GET"]}}],"collection":[{"href":"https:\/\/zaunreiterin.eu\/en\/wp-json\/wp\/v2\/pages"}],"about":[{"href":"https:\/\/zaunreiterin.eu\/en\/wp-json\/wp\/v2\/types\/page"}],"author":[{"embeddable":true,"href":"https:\/\/zaunreiterin.eu\/en\/wp-json\/wp\/v2\/users\/1"}],"replies":[{"embeddable":true,"href":"https:\/\/zaunreiterin.eu\/en\/wp-json\/wp\/v2\/comments?post=900"}],"version-history":[{"count":11,"href":"https:\/\/zaunreiterin.eu\/en\/wp-json\/wp\/v2\/pages\/900\/revisions"}],"predecessor-version":[{"id":1274,"href":"https:\/\/zaunreiterin.eu\/en\/wp-json\/wp\/v2\/pages\/900\/revisions\/1274"}],"wp:featuredmedia":[{"embeddable":true,"href":"https:\/\/zaunreiterin.eu\/en\/wp-json\/wp\/v2\/media\/902"}],"wp:attachment":[{"href":"https:\/\/zaunreiterin.eu\/en\/wp-json\/wp\/v2\/media?parent=900"}],"curies":[{"name":"wp","href":"https:\/\/api.w.org\/{rel}","templated":true}]}}