{"id":985,"date":"2025-05-22T15:22:12","date_gmt":"2025-05-22T13:22:12","guid":{"rendered":"https:\/\/zaunreiterin.eu\/?page_id=985"},"modified":"2025-05-23T11:18:41","modified_gmt":"2025-05-23T09:18:41","slug":"psychedelisches","status":"publish","type":"page","link":"https:\/\/zaunreiterin.eu\/en\/psychedelisches\/","title":{"rendered":"Psychedelic events"},"content":{"rendered":"<div class=\"wp-block-columns is-layout-flex wp-container-core-columns-is-layout-28f84493 wp-block-columns-is-layout-flex\">\n<div class=\"wp-block-column is-layout-flow wp-block-column-is-layout-flow\" style=\"flex-basis:25%\"><\/div>\n\n\n\n<div class=\"wp-block-column is-layout-flow wp-block-column-is-layout-flow\" style=\"flex-basis:50%\">\n<p>By using the word \u201cpsychedelic,\u201d I go beyond the narrow meaning of the term and mean experiences that are had in deeply altered states of consciousness: that which reveals the soul.<\/p>\n\n\n\n<p>But it's not just about the experiences themselves, it's also about good preparation before and integration after the experience. I want to contribute to this with my offerings. Preparation and integration are available to you regardless of whether you participate in a retreat with me or not.<\/p>\n\n\n<ul class=\"wp-block-list is-layout-flex wp-container-core-list-is-layout-fe9cc265 wp-block-list-is-layout-flex\" style=\"\">\n<li>the experience: <a href=\"https:\/\/zaunreiterin.eu\/en\/psychedelisches-retreat-fuer-frauen\/\" data-type=\"page\" data-id=\"937\">Psychedelic retreat for women<\/a>\n<\/li>\n\n\n\n<li>the supplementary preparation: <a href=\"https:\/\/zaunreiterin.eu\/en\/psychedelisches-coaching\/\" data-type=\"page\" data-id=\"888\">Psychedelic coaching<\/a>\n<\/li>\n\n\n\n<li>general information about integration: <a href=\"https:\/\/zaunreiterin.eu\/en\/den-rahmen-weiten-psychedelische-integration\/\" data-type=\"page\" data-id=\"348\">Den Rahmen weiten<\/a>\n<\/li>\n\n\n\n<li>the supplementary follow-up work: <a href=\"https:\/\/zaunreiterin.eu\/en\/psychedelischer-integrationszirkel\/\" data-type=\"page\" data-id=\"900\">Integration circle<\/a>\n<\/li>\n\n\n\n<li>the supplementary follow-up work: <a href=\"https:\/\/zaunreiterin.eu\/en\/psychedelische-integration-11\/\" data-type=\"page\" data-id=\"351\">Integration 1:1<\/a>\n<\/li>\n<\/ul>\n<\/div>\n\n\n\n<div class=\"wp-block-column is-layout-flow wp-block-column-is-layout-flow\" style=\"flex-basis:25%\"><\/div>\n<\/div>\n\n\n\n<p><\/p>","protected":false},"excerpt":{"rendered":"<p>Mit &#8222;psychedelisch&#8220; meine ich \u00fcber die engere Bedeutung des Begriffs hinaus Erfahrungen, die in tiefen ver\u00e4nderten Bewusstseinszust\u00e4nden gemacht werden: das, was die Seele offenbar werden l\u00e4sst. Doch es geht nicht nur um die Erfahrungen selbst, sondern auch um eine gute Vorbereitung und um die Integration nach der Erfahrung. Mit meinen Angeboten m\u00f6chte ich dazu beitragen. [&hellip;]<\/p>\n","protected":false},"author":1,"featured_media":986,"parent":0,"menu_order":0,"comment_status":"closed","ping_status":"closed","template":"","meta":{"footnotes":""},"class_list":["post-985","page","type-page","status-publish","has-post-thumbnail","hentry"],"_links":{"self":[{"href":"https:\/\/zaunreiterin.eu\/en\/wp-json\/wp\/v2\/pages\/985","targetHints":{"allow":["GET"]}}],"collection":[{"href":"https:\/\/zaunreiterin.eu\/en\/wp-json\/wp\/v2\/pages"}],"about":[{"href":"https:\/\/zaunreiterin.eu\/en\/wp-json\/wp\/v2\/types\/page"}],"author":[{"embeddable":true,"href":"https:\/\/zaunreiterin.eu\/en\/wp-json\/wp\/v2\/users\/1"}],"replies":[{"embeddable":true,"href":"https:\/\/zaunreiterin.eu\/en\/wp-json\/wp\/v2\/comments?post=985"}],"version-history":[{"count":3,"href":"https:\/\/zaunreiterin.eu\/en\/wp-json\/wp\/v2\/pages\/985\/revisions"}],"predecessor-version":[{"id":1011,"href":"https:\/\/zaunreiterin.eu\/en\/wp-json\/wp\/v2\/pages\/985\/revisions\/1011"}],"wp:featuredmedia":[{"embeddable":true,"href":"https:\/\/zaunreiterin.eu\/en\/wp-json\/wp\/v2\/media\/986"}],"wp:attachment":[{"href":"https:\/\/zaunreiterin.eu\/en\/wp-json\/wp\/v2\/media?parent=985"}],"curies":[{"name":"wp","href":"https:\/\/api.w.org\/{rel}","templated":true}]}}